{"id":601,"date":"2023-02-20T04:24:12","date_gmt":"2023-02-20T04:24:12","guid":{"rendered":"https:\/\/bybatt.com\/?post_type=product&#038;p=601"},"modified":"2023-02-20T04:36:07","modified_gmt":"2023-02-20T04:36:07","slug":"24v-10ah-rechargeable-18650-battery-cells-battery-pack","status":"publish","type":"product","link":"https:\/\/bybatt.com\/hr\/proizvod\/24v-10ah-rechargeable-18650-battery-cells-battery-pack\/","title":{"rendered":"24V 10Ah punjiva 18650 baterija \u0107elija baterija"},"content":{"rendered":"","protected":false},"excerpt":{"rendered":"<p>Proizvod koji se opisuje je punjiva baterija od 24 V i 10 Ah koja se sastoji od 18650 baterijskih \u0107elija. Baterija se sastoji od 28 \u0107elija, raspore\u0111enih u 7-paralelnu konfiguraciju 4-serije, pri \u010demu svaka \u0107elija ima nominalni kapacitet od 2500 mAh i nominalni napon od 3,7 V.<br \/>\nBaterija ima otpor izvora manji od 40 m\u03a9, napon prekida pra\u017enjenja od 41+\/-1 V i napon prekida punjenja od 29,4 V. Ima nazivnu struju pra\u017enjenja od 10 A, trenutnu maksimalnu struju pra\u017enjenja od 30 A i maksimalnu kontinuiranu struju pra\u017enjenja od 20 A. Maksimalna kontinuirana struja punjenja je 5A, a na\u010din punjenja je CC\/CV, sa standardnom strujom punjenja od 2A i vremenom punjenja od 5 sati pri standardnoj struji punjenja. Brzo punjenje tako\u0111er je dostupno sa strujom brzog punjenja od 5 A i vremenom punjenja od 2 sata pod strujom brzog punjenja.<br \/>\nBaterija mo\u017ee raditi u \u0161irokom rasponu temperatura od -20 \u2013 60\u00b0C i za punjenje i za pra\u017enjenje. Veli\u010dina paketa baterija je 225 x 130 x 85 mm, s neto te\u017einom od 2 kg i bruto te\u017einom od 2,5 kg. Proizvo\u0111a\u010d potvr\u0111uje da su sve \u0107elije koje se koriste u baterijskom paketu 100% nove.<\/p>","protected":false},"featured_media":602,"template":"","meta":{"_kad_post_transparent":"default","_kad_post_title":"","_kad_post_layout":"default","_kad_post_sidebar_id":"","_kad_post_content_style":"default","_kad_post_vertical_padding":"default","_kad_post_feature":"","_kad_post_feature_position":"","_kad_post_header":false,"_kad_post_footer":false},"product_cat":[19,21],"product_tag":[360,359,361,362,352,363],"class_list":["post-601","product","type-product","status-publish","has-post-thumbnail","hentry","product_cat-custom-ebike-battery","product_cat-down-tube-ebike-battery","product_tag-18650-battery-cells","product_tag-18650-battery-cells-battery-pack","product_tag-24v-10ah-silver-battery","product_tag-battery-rechargeable","product_tag-lithium-ion-battery-pack","product_tag-lithium-ion-e-bike-batteries-in-aluminum-cases","entry","content-bg","loop-entry"],"_links":{"self":[{"href":"https:\/\/bybatt.com\/hr\/wp-json\/wp\/v2\/product\/601","targetHints":{"allow":["GET"]}}],"collection":[{"href":"https:\/\/bybatt.com\/hr\/wp-json\/wp\/v2\/product"}],"about":[{"href":"https:\/\/bybatt.com\/hr\/wp-json\/wp\/v2\/types\/product"}],"wp:featuredmedia":[{"embeddable":true,"href":"https:\/\/bybatt.com\/hr\/wp-json\/wp\/v2\/media\/602"}],"wp:attachment":[{"href":"https:\/\/bybatt.com\/hr\/wp-json\/wp\/v2\/media?parent=601"}],"wp:term":[{"taxonomy":"product_cat","embeddable":true,"href":"https:\/\/bybatt.com\/hr\/wp-json\/wp\/v2\/product_cat?post=601"},{"taxonomy":"product_tag","embeddable":true,"href":"https:\/\/bybatt.com\/hr\/wp-json\/wp\/v2\/product_tag?post=601"}],"curies":[{"name":"wp","href":"https:\/\/api.w.org\/{rel}","templated":true}]}}