{"id":608,"date":"2023-02-20T04:38:46","date_gmt":"2023-02-20T04:38:46","guid":{"rendered":"https:\/\/bybatt.com\/?post_type=product&#038;p=608"},"modified":"2023-03-05T16:17:06","modified_gmt":"2023-03-05T16:17:06","slug":"24v-8ah-silverfish-ebike-battery-electric-bike-battery","status":"publish","type":"product","link":"https:\/\/bybatt.com\/hr\/proizvod\/24v-8ah-silverfish-ebike-battery-electric-bike-battery\/","title":{"rendered":"24V 8Ah Silverfish Ebike baterija Baterija za elektri\u010dni bicikl"},"content":{"rendered":"","protected":false},"excerpt":{"rendered":"<p>24V 8Ah Silverfish Ebike baterija je baterija za elektri\u010dni bicikl napravljena od 100% novih Li-ion baterijskih \u0107elija. Ima nazivni napon od 24 V ili 36 V i nazivni kapacitet od 8 Ah, 10 Ah, 15 Ah ili 20 Ah, ovisno o odabranoj konfiguraciji. Dostupne konfiguracije su 7S4P, 7S6P ili 7S8P, a baterije koje se koriste su \u0107elije razreda 18650 A.<br \/>\nBaterija dolazi s 15A BMS prikladnim za kori\u0161tenje s motorom od 250W i punja\u010dem s izlazom od 29,4V 2A. Grani\u010dni napon pra\u017enjenja postavljen je na 19,6 V, a baterija je dimenzija 425*77*85 mm i te\u017eine 2,5 kg, 3 kg ili 3,8 kg, ovisno o odabranoj konfiguraciji.<br \/>\nBaterija ima \u017eivotni ciklus od najmanje 800 puta i mo\u017ee raditi na temperaturama u rasponu od -10 do 45 Celzija. Pogodan je za kori\u0161tenje kao baterija za e-bicikl, za kori\u0161tenje u rik\u0161ama, triciklima i motociklima. Baterija ima za\u0161titu od prekomjernog punjenja, za\u0161titu od prekomjernog pra\u017enjenja, za\u0161titu od prekomjerne struje, za\u0161titu od kratkog spoja i za\u0161titu od otpora.<br \/>\nNapon punjenja je uravnote\u017een za jedno\u0107elijsko punjenje, a maksimalna trajna struja punjenja i maksimalna trajna struja pra\u017enjenja ovise o odabranoj konfiguraciji. Sve u svemu, ova je baterija opcija visoke kvalitete za one koji \u017eele napajati svoje elektri\u010dne bicikle i druga vozila.<\/p>","protected":false},"featured_media":609,"template":"","meta":{"_kad_post_transparent":"default","_kad_post_title":"","_kad_post_layout":"default","_kad_post_sidebar_id":"","_kad_post_content_style":"default","_kad_post_vertical_padding":"default","_kad_post_feature":"","_kad_post_feature_position":"","_kad_post_header":false,"_kad_post_footer":false},"product_cat":[19,21],"product_tag":[365,52,41,366,364],"class_list":["post-608","product","type-product","status-publish","has-post-thumbnail","hentry","product_cat-custom-ebike-battery","product_cat-down-tube-ebike-battery","product_tag-24v-8ah-lithium-ion-batteries","product_tag-battery","product_tag-electric-bicycle-battery","product_tag-lithium-battery","product_tag-silverfish-ebike-battery","entry","content-bg","loop-entry"],"_links":{"self":[{"href":"https:\/\/bybatt.com\/hr\/wp-json\/wp\/v2\/product\/608","targetHints":{"allow":["GET"]}}],"collection":[{"href":"https:\/\/bybatt.com\/hr\/wp-json\/wp\/v2\/product"}],"about":[{"href":"https:\/\/bybatt.com\/hr\/wp-json\/wp\/v2\/types\/product"}],"wp:featuredmedia":[{"embeddable":true,"href":"https:\/\/bybatt.com\/hr\/wp-json\/wp\/v2\/media\/609"}],"wp:attachment":[{"href":"https:\/\/bybatt.com\/hr\/wp-json\/wp\/v2\/media?parent=608"}],"wp:term":[{"taxonomy":"product_cat","embeddable":true,"href":"https:\/\/bybatt.com\/hr\/wp-json\/wp\/v2\/product_cat?post=608"},{"taxonomy":"product_tag","embeddable":true,"href":"https:\/\/bybatt.com\/hr\/wp-json\/wp\/v2\/product_tag?post=608"}],"curies":[{"name":"wp","href":"https:\/\/api.w.org\/{rel}","templated":true}]}}