{"id":205,"date":"2023-02-15T13:30:02","date_gmt":"2023-02-15T13:30:02","guid":{"rendered":"https:\/\/bybatt.com\/?post_type=product&#038;p=205"},"modified":"2023-02-15T15:11:20","modified_gmt":"2023-02-15T15:11:20","slug":"rechargeable-36-volt-lithium-battery-for-electric-bike","status":"publish","type":"product","link":"https:\/\/bybatt.com\/hu\/termek\/rechargeable-36-volt-lithium-battery-for-electric-bike\/","title":{"rendered":"\u00dajrat\u00f6lthet\u0151 36 V-os l\u00edtium akkumul\u00e1tor elektromos ker\u00e9kp\u00e1rhoz"},"content":{"rendered":"","protected":false},"excerpt":{"rendered":"<p>Bemutatjuk 36 V-os \u00fajrat\u00f6lthet\u0151 l\u00edtium-ion akkumul\u00e1torunkat, amely sz\u00e1mos alkalmaz\u00e1shoz t\u00f6k\u00e9letes. 36 V n\u00e9vleges fesz\u00fclts\u00e9g\u00e9vel \u00e9s 42,5 V t\u00f6lt\u00e9si fesz\u00fclts\u00e9g\u00e9vel ez az akkumul\u00e1tor megb\u00edzhat\u00f3 \u00e9s hossz\u00fa \u00e9lettartamot biztos\u00edt. A k\u00e9t n\u00e9vleges kapacit\u00e1ssal, 10,5 Ah-val \u00e9s 17,5 Ah-val kaphat\u00f3, ez az akkumul\u00e1tor sz\u00e1mos ig\u00e9nyt kiel\u00e9g\u00edt.<br \/>\nAz akkumul\u00e1tor szabv\u00e1nyos t\u00f6lt\u0151\u00e1rama 4A, folyamatos kis\u00fcl\u00e9si \u00e1rama 20A, cs\u00facskis\u00fcl\u00e9si \u00e1rama 25A. A kis\u00fcl\u00e9si megszak\u00edt\u00f3 fesz\u00fclts\u00e9g 27,5 V, amely biztons\u00e1gos \u00e9s megb\u00edzhat\u00f3 kis\u00fct\u00e9st biztos\u00edt.<br \/>\nAkkumul\u00e1torunk intelligens UART BMS megold\u00e1st haszn\u00e1l, amely biztos\u00edtja, hogy minden haszn\u00e1lt cella 100% \u00faj legyen. T\u00f6lt\u0151fesz\u00fclts\u00e9g-kiegyenl\u00edt\u0151 fesz\u00fclts\u00e9ggel is rendelkezik az egyes cell\u00e1khoz, valamint t\u00falt\u00f6lt\u00e9s-, t\u00falkis\u00fcl\u00e9s-, t\u00fal\u00e1ram- \u00e9s r\u00f6vidz\u00e1rlat elleni v\u00e9delemmel. Az akkumul\u00e1tor \u00e9lettartama t\u00f6bb mint 500-szoros, \u00e9s fekete sz\u00ednben kaphat\u00f3.<br \/>\nEz az akkumul\u00e1tor k\u00f6nny\u0171, k\u00f6r\u00fclbel\u00fcl 3 kg t\u00f6meg\u0171, \u00edgy k\u00f6nnyen sz\u00e1ll\u00edthat\u00f3 \u00e9s sz\u00e1mos alkalmaz\u00e1si ter\u00fcleten haszn\u00e1lhat\u00f3. A t\u00f6lt\u00e9si m\u00f3d egyen\u00e1ram\u00fa t\u00e1pegys\u00e9gen\/t\u00f6lt\u0151n kereszt\u00fcl t\u00f6rt\u00e9nik, \u00e9s az akkumul\u00e1tor t\u00f6lt\u00e9si h\u0151m\u00e9rs\u00e9klete 10\u00b0C \u00e9s 45\u00b0C k\u00f6z\u00f6tt, kis\u00fcl\u00e9si h\u0151m\u00e9rs\u00e9klete pedig -20\u00b0C \u00e9s 60\u00b0C k\u00f6z\u00f6tt van.<br \/>\nV\u00e1lassza 36 V-os \u00fajrat\u00f6lthet\u0151 l\u00edtium-ion akkumul\u00e1torunkat egy megb\u00edzhat\u00f3, nagy teljes\u00edtm\u00e9ny\u0171 energiamegold\u00e1shoz, amely minden ig\u00e9nyt kiel\u00e9g\u00edt.<\/p>","protected":false},"featured_media":208,"template":"","meta":{"_kad_post_transparent":"default","_kad_post_title":"","_kad_post_layout":"default","_kad_post_sidebar_id":"","_kad_post_content_style":"default","_kad_post_vertical_padding":"default","_kad_post_feature":"","_kad_post_feature_position":"","_kad_post_header":false,"_kad_post_footer":false},"product_cat":[20,19],"product_tag":[38,43,44,41,40,42,39],"class_list":["post-205","product","type-product","status-publish","has-post-thumbnail","hentry","product_cat-smart-ebike-battery","product_cat-custom-ebike-battery","product_tag-36-volt-lithium-battery","product_tag-ebike-battery","product_tag-ebike-conversion-kit","product_tag-electric-bicycle-battery","product_tag-electric-bike-lithium-battery","product_tag-lithium-ion-battery","product_tag-rechargeable-lithium-battery","entry","content-bg","loop-entry"],"_links":{"self":[{"href":"https:\/\/bybatt.com\/hu\/wp-json\/wp\/v2\/product\/205","targetHints":{"allow":["GET"]}}],"collection":[{"href":"https:\/\/bybatt.com\/hu\/wp-json\/wp\/v2\/product"}],"about":[{"href":"https:\/\/bybatt.com\/hu\/wp-json\/wp\/v2\/types\/product"}],"wp:featuredmedia":[{"embeddable":true,"href":"https:\/\/bybatt.com\/hu\/wp-json\/wp\/v2\/media\/208"}],"wp:attachment":[{"href":"https:\/\/bybatt.com\/hu\/wp-json\/wp\/v2\/media?parent=205"}],"wp:term":[{"taxonomy":"product_cat","embeddable":true,"href":"https:\/\/bybatt.com\/hu\/wp-json\/wp\/v2\/product_cat?post=205"},{"taxonomy":"product_tag","embeddable":true,"href":"https:\/\/bybatt.com\/hu\/wp-json\/wp\/v2\/product_tag?post=205"}],"curies":[{"name":"wp","href":"https:\/\/api.w.org\/{rel}","templated":true}]}}