{"id":223,"date":"2023-02-16T03:51:27","date_gmt":"2023-02-16T03:51:27","guid":{"rendered":"https:\/\/bybatt.com\/?post_type=product&#038;p=223"},"modified":"2023-02-16T04:04:58","modified_gmt":"2023-02-16T04:04:58","slug":"original-xiaomi-no-9-36v-electric-scooter-lithium-battery","status":"publish","type":"product","link":"https:\/\/bybatt.com\/hu\/termek\/original-xiaomi-no-9-36v-electric-scooter-lithium-battery\/","title":{"rendered":"Eredeti Xiaomi No.9 36V elektromos robog\u00f3 l\u00edtium akkumul\u00e1tor"},"content":{"rendered":"","protected":false},"excerpt":{"rendered":"<p>Bemutatjuk a Xiaomi No. 9 elektromos robog\u00f3 l\u00edtium akkumul\u00e1tor\u00e1t, amely t\u00f6k\u00e9letes t\u00e1rs sz\u00e9nsz\u00e1las elektromos robog\u00f3j\u00e1hoz. Ez az akkumul\u00e1torcsomag 24V, 36V \u00e9s 48V v\u00e1ltozatban kaphat\u00f3, 4-12Ah kapacit\u00e1ssal. A term\u00e9k m\u00e9rete az \u00d6n ig\u00e9nyei szerint testreszabhat\u00f3.<br \/>\nA Xiaomi No. 9 Electric Scooter Lithium Battery vadonat\u00faj A-kateg\u00f3ri\u00e1s, aut\u00f3ipari min\u0151s\u00e9g\u0171 18650 teljes\u00edtm\u00e9ny\u0171 l\u00edtium akkumul\u00e1torokb\u00f3l k\u00e9sz\u00fcl, amelyek megb\u00edzhat\u00f3s\u00e1gukr\u00f3l \u00e9s nagy teljes\u00edtm\u00e9ny\u00fckr\u0151l ismertek. Import\u00e1lt IC v\u00e9d\u0151lapokkal van \u00f6sszeszerelve, \u00edgy biztos\u00edtva a biztons\u00e1gos m\u0171k\u00f6d\u00e9st. A gy\u00e1r elhagy\u00e1sa el\u0151tt ez a term\u00e9k \u00f6reged\u00e9si teszten megy kereszt\u00fcl, hogy megbizonyosodjon arr\u00f3l, hogy megfelel a legmagasabb min\u0151s\u00e9gi el\u0151\u00edr\u00e1soknak.<br \/>\nEz az akkumul\u00e1torcsomag 1 \u00e9v garanci\u00e1t ad a h\u00e1ztart\u00e1si akkumul\u00e1torokra \u00e9s 2 \u00e9v garanci\u00e1t az import\u00e1lt akkumul\u00e1torokra. Az akkumul\u00e1torcsomagon k\u00edv\u00fcl ez a term\u00e9k minden sz\u00fcks\u00e9ges tartoz\u00e9kot is tartalmaz, p\u00e9ld\u00e1ul dokumentumokat, hogy mindennel rendelkezzen, ami az indul\u00e1shoz sz\u00fcks\u00e9ges.<br \/>\nAk\u00e1r munk\u00e1ba j\u00e1r, ak\u00e1r a v\u00e1rost fedezi fel, a Xiaomi No. 9 elektromos robog\u00f3 l\u00edtium akkumul\u00e1tora biztos\u00edtja az \u00d6n sz\u00e1m\u00e1ra azt az er\u0151t \u00e9s megb\u00edzhat\u00f3s\u00e1got, amelyre sz\u00fcks\u00e9ge van ahhoz, hogy eljussunk oda, ahov\u00e1 \u00e9ppen megy\u00fcnk. Rendelje meg most, \u00e9s tapasztalja meg ennek az eredeti K\u00edn\u00e1ban gy\u00e1rtott term\u00e9knek a k\u00e9nyelm\u00e9t!<\/p>","protected":false},"featured_media":224,"template":"","meta":{"_kad_post_transparent":"default","_kad_post_title":"","_kad_post_layout":"default","_kad_post_sidebar_id":"","_kad_post_content_style":"default","_kad_post_vertical_padding":"default","_kad_post_feature":"","_kad_post_feature_position":"","_kad_post_header":false,"_kad_post_footer":false},"product_cat":[33],"product_tag":[48,52,51,47,46,50,49],"class_list":["post-223","product","type-product","status-publish","has-post-thumbnail","hentry","product_cat-custom-battery-pack","product_tag-36v-scooter-lithium-battery","product_tag-battery","product_tag-battery-electric-bike","product_tag-electric-scooter-lithium-battery","product_tag-original-xiaomi-lithium-battery","product_tag-xiaomi-ebike-battery","product_tag-xiaomi-no-9-lithium-battery","entry","content-bg","loop-entry"],"_links":{"self":[{"href":"https:\/\/bybatt.com\/hu\/wp-json\/wp\/v2\/product\/223","targetHints":{"allow":["GET"]}}],"collection":[{"href":"https:\/\/bybatt.com\/hu\/wp-json\/wp\/v2\/product"}],"about":[{"href":"https:\/\/bybatt.com\/hu\/wp-json\/wp\/v2\/types\/product"}],"wp:featuredmedia":[{"embeddable":true,"href":"https:\/\/bybatt.com\/hu\/wp-json\/wp\/v2\/media\/224"}],"wp:attachment":[{"href":"https:\/\/bybatt.com\/hu\/wp-json\/wp\/v2\/media?parent=223"}],"wp:term":[{"taxonomy":"product_cat","embeddable":true,"href":"https:\/\/bybatt.com\/hu\/wp-json\/wp\/v2\/product_cat?post=223"},{"taxonomy":"product_tag","embeddable":true,"href":"https:\/\/bybatt.com\/hu\/wp-json\/wp\/v2\/product_tag?post=223"}],"curies":[{"name":"wp","href":"https:\/\/api.w.org\/{rel}","templated":true}]}}