{"id":230,"date":"2023-02-16T04:08:07","date_gmt":"2023-02-16T04:08:07","guid":{"rendered":"https:\/\/bybatt.com\/?post_type=product&#038;p=230"},"modified":"2023-02-16T04:25:03","modified_gmt":"2023-02-16T04:25:03","slug":"8-5-inch-universal-original-battery-pack-for-xiaomi-scooter","status":"publish","type":"product","link":"https:\/\/bybatt.com\/hu\/termek\/8-5-inch-universal-original-battery-pack-for-xiaomi-scooter\/","title":{"rendered":"8,5 h\u00fcvelykes univerz\u00e1lis eredeti akkumul\u00e1torcsomag Xiaomi Scooterhez"},"content":{"rendered":"","protected":false},"excerpt":{"rendered":"<p>Bemutatjuk 8,5 h\u00fcvelykes univerz\u00e1lis eredeti akkumul\u00e1tor csomagunkat Xiaomi M365 robog\u00f3hoz! A 36 V n\u00e9vleges fesz\u00fclts\u00e9ggel \u00e9s 7,5-10,4 A kapacit\u00e1ssal rendelkez\u0151 akkumul\u00e1torcsomag kiv\u00e1l\u00f3 min\u0151s\u00e9g\u0171 LG h\u00e1ztart\u00e1si akkumul\u00e1tor m\u00e1rk\u00e1t tartalmaz, \u00e9s 30-40 csom\u00f3s 10s3P sebess\u00e9gre tervezt\u00e9k. 15-20A kimen\u0151 \u00e1ram \u00e9s 250-350 watt teljes\u00edtm\u00e9ny mellett 25-50 kilom\u00e9teres fut\u00e1steljes\u00edtm\u00e9nyre sz\u00e1m\u00edthatunk egy felt\u00f6lt\u00e9ssel.<br \/>\nEz az akkumul\u00e1torcsomag 71 watt n\u00e9vleges t\u00f6lt\u0151vel \u00e9s 100-240V~, 50\/60Hz t\u00f6lt\u0151 n\u00e9vleges bemeneti fesz\u00fclts\u00e9ggel \u00e9rkezik. Az akkumul\u00e1tor t\u00f6lt\u00e9si hat\u00e1rfesz\u00fclts\u00e9ge 42 V, a t\u00f6lt\u00e9si id\u0151 pedig k\u00f6r\u00fclbel\u00fcl 4 \u00f3ra.<br \/>\nAz intelligens BMS-sel felszerelt akkumul\u00e1torcsomag h\u0151m\u00e9rs\u00e9klet-rendelleness\u00e9g\/z\u00e1rlat\/fesz\u00fclts\u00e9gcs\u00f6kken\u00e9s ellen automatikus alv\u00f3\/t\u00fal\u00e1ram-\/dupla t\u00falt\u00f6lt\u00e9s\/kett\u0151s t\u00falkis\u00fcl\u00e9s elleni v\u00e9delmet biztos\u00edt, \u00edgy garant\u00e1lja az \u00d6n biztons\u00e1g\u00e1t a robog\u00f3 haszn\u00e1lata k\u00f6zben.<br \/>\nA 28,7 * 4 * 7 cm hossz\u00fa \u00e9s 1,8 kg t\u00f6meg\u0171 akkumul\u00e1torcsomag egyetlen kartondobozba van csomagolva, amelynek m\u00e9rete 65 * 10 * 10 cm, s\u00falya pedig 2 kg. Csak az eredeti Xiaomi aut\u00f3val kompatibilis (kommunik\u00e1ci\u00f3val), \u00e9s gyakran haszn\u00e1lj\u00e1k a piacon az eredeti Mi Pro, Pro2, 1S, M365 modellekben. Friss\u00edtse Xiaomi M365 robog\u00f3j\u00e1t kiv\u00e1l\u00f3 min\u0151s\u00e9g\u0171 akkumul\u00e1torunkkal m\u00e9g ma!<\/p>","protected":false},"featured_media":231,"template":"","meta":{"_kad_post_transparent":"default","_kad_post_title":"","_kad_post_layout":"default","_kad_post_sidebar_id":"","_kad_post_content_style":"default","_kad_post_vertical_padding":"default","_kad_post_feature":"","_kad_post_feature_position":"","_kad_post_header":false,"_kad_post_footer":false},"product_cat":[33],"product_tag":[55,54,53,56,59,57,58],"class_list":["post-230","product","type-product","status-publish","has-post-thumbnail","hentry","product_cat-custom-battery-pack","product_tag-8-5-inch-universal-battery-pack","product_tag-original-xiaomi-scooter-battery-pack","product_tag-universal-original-battery-pack","product_tag-xiaomi-m365-scooter-battery-pack","product_tag-xiaomi-mi-1s-scooter-battery-pack","product_tag-xiaomi-mi-pro-scooter-battery-pack","product_tag-xiaomi-mi-pro2-scooter-battery-pack","entry","content-bg","loop-entry"],"_links":{"self":[{"href":"https:\/\/bybatt.com\/hu\/wp-json\/wp\/v2\/product\/230","targetHints":{"allow":["GET"]}}],"collection":[{"href":"https:\/\/bybatt.com\/hu\/wp-json\/wp\/v2\/product"}],"about":[{"href":"https:\/\/bybatt.com\/hu\/wp-json\/wp\/v2\/types\/product"}],"wp:featuredmedia":[{"embeddable":true,"href":"https:\/\/bybatt.com\/hu\/wp-json\/wp\/v2\/media\/231"}],"wp:attachment":[{"href":"https:\/\/bybatt.com\/hu\/wp-json\/wp\/v2\/media?parent=230"}],"wp:term":[{"taxonomy":"product_cat","embeddable":true,"href":"https:\/\/bybatt.com\/hu\/wp-json\/wp\/v2\/product_cat?post=230"},{"taxonomy":"product_tag","embeddable":true,"href":"https:\/\/bybatt.com\/hu\/wp-json\/wp\/v2\/product_tag?post=230"}],"curies":[{"name":"wp","href":"https:\/\/api.w.org\/{rel}","templated":true}]}}