{"id":240,"date":"2023-02-16T04:43:33","date_gmt":"2023-02-16T04:43:33","guid":{"rendered":"https:\/\/bybatt.com\/?post_type=product&#038;p=240"},"modified":"2023-03-05T16:17:25","modified_gmt":"2023-03-05T16:17:25","slug":"byd-lifepo4-lead-acid-replacement-battery-for-solar-system","status":"publish","type":"product","link":"https:\/\/bybatt.com\/hu\/termek\/byd-lifepo4-lead-acid-replacement-battery-for-solar-system\/","title":{"rendered":"BYD LiFePO4 \u00f3lomsav csereakkumul\u00e1tor napelemes rendszerhez"},"content":{"rendered":"","protected":false},"excerpt":{"rendered":"<p>Bemutatjuk \u00f3lomakkumul\u00e1torunkat, amely t\u00f6k\u00e9letes napkollektoros rendszerekhez \u00e9s \u00f3lomsavas akkumul\u00e1torok cser\u00e9j\u00e9hez. Akkumul\u00e1toraink 100% \u00faj cell\u00e1kkal k\u00e9sz\u00fclnek, biztos\u00edtva a maxim\u00e1lis teljes\u00edtm\u00e9nyt \u00e9s megb\u00edzhat\u00f3s\u00e1got. A 12,8 V n\u00e9vleges fesz\u00fclts\u00e9ggel \u00e9s a 60 Ah, 100 Ah, 150 Ah, 200 Ah \u00e9s 250 Ah k\u00f6z\u00f6tti kapacit\u00e1sok sz\u00e9les v\u00e1laszt\u00e9k\u00e1val megtal\u00e1lhatja az ig\u00e9nyeinek legink\u00e1bb megfelel\u0151t.<br \/>\n12 V-os l\u00edtium akkumul\u00e1toraink ide\u00e1lisak napelemes rendszerekhez, megb\u00edzhat\u00f3 \u00e1ramforr\u00e1st biztos\u00edtva az \u00d6n energiasz\u00fcks\u00e9gleteinek kiel\u00e9g\u00edt\u00e9s\u00e9re. A 200Ah\/2560Wh n\u00e9vleges kapacit\u00e1ssal hosszan tart\u00f3 teljes\u00edtm\u00e9nyt \u00e9lvezhet, amely nem hagy cserben.<br \/>\nAkkumul\u00e1toraink k\u00f6nnyen beszerelhet\u0151k, p\u00e1rhuzamosan vagy sorosan kapcsolhat\u00f3k 25,6 V fesz\u00fclts\u00e9g el\u00e9r\u00e9s\u00e9hez. R\u00e1ad\u00e1sul minden akkumul\u00e1torba integr\u00e1lt fejlett akkumul\u00e1tor-kezel\u0151 rendszer\u00fcnkkel (BMS) biztos lehet benne, hogy akkumul\u00e1tora mindig optim\u00e1lisan \u00e9s biztons\u00e1gosan m\u0171k\u00f6dik.<br \/>\nAkkumul\u00e1toraink is strapab\u00edr\u00f3 ABS+PC anyagb\u00f3l k\u00e9sz\u00fclnek, \u00edgy biztos\u00edtva a hosszan tart\u00f3 v\u00e9delmet az elemekkel \u00e9s az esetleges elhaszn\u00e1l\u00f3d\u00e1ssal szemben. Ha megb\u00edzhat\u00f3 \u00e9s hat\u00e9kony akkumul\u00e1tort keres napkollektoros rendszer\u00e9hez vagy m\u00e1s energiaig\u00e9nyekhez, a 12 V-os l\u00edtium akkumul\u00e1torunk a t\u00f6k\u00e9letes v\u00e1laszt\u00e1s.<\/p>","protected":false},"featured_media":241,"template":"","meta":{"_kad_post_transparent":"default","_kad_post_title":"","_kad_post_layout":"default","_kad_post_sidebar_id":"","_kad_post_content_style":"default","_kad_post_vertical_padding":"default","_kad_post_feature":"","_kad_post_feature_position":"","_kad_post_header":false,"_kad_post_footer":false},"product_cat":[32],"product_tag":[64,61,60,62,63],"class_list":["post-240","product","type-product","status-publish","has-post-thumbnail","hentry","product_cat-lead-acid-replacement-battery","product_tag-byd-battery","product_tag-byd-lifepo4-battery","product_tag-lead-acid-replacement-battery","product_tag-lifepo4-solar-lithium-battery","product_tag-solar-lithium-battery","entry","content-bg","loop-entry"],"_links":{"self":[{"href":"https:\/\/bybatt.com\/hu\/wp-json\/wp\/v2\/product\/240","targetHints":{"allow":["GET"]}}],"collection":[{"href":"https:\/\/bybatt.com\/hu\/wp-json\/wp\/v2\/product"}],"about":[{"href":"https:\/\/bybatt.com\/hu\/wp-json\/wp\/v2\/types\/product"}],"wp:featuredmedia":[{"embeddable":true,"href":"https:\/\/bybatt.com\/hu\/wp-json\/wp\/v2\/media\/241"}],"wp:attachment":[{"href":"https:\/\/bybatt.com\/hu\/wp-json\/wp\/v2\/media?parent=240"}],"wp:term":[{"taxonomy":"product_cat","embeddable":true,"href":"https:\/\/bybatt.com\/hu\/wp-json\/wp\/v2\/product_cat?post=240"},{"taxonomy":"product_tag","embeddable":true,"href":"https:\/\/bybatt.com\/hu\/wp-json\/wp\/v2\/product_tag?post=240"}],"curies":[{"name":"wp","href":"https:\/\/api.w.org\/{rel}","templated":true}]}}