{"id":248,"date":"2023-02-16T08:09:47","date_gmt":"2023-02-16T08:09:47","guid":{"rendered":"https:\/\/bybatt.com\/?post_type=product&#038;p=248"},"modified":"2023-02-16T08:32:07","modified_gmt":"2023-02-16T08:32:07","slug":"12v-lifepo4-lithium-iron-phosphate-battery-with-bluetooth","status":"publish","type":"product","link":"https:\/\/bybatt.com\/hu\/termek\/12v-lifepo4-lithium-iron-phosphate-battery-with-bluetooth\/","title":{"rendered":"12 V-os LiFePO4 l\u00edtium-vas-foszf\u00e1t akkumul\u00e1tor Bluetooth-szal"},"content":{"rendered":"","protected":false},"excerpt":{"rendered":"<p>Bemutatjuk \u00faj \u00e9s tov\u00e1bbfejlesztett akkumul\u00e1torrendszer\u00fcnket, amely p\u00e1ratlan teljes\u00edtm\u00e9nyt \u00edg\u00e9r! Akkumul\u00e1torrendszer\u00fcnk 100% \u00faj cell\u00e1kb\u00f3l \u00e9p\u00fcl fel, \u00edgy ez egy megb\u00edzhat\u00f3 \u00e9s hossz\u00fa \u00e9lettartam\u00fa opci\u00f3 minden energiasz\u00fcks\u00e9glethez. 12V n\u00e9vleges fesz\u00fclts\u00e9g\u00e9vel \u00e9s 200Ah\/2560Wh n\u00e9vleges kapacit\u00e1s\u00e1val akkumul\u00e1torrendszer\u00fcnk sokf\u00e9le alkalmaz\u00e1sra alkalmas. P\u00e1rhuzamos csatlakoz\u00e1ssal vagy sorba szerelhet\u0151 25,6 V-ra, nagyobb rugalmass\u00e1got biztos\u00edtva az \u00d6n ig\u00e9nyeinek.<br \/>\nAkkumul\u00e1torrendszer\u00fcnk a legmodernebb akkumul\u00e1tor-fel\u00fcgyeleti rendszerrel (BMS) is rendelkezik, amely integr\u00e1lva biztos\u00edtja a megb\u00edzhat\u00f3 teljes\u00edtm\u00e9nyt. A BMS r\u00f6vidz\u00e1rlat, t\u00falt\u00f6lt\u00e9s \u00e9s t\u00falmeleged\u00e9s elleni v\u00e9delmet biztos\u00edt, mik\u00f6zben fenntartja a kiegyens\u00falyozott fesz\u00fclts\u00e9get az \u00f6sszes cell\u00e1ban. Akkumul\u00e1torrendszer\u00fcnk egyik legfontosabb jellemz\u0151je az egyszer\u0171 friss\u00edt\u00e9si lehet\u0151s\u00e9g. A szabv\u00e1nyos BCI csoportm\u00e9rettel z\u00f6kken\u0151mentesen friss\u00edthet l\u00edtiumra, de nagyobb energias\u0171r\u0171s\u00e9ggel, m\u00e9lyebb kis\u00fct\u00e9si k\u00e9pess\u00e9ggel, nagyobb oda-vissza utaz\u00e1si hat\u00e9konys\u00e1ggal \u00e9s gyorsabb t\u00f6lt\u00e9si sebess\u00e9ggel. Akkumul\u00e1torrendszer\u00fcnket is az egyszer\u0171 karbantart\u00e1sra tervezt\u00e9k. Az automatikus kiegyens\u00falyoz\u00f3 funkci\u00f3 lehet\u0151v\u00e9 teszi t\u00f6bb akkumul\u00e1tor p\u00e1rhuzamos csatlakoztat\u00e1s\u00e1t, ami hossz\u00fa t\u00e1von jav\u00edtja az akkumul\u00e1torok \u00e1tlagos t\u00f6lt\u00e9si hat\u00e9konys\u00e1g\u00e1t. A be\u00e9p\u00edtett Bluetooth-modullal val\u00f3s id\u0151ben nyomon k\u00f6vetheti a mobileszk\u00f6z\u00f6k akkumul\u00e1tor\u00e1nak \u00e1llapot\u00e1t is, \u00edgy nagyobb ir\u00e1ny\u00edt\u00e1st \u00e9s betekint\u00e9st ny\u00fajt az energiafelhaszn\u00e1l\u00e1sba.<\/p>","protected":false},"featured_media":249,"template":"","meta":{"_kad_post_transparent":"default","_kad_post_title":"","_kad_post_layout":"default","_kad_post_sidebar_id":"","_kad_post_content_style":"default","_kad_post_vertical_padding":"default","_kad_post_feature":"","_kad_post_feature_position":"","_kad_post_header":false,"_kad_post_footer":false},"product_cat":[32],"product_tag":[69,60,66,68,67,65,70],"class_list":["post-248","product","type-product","status-publish","has-post-thumbnail","hentry","product_cat-lead-acid-replacement-battery","product_tag-12v-200ah-100ah-lithium-ion-battery","product_tag-lead-acid-replacement-battery","product_tag-lifepo4-battery","product_tag-lifepo4-lithium-battery","product_tag-lithium-iron-battery","product_tag-lithium-iron-phosphate-battery","product_tag-solar-energy-storage-system-kit","entry","content-bg","loop-entry"],"_links":{"self":[{"href":"https:\/\/bybatt.com\/hu\/wp-json\/wp\/v2\/product\/248","targetHints":{"allow":["GET"]}}],"collection":[{"href":"https:\/\/bybatt.com\/hu\/wp-json\/wp\/v2\/product"}],"about":[{"href":"https:\/\/bybatt.com\/hu\/wp-json\/wp\/v2\/types\/product"}],"wp:featuredmedia":[{"embeddable":true,"href":"https:\/\/bybatt.com\/hu\/wp-json\/wp\/v2\/media\/249"}],"wp:attachment":[{"href":"https:\/\/bybatt.com\/hu\/wp-json\/wp\/v2\/media?parent=248"}],"wp:term":[{"taxonomy":"product_cat","embeddable":true,"href":"https:\/\/bybatt.com\/hu\/wp-json\/wp\/v2\/product_cat?post=248"},{"taxonomy":"product_tag","embeddable":true,"href":"https:\/\/bybatt.com\/hu\/wp-json\/wp\/v2\/product_tag?post=248"}],"curies":[{"name":"wp","href":"https:\/\/api.w.org\/{rel}","templated":true}]}}