{"id":256,"date":"2023-02-17T07:35:14","date_gmt":"2023-02-17T07:35:14","guid":{"rendered":"https:\/\/bybatt.com\/?post_type=product&#038;p=256"},"modified":"2023-02-17T08:02:08","modified_gmt":"2023-02-17T08:02:08","slug":"12-8v-200ah-camper-boat-marine-lifepo4-deep-cycle-battery","status":"publish","type":"product","link":"https:\/\/bybatt.com\/hu\/termek\/12-8v-200ah-camper-boat-marine-lifepo4-deep-cycle-battery\/","title":{"rendered":"12,8 V 200 Ah lak\u00f3haj\u00f3 tengeri LiFePO4 m\u00e9lyciklus\u00fa akkumul\u00e1tor"},"content":{"rendered":"","protected":false},"excerpt":{"rendered":"<p>Bemutatjuk a 12,8 V-os 200 Ah-s lak\u00f3haj\u00f3 Marine LiFePO4 m\u00e9lyciklus\u00fa akkumul\u00e1torunkat, amelyet \u00fagy terveztek, hogy megb\u00edzhat\u00f3 \u00e9s hosszan tart\u00f3 energi\u00e1t biztos\u00edtson az \u00d6n tengeri \u00e9s lak\u00f3aut\u00f3s ig\u00e9nyeinek kiel\u00e9g\u00edt\u00e9s\u00e9re. Akkumul\u00e1torunk 100% \u00faj cell\u00e1kkal k\u00e9sz\u00fcl, biztos\u00edtva a legmagasabb min\u0151s\u00e9get \u00e9s megb\u00edzhat\u00f3s\u00e1got.<br \/>\nAz 51,2V-16S2P n\u00e9vleges fesz\u00fclts\u00e9g\u0171 akkumul\u00e1torral \u00e9s 80Ah n\u00e9vleges kapacit\u00e1ssal ez az akkumul\u00e1tor kompakt m\u00e9ret\u0171, 520*310*170 mm-es m\u00e9ret\u0171. A LiFePO4 technol\u00f3gia kiv\u00e9teles teljes\u00edtm\u00e9nyt biztos\u00edt, ak\u00e1r 6000 ciklust is lebonyol\u00edt 80% kis\u00fcl\u00e9si m\u00e9lys\u00e9gn\u00e9l (DOD) \u00e9s m\u00e9g t\u00f6bbet, amint azt a ciklust\u00e1bl\u00e1zatunk is jelzi.<br \/>\nAkkumul\u00e1torunk is tart\u00f3s, er\u0151s f\u00e9m vagy rozsdamentes ac\u00e9l h\u00e1zzal v\u00e9di a cell\u00e1kat. K\u00f6r\u00fclbel\u00fcl 42 kg-os s\u00faly\u00e1val k\u00f6nny\u0171 \u00e9s k\u00f6nnyen kezelhet\u0151, \u00edgy t\u00f6k\u00e9letes megold\u00e1st jelent az \u00f6sszes energiaig\u00e9nyre \u00fatk\u00f6zben.<br \/>\nAkkumul\u00e1torunkban haszn\u00e1lt cell\u00e1k a legjobb min\u0151s\u00e9g\u0171, A+ fokozat\u00fa, LiFePO4 cell\u00e1k biztos\u00edtj\u00e1k az optim\u00e1lis teljes\u00edtm\u00e9nyt \u00e9s hossz\u00fa \u00e9lettartamot. Fektessen be a 12,8 V-os 200 Ah-s lak\u00f3haj\u00f3nk Marine LiFePO4 m\u00e9lyciklus\u00fa akkumul\u00e1tor\u00e1ba, hogy megb\u00edzhat\u00f3, nagy teljes\u00edtm\u00e9ny\u0171 \u00e1ramforr\u00e1st kapjon, amely tov\u00e1bb visz.<\/p>","protected":false},"featured_media":257,"template":"","meta":{"_kad_post_transparent":"default","_kad_post_title":"","_kad_post_layout":"default","_kad_post_sidebar_id":"","_kad_post_content_style":"default","_kad_post_vertical_padding":"default","_kad_post_feature":"","_kad_post_feature_position":"","_kad_post_header":false,"_kad_post_footer":false},"product_cat":[25,29],"product_tag":[72,71,74,76,75,73],"class_list":["post-256","product","type-product","status-publish","has-post-thumbnail","hentry","product_cat-home-storage-battery","product_cat-lifepo4-battery-pack","product_tag-36v-100ah-for-agv-car-golf-cart","product_tag-36v-lithium-golf-cart-battery","product_tag-deep-cycle-rv-batteries","product_tag-lifepo4-deep-cycle-battery","product_tag-marine-deep-cycle-batteries","product_tag-rechargeable-lfp-battery","entry","content-bg","loop-entry"],"_links":{"self":[{"href":"https:\/\/bybatt.com\/hu\/wp-json\/wp\/v2\/product\/256","targetHints":{"allow":["GET"]}}],"collection":[{"href":"https:\/\/bybatt.com\/hu\/wp-json\/wp\/v2\/product"}],"about":[{"href":"https:\/\/bybatt.com\/hu\/wp-json\/wp\/v2\/types\/product"}],"wp:featuredmedia":[{"embeddable":true,"href":"https:\/\/bybatt.com\/hu\/wp-json\/wp\/v2\/media\/257"}],"wp:attachment":[{"href":"https:\/\/bybatt.com\/hu\/wp-json\/wp\/v2\/media?parent=256"}],"wp:term":[{"taxonomy":"product_cat","embeddable":true,"href":"https:\/\/bybatt.com\/hu\/wp-json\/wp\/v2\/product_cat?post=256"},{"taxonomy":"product_tag","embeddable":true,"href":"https:\/\/bybatt.com\/hu\/wp-json\/wp\/v2\/product_tag?post=256"}],"curies":[{"name":"wp","href":"https:\/\/api.w.org\/{rel}","templated":true}]}}