{"id":261,"date":"2023-02-17T07:48:53","date_gmt":"2023-02-17T07:48:53","guid":{"rendered":"https:\/\/bybatt.com\/?post_type=product&#038;p=261"},"modified":"2023-02-17T08:00:46","modified_gmt":"2023-02-17T08:00:46","slug":"48v-lifepo4-deep-cycle-golf-cart-lithium-batteries-kits","status":"publish","type":"product","link":"https:\/\/bybatt.com\/hu\/termek\/48v-lifepo4-deep-cycle-golf-cart-lithium-batteries-kits\/","title":{"rendered":"48V LiFePo4 Deep Cycle golfkocsi l\u00edtium akkumul\u00e1tork\u00e9szletek"},"content":{"rendered":"","protected":false},"excerpt":{"rendered":"<p>Bemutatjuk kiv\u00e1l\u00f3 min\u0151s\u00e9g\u0171 48 V-os LiFEPO4 akkumul\u00e1torunkat, amelyet kifejezetten EZGO \u00e9s CLUB CAR golfkocsikhoz terveztek. Az 100% \u00faj cell\u00e1kb\u00f3l k\u00e9sz\u00fclt l\u00edtium-ion akkumul\u00e1tor kiv\u00e1l\u00f3 teljes\u00edtm\u00e9nyt \u00e9s hossz\u00fa \u00e9lettartamot biztos\u00edt.<br \/>\n51,2 V n\u00e9vleges fesz\u00fclts\u00e9g\u00e9vel \u00e9s 80 Ah vagy 100 Ah n\u00e9vleges kapacit\u00e1s\u00e1val ez az akkumul\u00e1tor \u00fagy k\u00e9sz\u00fclt, hogy k\u00f6nnyed\u00e9n kezelje golfkocsija ig\u00e9nyeit. Az 520 mm hossz\u00fa, 310 mm sz\u00e9les \u00e9s 170 mm magas akkumul\u00e1tor el\u00e9g kompakt ahhoz, hogy elf\u00e9rjen a golfkocsiban an\u00e9lk\u00fcl, hogy t\u00fal sok helyet foglalna.<br \/>\nAkkumul\u00e1torunkat \u00fagy tervezt\u00e9k, hogy ak\u00e1r 6000 ciklust is kib\u00edrjon 80% kis\u00fct\u00e9si m\u00e9lys\u00e9gn\u00e9l (DoD), \u00edgy megb\u00edzhat\u00f3 \u00e9s hossz\u00fa \u00e9lettartam\u00fa \u00e1ramforr\u00e1ss\u00e1 v\u00e1lik golfkocsija sz\u00e1m\u00e1ra. A hozz\u00e1vet\u0151leg 42 kg s\u00faly\u00fa akkumul\u00e1tor el\u00e9g k\u00f6nny\u0171 ahhoz, hogy k\u00f6nnyen kezelhet\u0151 legyen, mik\u00f6zben biztos\u00edtja az eg\u00e9sz naphoz sz\u00fcks\u00e9ges energi\u00e1t \u00e9s kapacit\u00e1st.<br \/>\nA massz\u00edv f\u00e9m vagy rozsdamentes ac\u00e9l h\u00e1zzal b\u00edzhat abban, hogy akkumul\u00e1torunkat \u00fagy tervezt\u00e9k, hogy ellen\u00e1lljon a k\u00fclt\u00e9ri haszn\u00e1lat k\u00f6vetelm\u00e9nyeinek, \u00e9s megb\u00edzhat\u00f3 teljes\u00edtm\u00e9nyt ny\u00fajtson sz\u00e1mos id\u0151j\u00e1r\u00e1si k\u00f6r\u00fclm\u00e9ny k\u00f6z\u00f6tt. Az ebben az akkumul\u00e1torban haszn\u00e1lt cell\u00e1k mindegyike kiv\u00e1l\u00f3 min\u0151s\u00e9g\u0171 A+ oszt\u00e1ly\u00fa LiFePO4 cella, amely kiv\u00e1l\u00f3 teljes\u00edtm\u00e9nyt \u00e9s hossz\u00fa \u00e9lettartamot biztos\u00edt.<br \/>\nFriss\u00edtse golfkocsij\u00e1t kiv\u00e1l\u00f3 min\u0151s\u00e9g\u0171 48 V-os LiFEPO4 akkumul\u00e1torunkkal m\u00e9g ma, \u00e9s \u00e9lvezze a megb\u00edzhat\u00f3 teljes\u00edtm\u00e9nyt \u00e9s a hosszan tart\u00f3 teljes\u00edtm\u00e9nyt a p\u00e1ly\u00e1n.<\/p>","protected":false},"featured_media":262,"template":"","meta":{"_kad_post_transparent":"default","_kad_post_title":"","_kad_post_layout":"default","_kad_post_sidebar_id":"","_kad_post_content_style":"default","_kad_post_vertical_padding":"default","_kad_post_feature":"","_kad_post_feature_position":"","_kad_post_header":false,"_kad_post_footer":false},"product_cat":[29,25],"product_tag":[84,81,83,52,77,79,78,80,82],"class_list":["post-261","product","type-product","status-publish","has-post-thumbnail","hentry","product_cat-lifepo4-battery-pack","product_cat-home-storage-battery","product_tag-48v-80ah-golf-cart-battery","product_tag-48v-lifepo4-batteries","product_tag-48v-lithium-golf-cart-battery","product_tag-battery","product_tag-golf-cart-lithium-batteries","product_tag-lithium-batteries-for-golf-carts","product_tag-lithium-golf-cart-batteries-kits","product_tag-lithium-ion-golf-cart-batteries","product_tag-powerful-48-volt-lifepo4-batteries","entry","content-bg","loop-entry"],"_links":{"self":[{"href":"https:\/\/bybatt.com\/hu\/wp-json\/wp\/v2\/product\/261","targetHints":{"allow":["GET"]}}],"collection":[{"href":"https:\/\/bybatt.com\/hu\/wp-json\/wp\/v2\/product"}],"about":[{"href":"https:\/\/bybatt.com\/hu\/wp-json\/wp\/v2\/types\/product"}],"wp:featuredmedia":[{"embeddable":true,"href":"https:\/\/bybatt.com\/hu\/wp-json\/wp\/v2\/media\/262"}],"wp:attachment":[{"href":"https:\/\/bybatt.com\/hu\/wp-json\/wp\/v2\/media?parent=261"}],"wp:term":[{"taxonomy":"product_cat","embeddable":true,"href":"https:\/\/bybatt.com\/hu\/wp-json\/wp\/v2\/product_cat?post=261"},{"taxonomy":"product_tag","embeddable":true,"href":"https:\/\/bybatt.com\/hu\/wp-json\/wp\/v2\/product_tag?post=261"}],"curies":[{"name":"wp","href":"https:\/\/api.w.org\/{rel}","templated":true}]}}