{"id":268,"date":"2023-02-17T08:08:39","date_gmt":"2023-02-17T08:08:39","guid":{"rendered":"https:\/\/bybatt.com\/?post_type=product&#038;p=268"},"modified":"2023-02-17T08:15:14","modified_gmt":"2023-02-17T08:15:14","slug":"12v-24v-36v-rechargeable-lifepo4-lithium-solar-battery-pack","status":"publish","type":"product","link":"https:\/\/bybatt.com\/hu\/termek\/12v-24v-36v-rechargeable-lifepo4-lithium-solar-battery-pack\/","title":{"rendered":"12 V 24 V 36 V \u00fajrat\u00f6lthet\u0151 LiFePO4 l\u00edtium napelemes akkumul\u00e1tor"},"content":{"rendered":"","protected":false},"excerpt":{"rendered":"<p>Bemutatjuk a 12V-os 24V-os 36V-os \u00fajrat\u00f6lthet\u0151 LiFePO4 l\u00edtium napelemes akkumul\u00e1torcsomagot, amely a t\u00f6k\u00e9letes megold\u00e1s energiat\u00e1rol\u00e1si ig\u00e9nyeire. A szabadalmaztatott l\u00edtium-vas-foszf\u00e1t (LiFePO\u2084) k\u00e9mia felhaszn\u00e1l\u00e1s\u00e1val k\u00e9sz\u00fclt akkumul\u00e1tor rendk\u00edv\u00fcl sokoldal\u00fa, \u00e9s sokf\u00e9le alkalmaz\u00e1shoz haszn\u00e1lhat\u00f3.<br \/>\nAz LFP-3650 be\u00e9p\u00edtett akkumul\u00e1tor-kezel\u0151 rendszerrel (BMS) rendelkezik, amely optim\u00e1lis teljes\u00edtm\u00e9nyt biztos\u00edt, mik\u00f6zben megakad\u00e1lyozza a t\u00falmeleged\u00e9st, a t\u00falt\u00f6lt\u00e9st \u00e9s maximaliz\u00e1lja a cellaciklus \u00e9lettartam\u00e1t. A bels\u0151 BMS (elektronikus chip) seg\u00edts\u00e9g\u00e9vel az akkumul\u00e1tort val\u00f3s id\u0151ben figyeli, \u00e9s riasztja a felhaszn\u00e1l\u00f3t, ha b\u00e1rmilyen fesz\u00fclts\u00e9g- vagy kapacit\u00e1szavart \u00e9szlel.<br \/>\nAz \u00f3lom-savas akkumul\u00e1tor t\u00f6meg\u00e9nek csup\u00e1n fele-harmada, a LiFePO4 akkumul\u00e1tor ide\u00e1lis v\u00e1laszt\u00e1s tengeri, lak\u00f3aut\u00f3, golfkocsik, motorker\u00e9kp\u00e1rok \u00e9s off-grid alkalmaz\u00e1sokhoz. Lifepo4 l\u00edtium akkumul\u00e1toraink k\u00f6rnyezetbar\u00e1tabbak is, mint az SLA akkumul\u00e1torok, mivel nem tartalmaznak korroz\u00edv vagy k\u00e1ros neh\u00e9zf\u00e9meket.<br \/>\nA Lifepo4 akkumul\u00e1torok alacsony kis\u00fct\u00e9si sebess\u00e9ggel \u00e9s hossz\u00fa \u00e9lettartammal rendelkeznek, \u00e1tlagos \u00e9lettartamuk k\u00f6r\u00fclbel\u00fcl 5-10 \u00e9v. Ak\u00e1r 85% kapacit\u00e1st is k\u00e9pesek kezelni 6000 cikluson kereszt\u00fcl aj\u00e1nlott k\u00f6r\u00fclm\u00e9nyek k\u00f6z\u00f6tt \u2013 8000 alkalommal (40% dod).<br \/>\nA 36 V-os 50 Ah-s l\u00edtium akkumul\u00e1tor pr\u00e9mium min\u0151s\u00e9g\u0171 A 3,2 V-os LifePo4 akkumul\u00e1torcell\u00e1kb\u00f3l, kiv\u00e1l\u00f3 min\u0151s\u00e9g\u0171 BMS-b\u0151l, f\u00e9m\/SS h\u00e1zb\u00f3l \u00e9s LCD k\u00e9perny\u0151vel (kijelz\u0151vel) \u00e9p\u00fcl fel az egyszer\u0171 monitoroz\u00e1s \u00e9rdek\u00e9ben. \u00dagy tervezt\u00e9k, hogy hosszan tart\u00f3, megb\u00edzhat\u00f3 teljes\u00edtm\u00e9nyt ny\u00fajtson, \u00edgy a legkelend\u0151bb term\u00e9k.<br \/>\nB\u0151v\u00edtse energiat\u00e1rol\u00e1s\u00e1t a Lithium Battery Power 36V 50Ah Lithium Ion akkumul\u00e1torral, \u00e9s \u00e9lvezze a k\u00f6nny\u0171, k\u00f6rnyezetbar\u00e1t \u00e9s hossz\u00fa \u00e9lettartam\u00fa \u00e1ramforr\u00e1s el\u0151nyeit.<\/p>","protected":false},"featured_media":269,"template":"","meta":{"_kad_post_transparent":"default","_kad_post_title":"","_kad_post_layout":"default","_kad_post_sidebar_id":"","_kad_post_content_style":"default","_kad_post_vertical_padding":"default","_kad_post_feature":"","_kad_post_feature_position":"","_kad_post_header":false,"_kad_post_footer":false},"product_cat":[25,30],"product_tag":[86,66,88,92,87,91,89,90,85],"class_list":["post-268","product","type-product","status-publish","has-post-thumbnail","hentry","product_cat-home-storage-battery","product_cat-solar-battery","product_tag-grade-a-36v-lithium-battery","product_tag-lifepo4-battery","product_tag-lifepo4-battery-for-electric-vehicle","product_tag-lifepo4-battery-packs","product_tag-lifepo4-lfp4-battery-50ah","product_tag-lifepo4-lithium-battery-for-solar","product_tag-lithium-battery-solar","product_tag-lithium-solar-batteries","product_tag-lithium-solar-battery","entry","content-bg","loop-entry"],"_links":{"self":[{"href":"https:\/\/bybatt.com\/hu\/wp-json\/wp\/v2\/product\/268","targetHints":{"allow":["GET"]}}],"collection":[{"href":"https:\/\/bybatt.com\/hu\/wp-json\/wp\/v2\/product"}],"about":[{"href":"https:\/\/bybatt.com\/hu\/wp-json\/wp\/v2\/types\/product"}],"wp:featuredmedia":[{"embeddable":true,"href":"https:\/\/bybatt.com\/hu\/wp-json\/wp\/v2\/media\/269"}],"wp:attachment":[{"href":"https:\/\/bybatt.com\/hu\/wp-json\/wp\/v2\/media?parent=268"}],"wp:term":[{"taxonomy":"product_cat","embeddable":true,"href":"https:\/\/bybatt.com\/hu\/wp-json\/wp\/v2\/product_cat?post=268"},{"taxonomy":"product_tag","embeddable":true,"href":"https:\/\/bybatt.com\/hu\/wp-json\/wp\/v2\/product_tag?post=268"}],"curies":[{"name":"wp","href":"https:\/\/api.w.org\/{rel}","templated":true}]}}