{"id":271,"date":"2023-02-17T13:19:40","date_gmt":"2023-02-17T13:19:40","guid":{"rendered":"https:\/\/bybatt.com\/?post_type=product&#038;p=271"},"modified":"2023-02-17T13:39:53","modified_gmt":"2023-02-17T13:39:53","slug":"high-voltage-home-storage-system-stackable-lifepo4-battery","status":"publish","type":"product","link":"https:\/\/bybatt.com\/hu\/termek\/high-voltage-home-storage-system-stackable-lifepo4-battery\/","title":{"rendered":"Nagyfesz\u00fclts\u00e9g\u0171 otthoni t\u00e1rol\u00f3rendszer egym\u00e1sra rakhat\u00f3 LiFePo4 akkumul\u00e1tor"},"content":{"rendered":"","protected":false},"excerpt":{"rendered":"<p>Bemutatjuk a nagyfesz\u00fclts\u00e9g\u0171 otthoni t\u00e1rol\u00f3rendszert, egym\u00e1sra rakhat\u00f3 LiFePo4 akkumul\u00e1tort \u2013 a t\u00f6k\u00e9letes megold\u00e1s otthoni energiasz\u00fcks\u00e9gleteihez! Ez a mobilh\u00e1zi energiat\u00e1rol\u00f3 akkumul\u00e1tor hihetetlen, t\u00f6bb mint 6000-szer m\u00e9ly ciklus\u00fa \u00e9lettartammal b\u00fcszk\u00e9lkedhet, ami biztos\u00edtja, hogy az elk\u00f6vetkez\u0151 \u00e9vekben is kitartson.<br \/>\nAz \u00d6n k\u00e9nyelm\u00e9t szem el\u0151tt tartva tervezt\u00e9k, ez az akkumul\u00e1tor t\u00e1mogatja az inverteres kommunik\u00e1ci\u00f3t \u00e9s a testreszab\u00e1st, \u00edgy szem\u00e9lyre szabhatja egyedi ig\u00e9nyeinek megfelel\u0151en. Egyetlen akkumul\u00e1torral, amely 10 kWh energi\u00e1t biztos\u00edt, ez az akkumul\u00e1tor t\u00f6k\u00e9letes otthoni \u00e1ramell\u00e1t\u00e1shoz \u00e9s otthoni alkalmaz\u00e1sok t\u00f6lt\u00e9s\u00e9hez.<br \/>\nBiztons\u00e1gos kialak\u00edt\u00e1s\u00e1nak \u00e9s sziv\u00e1rg\u00e1smentes garanci\u00e1j\u00e1nak k\u00f6sz\u00f6nhet\u0151en biztos lehet benne, hogy ez az akkumul\u00e1tor megb\u00edzhat\u00f3 \u00e9s probl\u00e9mamentes v\u00e1laszt\u00e1s. Mi t\u00f6bb, karbantart\u00e1st nem ig\u00e9nyl\u0151 kialak\u00edt\u00e1sa hihetetlen\u00fcl egyszer\u0171v\u00e9 teszi a haszn\u00e1lat\u00e1t \u00e9s karbantart\u00e1s\u00e1t.<br \/>\nAz otthoni napelemes rendszerekhez k\u00e9sz\u00fclt akkumul\u00e1tor nagyobb energias\u0171r\u0171s\u00e9ggel \u00e9s extr\u00e9m \u00e9lettartammal b\u00fcszk\u00e9lkedhet, ami biztos\u00edtja, hogy hosszabb ideig tart, \u00e9s t\u00f6bb energi\u00e1t biztos\u00edt, mint valaha. Az als\u00f3 nyom\u00f3ker\u00e9k kialak\u00edt\u00e1s\u00e1nak k\u00f6sz\u00f6nhet\u0151en pedig nem kell agg\u00f3dnia a felszerel\u00e9s miatt \u2013 olyan egyszer\u0171, mint a hely\u00e9re tolni!<br \/>\nA maxim\u00e1lis hat\u00e9konys\u00e1gra tervezett akkumul\u00e1tor t\u00e1mogatja a p\u00e1rhuzamos haszn\u00e1latot, \u00e9s t\u00f6bb mint 6000 ciklus megb\u00edzhat\u00f3 teljes\u00edtm\u00e9nnyel b\u00fcszk\u00e9lkedhet. Akkumul\u00e1torkezel\u0151 rendszere gondoskodik arr\u00f3l, hogy mindig a legjobban m\u0171k\u00f6dj\u00f6n, a 95% DOD-nak \u00e9s a m\u00e9g haszn\u00e1lhat\u00f3bb kapacit\u00e1snak k\u00f6sz\u00f6nhet\u0151en pedig minden energi\u00e1val rendelkezik, ami ahhoz sz\u00fcks\u00e9ges, hogy otthona z\u00f6kken\u0151mentesen m\u0171k\u00f6dj\u00f6n.<\/p>","protected":false},"featured_media":272,"template":"","meta":{"_kad_post_transparent":"default","_kad_post_title":"","_kad_post_layout":"default","_kad_post_sidebar_id":"","_kad_post_content_style":"default","_kad_post_vertical_padding":"default","_kad_post_feature":"","_kad_post_feature_position":"","_kad_post_header":false,"_kad_post_footer":false},"product_cat":[25,28],"product_tag":[95,99,96,97,94,93,98],"class_list":["post-271","product","type-product","status-publish","has-post-thumbnail","hentry","product_cat-home-storage-battery","product_cat-base-station-battery","product_tag-50kw-51-2v-lithium-battery","product_tag-home-storage-battery","product_tag-life-power-station","product_tag-prismatic-primary-off-lithium-battery-for-cycle","product_tag-stackable-energy-storage-systems","product_tag-stackable-lifepo4-battery","product_tag-stackable-lithium-battery","entry","content-bg","loop-entry"],"_links":{"self":[{"href":"https:\/\/bybatt.com\/hu\/wp-json\/wp\/v2\/product\/271","targetHints":{"allow":["GET"]}}],"collection":[{"href":"https:\/\/bybatt.com\/hu\/wp-json\/wp\/v2\/product"}],"about":[{"href":"https:\/\/bybatt.com\/hu\/wp-json\/wp\/v2\/types\/product"}],"wp:featuredmedia":[{"embeddable":true,"href":"https:\/\/bybatt.com\/hu\/wp-json\/wp\/v2\/media\/272"}],"wp:attachment":[{"href":"https:\/\/bybatt.com\/hu\/wp-json\/wp\/v2\/media?parent=271"}],"wp:term":[{"taxonomy":"product_cat","embeddable":true,"href":"https:\/\/bybatt.com\/hu\/wp-json\/wp\/v2\/product_cat?post=271"},{"taxonomy":"product_tag","embeddable":true,"href":"https:\/\/bybatt.com\/hu\/wp-json\/wp\/v2\/product_tag?post=271"}],"curies":[{"name":"wp","href":"https:\/\/api.w.org\/{rel}","templated":true}]}}