{"id":277,"date":"2023-02-17T13:41:35","date_gmt":"2023-02-17T13:41:35","guid":{"rendered":"https:\/\/bybatt.com\/?post_type=product&#038;p=277"},"modified":"2023-02-17T13:53:19","modified_gmt":"2023-02-17T13:53:19","slug":"lithium-iron-phosphate-lifepo4-solar-server-rack-batteries","status":"publish","type":"product","link":"https:\/\/bybatt.com\/hu\/termek\/lithium-iron-phosphate-lifepo4-solar-server-rack-batteries\/","title":{"rendered":"L\u00edtium-vas-foszf\u00e1t LiFePO4 szol\u00e1r szerver rack akkumul\u00e1torok"},"content":{"rendered":"","protected":false},"excerpt":{"rendered":"<p>Bemutatjuk l\u00edtium-vasfoszf\u00e1t (LiFePO4) napelemes szerver\u00e1llv\u00e1ny-akkumul\u00e1torainkat, amelyeket \u00fagy terveztek, hogy megb\u00edzhat\u00f3 \u00e9s hat\u00e9kony energiat\u00e1rol\u00e1st biztos\u00edtsanak napenergia-rendszere sz\u00e1m\u00e1ra. Az akkumul\u00e1torainkban haszn\u00e1lt \u00f6sszes cella 100% \u00faj, optim\u00e1lis teljes\u00edtm\u00e9nyt \u00e9s hossz\u00fa \u00e9lettartamot biztos\u00edtva.<br \/>\nA 240 V n\u00e9vleges fesz\u00fclts\u00e9ggel \u00e9s 100 Ah n\u00e9vleges kapacit\u00e1ssal rendelkez\u0151 akkumul\u00e1torok elegend\u0151 energi\u00e1t k\u00edn\u00e1lnak a rendszer z\u00f6kken\u0151mentes m\u0171k\u00f6d\u00e9s\u00e9hez. Maximum 100A t\u00f6lt\u0151\u00e1ramot \u00e9s 100A maxim\u00e1lis kis\u00fcl\u00e9si \u00e1ramot k\u00e9pesek kezelni, \u00edgy sokf\u00e9le alkalmaz\u00e1sra alkalmasak.<br \/>\nAkkumul\u00e1toraink CC\/CV t\u00f6lt\u00e9si m\u00f3ddal rendelkeznek, \u00e9s opcion\u00e1lis kijelz\u0151vel rendelkeznek, amely seg\u00edt nyomon k\u00f6vetni az akkumul\u00e1tor \u00e1llapot\u00e1t. T\u00e1mogatj\u00e1k az RS485\/CAN-on kereszt\u00fcli kommunik\u00e1ci\u00f3t is, \u00edgy egy nagyobb energiagazd\u00e1lkod\u00e1si rendszerbe integr\u00e1lhat\u00f3k.<br \/>\nA massz\u00edv f\u00e9mh\u00e1zzal fel\u00e9p\u00edtett akkumul\u00e1toraink a h\u0151m\u00e9rs\u00e9klet \u00e9s a k\u00f6rnyezeti felt\u00e9telek sz\u00e9les tartom\u00e1ny\u00e1ban ellen\u00e1llnak. Az akkumul\u00e1tor m\u00e9rete 600*600*1530 mm, \u00edgy szerver rackbe szerelhet\u0151. Az akkumul\u00e1tor s\u00falya k\u00f6r\u00fclbel\u00fcl 190 kg, \u00edgy k\u00f6nnyen sz\u00e1ll\u00edthat\u00f3 \u00e9s beszerelhet\u0151.<br \/>\nAkkumul\u00e1toraink sz\u00e1mos v\u00e9delmi funkci\u00f3val vannak felszerelve, bele\u00e9rtve a t\u00falt\u00f6lt\u00e9s elleni v\u00e9delmet, a t\u00falt\u00f6lt\u00e9s elleni v\u00e9delmet, a t\u00fal\u00e1ram elleni v\u00e9delmet \u00e9s m\u00e9g sok m\u00e1st, amelyek biztos\u00edtj\u00e1k rendszere biztons\u00e1g\u00e1t \u00e9s hossz\u00fa \u00e9lettartam\u00e1t.<\/p>","protected":false},"featured_media":278,"template":"","meta":{"_kad_post_transparent":"default","_kad_post_title":"","_kad_post_layout":"default","_kad_post_sidebar_id":"","_kad_post_content_style":"default","_kad_post_vertical_padding":"default","_kad_post_feature":"","_kad_post_feature_position":"","_kad_post_header":false,"_kad_post_footer":false},"product_cat":[25,28],"product_tag":[102,103,105,100,101,104],"class_list":["post-277","product","type-product","status-publish","has-post-thumbnail","hentry","product_cat-home-storage-battery","product_cat-base-station-battery","product_tag-48v-100ah-lifepo4-cart-battery","product_tag-communication-base-station","product_tag-lithium-ion-phosphate-battery","product_tag-server-rack-batteries","product_tag-server-rack-lifepo4-solar-batteries","product_tag-solar-pack-battery","entry","content-bg","loop-entry"],"_links":{"self":[{"href":"https:\/\/bybatt.com\/hu\/wp-json\/wp\/v2\/product\/277","targetHints":{"allow":["GET"]}}],"collection":[{"href":"https:\/\/bybatt.com\/hu\/wp-json\/wp\/v2\/product"}],"about":[{"href":"https:\/\/bybatt.com\/hu\/wp-json\/wp\/v2\/types\/product"}],"wp:featuredmedia":[{"embeddable":true,"href":"https:\/\/bybatt.com\/hu\/wp-json\/wp\/v2\/media\/278"}],"wp:attachment":[{"href":"https:\/\/bybatt.com\/hu\/wp-json\/wp\/v2\/media?parent=277"}],"wp:term":[{"taxonomy":"product_cat","embeddable":true,"href":"https:\/\/bybatt.com\/hu\/wp-json\/wp\/v2\/product_cat?post=277"},{"taxonomy":"product_tag","embeddable":true,"href":"https:\/\/bybatt.com\/hu\/wp-json\/wp\/v2\/product_tag?post=277"}],"curies":[{"name":"wp","href":"https:\/\/api.w.org\/{rel}","templated":true}]}}