{"id":280,"date":"2023-02-17T14:31:23","date_gmt":"2023-02-17T14:31:23","guid":{"rendered":"https:\/\/bybatt.com\/?post_type=product&#038;p=280"},"modified":"2023-03-05T16:17:53","modified_gmt":"2023-03-05T16:17:53","slug":"48v-telecom-base-station-battery-pack-power-system-solution","status":"publish","type":"product","link":"https:\/\/bybatt.com\/hu\/termek\/48v-telecom-base-station-battery-pack-power-system-solution\/","title":{"rendered":"48 V-os t\u00e1vk\u00f6zl\u00e9si b\u00e1zis\u00e1llom\u00e1s akkumul\u00e1toros t\u00e1pell\u00e1t\u00e1si rendszer megold\u00e1s"},"content":{"rendered":"","protected":false},"excerpt":{"rendered":"<p>Bemutatjuk a 48 V-os t\u00e1vk\u00f6zl\u00e9si b\u00e1zis\u00e1llom\u00e1s akkumul\u00e1toros t\u00e1prendszer-megold\u00e1sunkat \u2013 a t\u00f6k\u00e9letes megold\u00e1st az \u00d6n t\u00e1vk\u00f6zl\u00e9si energiasz\u00fcks\u00e9gleteihez.<br \/>\nAkkumul\u00e1torunk 100% \u00faj cell\u00e1kkal k\u00e9sz\u00fcl, \u00edgy biztos\u00edtva, hogy a legjobb min\u0151s\u00e9get \u00e9s teljes\u00edtm\u00e9nyt kapja az akkumul\u00e1torb\u00f3l. A LiFePO4 akkumul\u00e1tort\u00edpus rendk\u00edv\u00fcl hat\u00e9kony \u00e9s megb\u00edzhat\u00f3, \u00edgy t\u00f6k\u00e9letes v\u00e1laszt\u00e1s a t\u00e1vk\u00f6zl\u00e9si b\u00e1zis\u00e1llom\u00e1shoz.<br \/>\n240 V n\u00e9vleges fesz\u00fclts\u00e9g\u00e9vel \u00e9s 100 Ah n\u00e9vleges kapacit\u00e1s\u00e1val ez az akkumul\u00e1torcsomag megb\u00edzhat\u00f3 \u00e1ramell\u00e1t\u00e1st k\u00e9pes biztos\u00edtani t\u00e1vk\u00f6zl\u00e9si b\u00e1zis\u00e1llom\u00e1s\u00e1nak. Az akkumul\u00e1torcsomag maxim\u00e1lis t\u00f6lt\u0151\u00e1ram 100A \u00e9s maxim\u00e1lis kis\u00fct\u00e9si \u00e1ram 100A, lehet\u0151v\u00e9 t\u00e9ve a gyors \u00e9s hat\u00e9kony t\u00f6lt\u00e9st \u00e9s kis\u00fct\u00e9st.<br \/>\nAz akkumul\u00e1torcsomag CC\/CV t\u00f6lt\u00e9si m\u00f3ddal rendelkezik, amely biztos\u00edtja az akkumul\u00e1tor biztons\u00e1gos \u00e9s hat\u00e9kony felt\u00f6lt\u00e9s\u00e9t. A kijelz\u0151 opcion\u00e1lis, \u00edgy k\u00f6nnyed\u00e9n nyomon k\u00f6vetheti az akkumul\u00e1tor teljes\u00edtm\u00e9ny\u00e9t. Az RS485\/CAN kommunik\u00e1ci\u00f3s t\u00edpusa z\u00f6kken\u0151mentes kommunik\u00e1ci\u00f3t tesz lehet\u0151v\u00e9 a t\u00e1vk\u00f6zl\u00e9si b\u00e1zis\u00e1llom\u00e1ssal.<br \/>\nAkkumul\u00e1torcsomagunkat \u00fagy tervezt\u00e9k, hogy sz\u00e9les h\u0151m\u00e9rs\u00e9klet- \u00e9s k\u00f6rnyezeti tartom\u00e1nyban m\u0171k\u00f6dj\u00f6n, er\u0151s f\u00e9mkonstrukci\u00f3ja biztos\u00edtja a tart\u00f3ss\u00e1got \u00e9s a hossz\u00fa \u00e9lettartamot. 600 * 600 * 1530 mm-es m\u00e9ret\u00e9vel \u00e9s (k\u00f6r\u00fclbel\u00fcl) 190 kg t\u00f6meg\u00e9vel ez az akkumul\u00e1torcsomag kompakt \u00e9s k\u00f6nnyen telep\u00edthet\u0151.<br \/>\nAz akkumul\u00e1torcsomag sz\u00e1mos v\u00e9delmi funkci\u00f3val rendelkezik, bele\u00e9rtve a t\u00falt\u00f6lt\u00e9s elleni v\u00e9delmet, a t\u00falt\u00f6lt\u00e9s elleni v\u00e9delmet, a t\u00fal\u00e1ram elleni v\u00e9delmet \u00e9s m\u00e9g sok m\u00e1st. Ha ezekkel a v\u00e9delemmel rendelkezik, biztos lehet benne, hogy akkumul\u00e1tora biztons\u00e1gos \u00e9s megb\u00edzhat\u00f3.<\/p>","protected":false},"featured_media":281,"template":"","meta":{"_kad_post_transparent":"default","_kad_post_title":"","_kad_post_layout":"default","_kad_post_sidebar_id":"","_kad_post_content_style":"default","_kad_post_vertical_padding":"default","_kad_post_feature":"","_kad_post_feature_position":"","_kad_post_header":false,"_kad_post_footer":false},"product_cat":[25,28],"product_tag":[111,110,106,108,107,112,109],"class_list":["post-280","product","type-product","status-publish","has-post-thumbnail","hentry","product_cat-home-storage-battery","product_cat-base-station-battery","product_tag-48v-50ah-lifepo4-battery","product_tag-48v-lifepo4-battery-pack","product_tag-base-station-battery","product_tag-base-station-battery-kit","product_tag-base-station-battery-packs","product_tag-battery-pack-rack-type","product_tag-lifepo4-battery-pack","entry","content-bg","loop-entry"],"_links":{"self":[{"href":"https:\/\/bybatt.com\/hu\/wp-json\/wp\/v2\/product\/280","targetHints":{"allow":["GET"]}}],"collection":[{"href":"https:\/\/bybatt.com\/hu\/wp-json\/wp\/v2\/product"}],"about":[{"href":"https:\/\/bybatt.com\/hu\/wp-json\/wp\/v2\/types\/product"}],"wp:featuredmedia":[{"embeddable":true,"href":"https:\/\/bybatt.com\/hu\/wp-json\/wp\/v2\/media\/281"}],"wp:attachment":[{"href":"https:\/\/bybatt.com\/hu\/wp-json\/wp\/v2\/media?parent=280"}],"wp:term":[{"taxonomy":"product_cat","embeddable":true,"href":"https:\/\/bybatt.com\/hu\/wp-json\/wp\/v2\/product_cat?post=280"},{"taxonomy":"product_tag","embeddable":true,"href":"https:\/\/bybatt.com\/hu\/wp-json\/wp\/v2\/product_tag?post=280"}],"curies":[{"name":"wp","href":"https:\/\/api.w.org\/{rel}","templated":true}]}}