{"id":288,"date":"2023-02-18T03:13:02","date_gmt":"2023-02-18T03:13:02","guid":{"rendered":"https:\/\/bybatt.com\/?post_type=product&#038;p=288"},"modified":"2023-02-18T03:19:31","modified_gmt":"2023-02-18T03:19:31","slug":"server-mount-lifepo4-battery-solar-energy-storage-system","status":"publish","type":"product","link":"https:\/\/bybatt.com\/hu\/termek\/server-mount-lifepo4-battery-solar-energy-storage-system\/","title":{"rendered":"Szerverre szerelhet\u0151 LiFePO4 akkumul\u00e1toros napenergia t\u00e1rol\u00f3 rendszer"},"content":{"rendered":"","protected":false},"excerpt":{"rendered":"<p>Bemutatjuk szerverre szerelhet\u0151 LiFePO4 akkumul\u00e1toros napenergia-t\u00e1rol\u00f3 rendszer\u00fcnket, amely egy megb\u00edzhat\u00f3 \u00e9s nagy teljes\u00edtm\u00e9ny\u0171 energiat\u00e1rol\u00f3 megold\u00e1s, amelyet a modern szerverek \u00e9s adatk\u00f6zpontok ig\u00e9nyes ig\u00e9nyeinek kiel\u00e9g\u00edt\u00e9s\u00e9re terveztek.<br \/>\nA mind\u00f6ssze 100% \u00faj cell\u00e1val fel\u00e9p\u00edtett LiFePO4 akkumul\u00e1tortechnol\u00f3gi\u00e1nk kiv\u00e9teles teljes\u00edtm\u00e9nyt \u00e9s hossz\u00fa \u00e9lettartamot biztos\u00edt, stabil teljes\u00edtm\u00e9nyt \u00e9s konzisztens energiat\u00e1rol\u00e1st biztos\u00edt az \u00f6sszes szerverig\u00e9nyhez.<br \/>\n240 V n\u00e9vleges fesz\u00fclts\u00e9ggel \u00e9s 100 Ah n\u00e9vleges kapacit\u00e1ssal akkumul\u00e1torrendszer\u00fcnk 100 A maxim\u00e1lis t\u00f6lt\u0151\u00e1rammal \u00e9s 100 A maxim\u00e1lis kis\u00fcl\u00e9si \u00e1rammal b\u00fcszk\u00e9lkedhet. A fejlett CC\/CV t\u00f6lt\u00e9si m\u00f3d technol\u00f3gi\u00e1nk biztons\u00e1gosabb \u00e9s hat\u00e9konyabb t\u00f6lt\u00e9st garant\u00e1l az akkumul\u00e1torrendszer sz\u00e1m\u00e1ra.<br \/>\nRendszer\u00fcnk opcion\u00e1lis kijelz\u0151vel \u00e9s RS485\/CAN kommunik\u00e1ci\u00f3s k\u00e9pess\u00e9gekkel van felszerelve, \u00edgy k\u00f6nnyen nyomon k\u00f6vetheti az akkumul\u00e1tor teljes\u00edtm\u00e9ny\u00e9t \u00e9s kommunik\u00e1lhat a h\u00e1l\u00f3zat m\u00e1s eszk\u00f6zeivel.<br \/>\n\u00dagy tervezt\u00e9k, hogy ellen\u00e1lljon a zord munkak\u00f6r\u00fclm\u00e9nyeknek, a szerverre szerelhet\u0151 LiFePO4 akkumul\u00e1toros napenergia-t\u00e1rol\u00f3 rendszer\u00fcnk egy er\u0151s f\u00e9mh\u00e9jba van burkolva, amely biztos\u00edtja a tart\u00f3ss\u00e1got \u00e9s a hossz\u00fa \u00e9lettartamot. 600*600*1530 mm-es m\u00e9ret\u00e9vel el\u00e9g kompakt ahhoz, hogy b\u00e1rmilyen szerverterembe vagy adatk\u00f6zpontba bef\u00e9rjen.<br \/>\nK\u00f6r\u00fclbel\u00fcl 190 kg s\u00faly\u00fa rendszer\u00fcnk egyszer\u0171 telep\u00edt\u00e9st \u00e9s kezel\u00e9st k\u00edn\u00e1l, t\u00falt\u00f6lt\u00e9s elleni v\u00e9delemmel, t\u00falkis\u00fcl\u00e9s elleni v\u00e9delemmel, t\u00fal\u00e1ramv\u00e9delemmel \u00e9s egy\u00e9b be\u00e9p\u00edtett alapvet\u0151 biztons\u00e1gi funkci\u00f3kkal, amelyek garant\u00e1lj\u00e1k akkumul\u00e1torrendszer\u00fcnk biztons\u00e1gos haszn\u00e1lat\u00e1t.<br \/>\nEgyetlen 5 kWh kapacit\u00e1s\u00fa akkumul\u00e1torral rendszer\u00fcnk ak\u00e1r 15 kWh-ig is felszerelhet\u0151, hogy megfeleljen az energiat\u00e1rol\u00e1si k\u00f6vetelm\u00e9nyeknek. Szerverre szerelhet\u0151 LiFePO4 akkumul\u00e1toros napenergia-t\u00e1rol\u00f3 rendszer\u00fcnk a t\u00f6k\u00e9letes energiat\u00e1rol\u00e1si megold\u00e1s minden szerver- \u00e9s adatk\u00f6zpont-sz\u00fcks\u00e9glethez.<\/p>","protected":false},"featured_media":289,"template":"","meta":{"_kad_post_transparent":"default","_kad_post_title":"","_kad_post_layout":"default","_kad_post_sidebar_id":"","_kad_post_content_style":"default","_kad_post_vertical_padding":"default","_kad_post_feature":"","_kad_post_feature_position":"","_kad_post_header":false,"_kad_post_footer":false},"product_cat":[25,28],"product_tag":[120,119,118,117,116,113,115,101,114],"class_list":["post-288","product","type-product","status-publish","has-post-thumbnail","hentry","product_cat-home-storage-battery","product_cat-base-station-battery","product_tag-energy-storage-container","product_tag-lifepo4-energy-battery","product_tag-lithium-battery-51-2v-100ah","product_tag-rack-mount-lifepo4-battery","product_tag-rack-mounted-lithium-battery","product_tag-server-mount-lifepo4-battery","product_tag-server-rack-battery","product_tag-server-rack-lifepo4-solar-batteries","product_tag-solar-lithium-battery-server-rack","entry","content-bg","loop-entry"],"_links":{"self":[{"href":"https:\/\/bybatt.com\/hu\/wp-json\/wp\/v2\/product\/288","targetHints":{"allow":["GET"]}}],"collection":[{"href":"https:\/\/bybatt.com\/hu\/wp-json\/wp\/v2\/product"}],"about":[{"href":"https:\/\/bybatt.com\/hu\/wp-json\/wp\/v2\/types\/product"}],"wp:featuredmedia":[{"embeddable":true,"href":"https:\/\/bybatt.com\/hu\/wp-json\/wp\/v2\/media\/289"}],"wp:attachment":[{"href":"https:\/\/bybatt.com\/hu\/wp-json\/wp\/v2\/media?parent=288"}],"wp:term":[{"taxonomy":"product_cat","embeddable":true,"href":"https:\/\/bybatt.com\/hu\/wp-json\/wp\/v2\/product_cat?post=288"},{"taxonomy":"product_tag","embeddable":true,"href":"https:\/\/bybatt.com\/hu\/wp-json\/wp\/v2\/product_tag?post=288"}],"curies":[{"name":"wp","href":"https:\/\/api.w.org\/{rel}","templated":true}]}}