{"id":291,"date":"2023-02-18T03:25:01","date_gmt":"2023-02-18T03:25:01","guid":{"rendered":"https:\/\/bybatt.com\/?post_type=product&#038;p=291"},"modified":"2023-02-18T03:32:11","modified_gmt":"2023-02-18T03:32:11","slug":"ups-battery-base-station-backup-battery-power-system-solution","status":"publish","type":"product","link":"https:\/\/bybatt.com\/hu\/termek\/ups-battery-base-station-backup-battery-power-system-solution\/","title":{"rendered":"UPS akkumul\u00e1tor b\u00e1zis\u00e1llom\u00e1s tartal\u00e9k akkumul\u00e1toros t\u00e1prendszer megold\u00e1s"},"content":{"rendered":"","protected":false},"excerpt":{"rendered":"<p>Bemutatjuk a legmodernebb UPS akkumul\u00e1tor b\u00e1zis\u00e1llom\u00e1s tartal\u00e9k akkumul\u00e1toros energiarendszer-megold\u00e1sunkat, amelyet \u00fagy tervezt\u00fcnk, hogy megb\u00edzhat\u00f3 \u00e9s hat\u00e9kony tartal\u00e9k energiaell\u00e1t\u00e1si megold\u00e1st biztos\u00edtson minden energiasz\u00fcks\u00e9glet\u00e9hez. Akkumul\u00e1toraink 100% \u00faj cell\u00e1kkal k\u00e9sz\u00fclnek, a leg\u00fajabb LiFePO4 akkumul\u00e1tor-technol\u00f3gi\u00e1t haszn\u00e1lva a hossz\u00fa \u00e9lettartam\u00fa, nagy teljes\u00edtm\u00e9ny\u0171 energia biztos\u00edt\u00e1sa \u00e9rdek\u00e9ben.<br \/>\n240 V n\u00e9vleges fesz\u00fclts\u00e9g\u00e9vel \u00e9s 100 Ah n\u00e9vleges kapacit\u00e1s\u00e1val akkumul\u00e1torrendszer\u00fcnk k\u00f6nnyed\u00e9n k\u00e9pes kezelni a nagy teljes\u00edtm\u00e9ny\u0171 terhel\u00e9seket. Akkumul\u00e1torrendszer\u00fcnk maxim\u00e1lis t\u00f6lt\u0151\u00e1rama 100A \u00e9s maxim\u00e1lis kis\u00fcl\u00e9si \u00e1rama 100A, ami lehet\u0151v\u00e9 teszi a gyors t\u00f6lt\u00e9st \u00e9s a gyors kis\u00fcl\u00e9si id\u0151t.<br \/>\nAkkumul\u00e1torainkat CC\/CV t\u00f6lt\u00e9si m\u00f3ddal tervezt\u00e9k, \u00e9s opcion\u00e1lis kijelz\u0151vel rendelkeznek a teljes\u00edtm\u00e9nyszint figyel\u00e9s\u00e9hez \u00e9s vez\u00e9rl\u00e9s\u00e9hez. Rendszer\u00fcnk RS485\/CAN kommunik\u00e1ci\u00f3t is tartalmaz, amely lehet\u0151v\u00e9 teszi a k\u00f6nny\u0171 integr\u00e1ci\u00f3t a megl\u00e9v\u0151 \u00e1ramrendszerekkel.<br \/>\nTart\u00f3s f\u00e9manyagokb\u00f3l k\u00e9sz\u00fclt akkumul\u00e1torrendszer\u00fcnk \u00fagy k\u00e9sz\u00fclt, hogy ellen\u00e1lljon a sz\u00e9ls\u0151s\u00e9ges h\u0151m\u00e9rs\u00e9kleteknek \u00e9s a zord k\u00f6rnyezeti felt\u00e9teleknek. Rendszer\u00fcnk m\u00e9retei 6006001530mm, t\u00f6mege pedig k\u00f6r\u00fclbel\u00fcl 190 kg, \u00edgy k\u00e9nyelmes \u00e9s praktikus megold\u00e1st jelent az energiaig\u00e9nyek sz\u00e9les sk\u00e1l\u00e1j\u00e1ra.<br \/>\nRendszer\u00fcnk t\u00falt\u00f6lt\u00e9s elleni v\u00e9delemmel, t\u00falkis\u00fcl\u00e9s elleni v\u00e9delemmel, t\u00fal\u00e1ramv\u00e9delemmel \u00e9s egy\u00e9b fejlett biztons\u00e1gi funkci\u00f3kkal van felszerelve, amelyek biztos\u00edtj\u00e1k, hogy az elektromos rendszer mindig v\u00e9dett \u00e9s biztons\u00e1gos legyen.<\/p>","protected":false},"featured_media":292,"template":"","meta":{"_kad_post_transparent":"default","_kad_post_title":"","_kad_post_layout":"default","_kad_post_sidebar_id":"","_kad_post_content_style":"default","_kad_post_vertical_padding":"default","_kad_post_feature":"","_kad_post_feature_position":"","_kad_post_header":false,"_kad_post_footer":false},"product_cat":[25,28],"product_tag":[124,123,126,125,122,121,127],"class_list":["post-291","product","type-product","status-publish","has-post-thumbnail","hentry","product_cat-home-storage-battery","product_cat-base-station-battery","product_tag-51-2v-energy-storage-solar-base-station-power","product_tag-base-station-backup-battery","product_tag-battery-200ah","product_tag-supply-48v-100ah-gyll-lifepo4-solar-battery-rack","product_tag-ups-base-station-backup-battery","product_tag-ups-battery","product_tag-ups-communication-base-station","entry","content-bg","loop-entry"],"_links":{"self":[{"href":"https:\/\/bybatt.com\/hu\/wp-json\/wp\/v2\/product\/291","targetHints":{"allow":["GET"]}}],"collection":[{"href":"https:\/\/bybatt.com\/hu\/wp-json\/wp\/v2\/product"}],"about":[{"href":"https:\/\/bybatt.com\/hu\/wp-json\/wp\/v2\/types\/product"}],"wp:featuredmedia":[{"embeddable":true,"href":"https:\/\/bybatt.com\/hu\/wp-json\/wp\/v2\/media\/292"}],"wp:attachment":[{"href":"https:\/\/bybatt.com\/hu\/wp-json\/wp\/v2\/media?parent=291"}],"wp:term":[{"taxonomy":"product_cat","embeddable":true,"href":"https:\/\/bybatt.com\/hu\/wp-json\/wp\/v2\/product_cat?post=291"},{"taxonomy":"product_tag","embeddable":true,"href":"https:\/\/bybatt.com\/hu\/wp-json\/wp\/v2\/product_tag?post=291"}],"curies":[{"name":"wp","href":"https:\/\/api.w.org\/{rel}","templated":true}]}}