{"id":296,"date":"2023-02-18T03:39:37","date_gmt":"2023-02-18T03:39:37","guid":{"rendered":"https:\/\/bybatt.com\/?post_type=product&#038;p=296"},"modified":"2023-02-18T03:48:57","modified_gmt":"2023-02-18T03:48:57","slug":"48v-power-wall-mounted-lithium-battery-energy-storage-system","status":"publish","type":"product","link":"https:\/\/bybatt.com\/hu\/termek\/48v-power-wall-mounted-lithium-battery-energy-storage-system\/","title":{"rendered":"48 V-os fali l\u00edtium akkumul\u00e1toros energiat\u00e1rol\u00f3 rendszer"},"content":{"rendered":"","protected":false},"excerpt":{"rendered":"<p>Bemutatjuk a 48 V-os, falra szerelhet\u0151 l\u00edtium akkumul\u00e1toros energiat\u00e1rol\u00f3 rendszer\u00fcnket, amely megb\u00edzhat\u00f3 \u00e9s hat\u00e9kony energiat\u00e1rol\u00e1st biztos\u00edt otthonok \u00e9s v\u00e1llalkoz\u00e1sok sz\u00e1m\u00e1ra. Akkumul\u00e1toraink 100% \u00faj cell\u00e1kkal k\u00e9sz\u00fclnek, biztos\u00edtva a cs\u00facsmin\u0151s\u00e9get \u00e9s a hossz\u00fa \u00e9lettartamot.<br \/>\nV\u00e1lasszon az energiaig\u00e9ny\u00e9nek megfelel\u0151 kapacit\u00e1sok k\u00f6z\u00fcl: 50Ah, 100Ah, 150Ah vagy 200Ah, 2,56KWH \u00e9s 10,24KWH k\u00f6z\u00f6tti energiakimenettel. Ak\u00e1r 10 240 W-os maxim\u00e1lis teljes\u00edtm\u00e9ny\u00e9vel akkumul\u00e1torrendszer\u00fcnk elegend\u0151 energi\u00e1t biztos\u00edt minden energiasz\u00fcks\u00e9glet\u00e9hez.<br \/>\nAkkumul\u00e1torrendszer\u00fcnket tart\u00f3sra tervezt\u00e9k, \u00e9lettartama ak\u00e1r 6000 ciklus is lehet 80% kis\u00fct\u00e9si m\u00e9lys\u00e9g mellett, \u00e9s -20\u00b0C \u00e9s 60\u00b0C k\u00f6z\u00f6tti h\u0151m\u00e9rs\u00e9klet-tartom\u00e1nyban. Az akkumul\u00e1tor legfeljebb 5 h\u00f3napig t\u00e1rolhat\u00f3 25 \u00b0C-on, 3 h\u00f3napig 35 \u00b0C-on \u00e9s 1 h\u00f3napig 45 \u00b0C-on, \u00edgy alkalmas k\u00fcl\u00f6nf\u00e9le k\u00f6rnyezeti felt\u00e9telekre.<br \/>\nAkkumul\u00e1torrendszer\u00fcnk falra szerelhet\u0151 kialak\u00edt\u00e1sa egyszer\u0171 telep\u00edt\u00e9st tesz lehet\u0151v\u00e9, \u00e9s \u00e9rt\u00e9kes alapter\u00fcletet takar\u00edt meg. 360*140*570 mm-es m\u00e9ret\u00e9vel kompakt \u00e9s sz\u0171k helyen is elf\u00e9r.<\/p>","protected":false},"featured_media":297,"template":"","meta":{"_kad_post_transparent":"default","_kad_post_title":"","_kad_post_layout":"default","_kad_post_sidebar_id":"","_kad_post_content_style":"default","_kad_post_vertical_padding":"default","_kad_post_feature":"","_kad_post_feature_position":"","_kad_post_header":false,"_kad_post_footer":false},"product_cat":[25,27],"product_tag":[136,135,131,137,129,132,134,130,128,133],"class_list":["post-296","product","type-product","status-publish","has-post-thumbnail","hentry","product_cat-home-storage-battery","product_cat-home-battery-powerwall","product_tag-10kwh-7kwh-5kwh-energy-storage-battery","product_tag-48v-wall-mounted-power-battery","product_tag-energy-storage-system","product_tag-lifepo4-lithium-battery-powerwall","product_tag-lithium-battery-wall-mount","product_tag-powerwall-battery","product_tag-rechargeable-lifepo4-lithium-ion-battery","product_tag-wall-mounted-battery","product_tag-wall-mounted-lithium-battery","product_tag-wall-mounted-power-battery","entry","content-bg","loop-entry"],"_links":{"self":[{"href":"https:\/\/bybatt.com\/hu\/wp-json\/wp\/v2\/product\/296","targetHints":{"allow":["GET"]}}],"collection":[{"href":"https:\/\/bybatt.com\/hu\/wp-json\/wp\/v2\/product"}],"about":[{"href":"https:\/\/bybatt.com\/hu\/wp-json\/wp\/v2\/types\/product"}],"wp:featuredmedia":[{"embeddable":true,"href":"https:\/\/bybatt.com\/hu\/wp-json\/wp\/v2\/media\/297"}],"wp:attachment":[{"href":"https:\/\/bybatt.com\/hu\/wp-json\/wp\/v2\/media?parent=296"}],"wp:term":[{"taxonomy":"product_cat","embeddable":true,"href":"https:\/\/bybatt.com\/hu\/wp-json\/wp\/v2\/product_cat?post=296"},{"taxonomy":"product_tag","embeddable":true,"href":"https:\/\/bybatt.com\/hu\/wp-json\/wp\/v2\/product_tag?post=296"}],"curies":[{"name":"wp","href":"https:\/\/api.w.org\/{rel}","templated":true}]}}