{"id":300,"date":"2023-02-18T03:55:53","date_gmt":"2023-02-18T03:55:53","guid":{"rendered":"https:\/\/bybatt.com\/?post_type=product&#038;p=300"},"modified":"2023-02-18T05:26:41","modified_gmt":"2023-02-18T05:26:41","slug":"home-solar-wall-mounted-lithium-battery-lifepo4-battery","status":"publish","type":"product","link":"https:\/\/bybatt.com\/hu\/termek\/home-solar-wall-mounted-lithium-battery-lifepo4-battery\/","title":{"rendered":"Kezd\u0151lap Napelemes falra szerelhet\u0151 l\u00edtium akkumul\u00e1tor LiFePO4 akkumul\u00e1tor"},"content":{"rendered":"","protected":false},"excerpt":{"rendered":"<p>Bemutatjuk otthoni napelemes falra szerelhet\u0151 l\u00edtium akkumul\u00e1torunkat, a LiFePO4 akkumul\u00e1torunkat, amelyet arra terveztek, hogy meg\u00fajul\u00f3 energi\u00e1val t\u00e1pl\u00e1lja otthon\u00e1t. Ez az innovat\u00edv akkumul\u00e1tor 100% \u00faj cell\u00e1b\u00f3l k\u00e9sz\u00fcl, ami maxim\u00e1lis hat\u00e9konys\u00e1got \u00e9s hossz\u00fa \u00e9lettartam\u00fa megb\u00edzhat\u00f3s\u00e1got biztos\u00edt.<br \/>\nA 48 V-os kapacit\u00e1ssal \u00e9s n\u00e9gyf\u00e9le energiat\u00e1rol\u00e1si lehet\u0151s\u00e9ggel \u2013 50Ah, 100Ah, 150Ah \u00e9s 200Ah \u2013 kiv\u00e1laszthatja az energiasz\u00fcks\u00e9glet\u00e9nek megfelel\u0151, t\u00f6k\u00e9letes m\u00e9retet. Az akkumul\u00e1tor 2,56 KWH \u00e9s 10,24 KWH k\u00f6z\u00f6tti energi\u00e1t k\u00e9pes t\u00e1rolni, lehet\u0151v\u00e9 t\u00e9ve otthon\u00e1nak energiaell\u00e1t\u00e1s\u00e1t an\u00e9lk\u00fcl, hogy hagyom\u00e1nyos energiaforr\u00e1sokra t\u00e1maszkodna.<br \/>\nA maxim\u00e1lis kimen\u0151 teljes\u00edtm\u00e9ny 2560 W \u00e9s 10 240 W k\u00f6z\u00f6tt van, \u00edgy biztos\u00edtva az otthoni z\u00f6kken\u0151mentes m\u0171k\u00f6d\u00e9shez sz\u00fcks\u00e9ges teljes\u00edtm\u00e9nyt. Ezenk\u00edv\u00fcl az akkumul\u00e1tort \u00fagy tervezt\u00e9k, hogy ak\u00e1r 6000 ciklust is kib\u00edrjon, amikor 80% kis\u00fcl\u00e9si m\u00e9lys\u00e9gig (DOD) 25\u00b0C-os h\u0151m\u00e9rs\u00e9kleten lemer\u00fcl, \u00edgy biztos\u00edtva a hossz\u00fa t\u00e1v\u00fa megb\u00edzhat\u00f3s\u00e1got.<br \/>\nEz az akkumul\u00e1tor ide\u00e1lis otthoni haszn\u00e1latra, falra szerelhet\u0151, minim\u00e1lis helyet foglalva. \u00dagy tervezt\u00e9k, hogy ellen\u00e1lljon a -20\u00b0C \u00e9s 60\u00b0C k\u00f6z\u00f6tti h\u0151m\u00e9rs\u00e9klettartom\u00e1nyoknak, \u00e9s 60+\/-25% relat\u00edv p\u00e1ratartalom mellett is m\u0171k\u00f6dj\u00f6n. Ezenk\u00edv\u00fcl 25\u00b0C-on 5 h\u00f3napig, 35\u00b0C-on 3 h\u00f3napig \u00e9s 45\u00b0C-on 1 h\u00f3napig t\u00e1rolhat\u00f3.<br \/>\nAz akkumul\u00e1tor kompakt m\u00e9rete 360*140*570 mm, \u00edgy k\u00f6nnyen beszerelhet\u0151 az otthon\u00e1ba. Otthoni, napelemes fali l\u00edtium akkumul\u00e1torunk, a LiFePO4 akkumul\u00e1tor k\u00f6rnyezetbar\u00e1t \u00e9s k\u00f6lts\u00e9ghat\u00e9kony m\u00f3dja annak, hogy meg\u00fajul\u00f3 energi\u00e1val t\u00e1pl\u00e1lja otthon\u00e1t. Fektessen be ebbe az innovat\u00edv akkumul\u00e1torba m\u00e9g ma, \u00e9s vegye k\u00e9zbe energiafogyaszt\u00e1s\u00e1t.<\/p>","protected":false},"featured_media":301,"template":"","meta":{"_kad_post_transparent":"default","_kad_post_title":"","_kad_post_layout":"default","_kad_post_sidebar_id":"","_kad_post_content_style":"default","_kad_post_vertical_padding":"default","_kad_post_feature":"","_kad_post_feature_position":"","_kad_post_header":false,"_kad_post_footer":false},"product_cat":[25,27],"product_tag":[140,139,62,141,128,138],"class_list":["post-300","product","type-product","status-publish","has-post-thumbnail","hentry","product_cat-home-storage-battery","product_cat-home-battery-powerwall","product_tag-home-energy-storage","product_tag-home-power-wall-mounted-battery","product_tag-lifepo4-solar-lithium-battery","product_tag-power-wall","product_tag-wall-mounted-lithium-battery","product_tag-wall-mounted-lithium-home-battery","entry","content-bg","loop-entry"],"_links":{"self":[{"href":"https:\/\/bybatt.com\/hu\/wp-json\/wp\/v2\/product\/300","targetHints":{"allow":["GET"]}}],"collection":[{"href":"https:\/\/bybatt.com\/hu\/wp-json\/wp\/v2\/product"}],"about":[{"href":"https:\/\/bybatt.com\/hu\/wp-json\/wp\/v2\/types\/product"}],"wp:featuredmedia":[{"embeddable":true,"href":"https:\/\/bybatt.com\/hu\/wp-json\/wp\/v2\/media\/301"}],"wp:attachment":[{"href":"https:\/\/bybatt.com\/hu\/wp-json\/wp\/v2\/media?parent=300"}],"wp:term":[{"taxonomy":"product_cat","embeddable":true,"href":"https:\/\/bybatt.com\/hu\/wp-json\/wp\/v2\/product_cat?post=300"},{"taxonomy":"product_tag","embeddable":true,"href":"https:\/\/bybatt.com\/hu\/wp-json\/wp\/v2\/product_tag?post=300"}],"curies":[{"name":"wp","href":"https:\/\/api.w.org\/{rel}","templated":true}]}}