{"id":306,"date":"2023-02-18T05:30:26","date_gmt":"2023-02-18T05:30:26","guid":{"rendered":"https:\/\/bybatt.com\/?post_type=product&#038;p=306"},"modified":"2023-02-18T05:40:06","modified_gmt":"2023-02-18T05:40:06","slug":"cheap-48v-100ah-lifepo4-powerwall-lithium-ion-home-battery","status":"publish","type":"product","link":"https:\/\/bybatt.com\/hu\/termek\/cheap-48v-100ah-lifepo4-powerwall-lithium-ion-home-battery\/","title":{"rendered":"Olcs\u00f3 48V 100AH LiFePO4 Powerwall l\u00edtiumionos otthoni akkumul\u00e1tor"},"content":{"rendered":"","protected":false},"excerpt":{"rendered":"<p>A 48V 100AH LiFePO4 Powerwall Lithium ion Home Battery egy fejlett megold\u00e1s az otthoni tartal\u00e9k t\u00e1pell\u00e1t\u00e1shoz. Ezt a cs\u00facstechnol\u00f3gi\u00e1s term\u00e9ket \u00fagy tervezt\u00e9k, hogy modern diz\u00e1jnj\u00e1val \u00e9s miniat\u00fcriz\u00e1lt, k\u00f6nny\u0171 fel\u00e9p\u00edt\u00e9s\u00e9vel z\u00f6kken\u0151mentesen illeszkedjen otthon\u00e1ba. Intelligens, szabv\u00e1nyos \u00e9s k\u00f6rnyezetbar\u00e1t, \u00edgy kiv\u00e1l\u00f3 v\u00e1laszt\u00e1s azok sz\u00e1m\u00e1ra, akik cs\u00f6kkenteni szeretn\u00e9k sz\u00e9nl\u00e1bnyomukat.<br \/>\nA powerwall otthoni akkumul\u00e1tor l\u00edtium (LiFePO4) akkumul\u00e1tor\u00e1nak 5 kWh t\u00e1rol\u00f3kapacit\u00e1sa elegend\u0151 energi\u00e1t biztos\u00edt ahhoz, hogy b\u00e1rmikor t\u00e1vol tartsa \u00d6nt a h\u00e1l\u00f3zatt\u00f3l. Ez az akkumul\u00e1tor a vil\u00e1g legn\u00e9pszer\u0171bb energiat\u00e1rol\u00f3 megold\u00e1sa, amely megb\u00edzhat\u00f3 otthoni tartal\u00e9k energi\u00e1t k\u00edn\u00e1l, amelyre sz\u00e1m\u00edthat. M\u00e9g ha a napelemes utaz\u00e1sa nem is a gy\u00e1rt\u00f3kn\u00e1l kezd\u0151d\u00f6tt, akkor is \u00e9lvezheti ennek az otthoni akkumul\u00e1toros rendszernek \u00e9s az otthoni akkumul\u00e1toros tartal\u00e9k t\u00e1pell\u00e1t\u00e1si rendszernek az el\u0151nyeit.<br \/>\nAz ezekben az akkumul\u00e1torokban haszn\u00e1lt \u00f6sszes cella 100% \u00faj, amely biztos\u00edtja a hossz\u00fa \u00e9lettartamot. Az akkumul\u00e1tor k\u00fcl\u00f6nb\u00f6z\u0151 kapacit\u00e1sokban \u00e9s m\u00e9retekben kaphat\u00f3, 2,56 KWH, 5,12 KWH, 7,68 KWH \u00e9s 10,24 KWH, maxim\u00e1lis teljes\u00edtm\u00e9nye pedig 2560 W, 5120 W, 7680 W \u00e9s 10 240 W. Az akkumul\u00e1tor hossz\u00fa, 6000 ciklusos \u00e9lettartammal rendelkezik (80% DOD, 25\u00b0C-on), ami megb\u00edzhat\u00f3, hossz\u00fa t\u00e1v\u00fa haszn\u00e1latot tesz lehet\u0151v\u00e9.<br \/>\nEz az akkumul\u00e1tor legfeljebb 5 h\u00f3napig t\u00e1rolhat\u00f3 25 \u00b0C-on, 3 h\u00f3napig 35 \u00b0C-on \u00e9s 1 h\u00f3napig 45 \u00b0C-on, \u00edgy rugalmas megold\u00e1st jelent a tartal\u00e9k energiasz\u00fcks\u00e9gletek kiel\u00e9g\u00edt\u00e9s\u00e9re. M\u0171k\u00f6dhet -20\u00b0C \u00e9s 60\u00b0C k\u00f6z\u00f6tti h\u0151m\u00e9rs\u00e9kleti tartom\u00e1nyban 60+\/-25% relat\u00edv p\u00e1ratartalom mellett, biztos\u00edtva ezzel, hogy k\u00fcl\u00f6nf\u00e9le k\u00f6r\u00fclm\u00e9nyek k\u00f6z\u00f6tt is j\u00f3l m\u0171k\u00f6dj\u00f6n. Az akkumul\u00e1tor m\u00e9rete 360*140*570mm, \u00edgy k\u00f6nnyen be\u00e9p\u00edthet\u0151 az otthon\u00e1ba.<\/p>","protected":false},"featured_media":307,"template":"","meta":{"_kad_post_transparent":"default","_kad_post_title":"","_kad_post_layout":"default","_kad_post_sidebar_id":"","_kad_post_content_style":"default","_kad_post_vertical_padding":"default","_kad_post_feature":"","_kad_post_feature_position":"","_kad_post_header":false,"_kad_post_footer":false},"product_cat":[25,27],"product_tag":[147,149,144,143,145,146,142,148],"class_list":["post-306","product","type-product","status-publish","has-post-thumbnail","hentry","product_cat-home-storage-battery","product_cat-home-battery-powerwall","product_tag-6000-cycles-life-lithium-ion-battery","product_tag-home-battery-lithium-powerwall","product_tag-lifepo4-home-battery","product_tag-lithium-ion-home-battery","product_tag-powerwall-home-battery","product_tag-powerwall-lithium-ion-battery","product_tag-powerwall-lithium-ion-home-battery","product_tag-powerwall-tesla-10kwh","entry","content-bg","loop-entry"],"_links":{"self":[{"href":"https:\/\/bybatt.com\/hu\/wp-json\/wp\/v2\/product\/306","targetHints":{"allow":["GET"]}}],"collection":[{"href":"https:\/\/bybatt.com\/hu\/wp-json\/wp\/v2\/product"}],"about":[{"href":"https:\/\/bybatt.com\/hu\/wp-json\/wp\/v2\/types\/product"}],"wp:featuredmedia":[{"embeddable":true,"href":"https:\/\/bybatt.com\/hu\/wp-json\/wp\/v2\/media\/307"}],"wp:attachment":[{"href":"https:\/\/bybatt.com\/hu\/wp-json\/wp\/v2\/media?parent=306"}],"wp:term":[{"taxonomy":"product_cat","embeddable":true,"href":"https:\/\/bybatt.com\/hu\/wp-json\/wp\/v2\/product_cat?post=306"},{"taxonomy":"product_tag","embeddable":true,"href":"https:\/\/bybatt.com\/hu\/wp-json\/wp\/v2\/product_tag?post=306"}],"curies":[{"name":"wp","href":"https:\/\/api.w.org\/{rel}","templated":true}]}}