{"id":311,"date":"2023-02-18T08:35:21","date_gmt":"2023-02-18T08:35:21","guid":{"rendered":"https:\/\/bybatt.com\/?post_type=product&#038;p=311"},"modified":"2023-02-18T08:41:37","modified_gmt":"2023-02-18T08:41:37","slug":"grid-hybrid-inverter-wall-mounted-battery-home-solar-system","status":"publish","type":"product","link":"https:\/\/bybatt.com\/hu\/termek\/grid-hybrid-inverter-wall-mounted-battery-home-solar-system\/","title":{"rendered":"Grid Hybrid Inverter falra szerelhet\u0151 akkumul\u00e1toros otthoni napelemes rendszer"},"content":{"rendered":"","protected":false},"excerpt":{"rendered":"<p>Ezt a Grid Hybrid Inverter falra szerelhet\u0151 akkumul\u00e1toros otthoni napelemes rendszert lakoss\u00e1gi haszn\u00e1latra tervezt\u00e9k, \u00e9s akkumul\u00e1torbankb\u00f3l, hibrid inverterb\u0151l \u00e9s napelemekb\u0151l \u00e1ll. Az akkumul\u00e1torbank kapacit\u00e1sa 48 V, \u00e9s n\u00e9gy k\u00fcl\u00f6nb\u00f6z\u0151 m\u00e9retben kaphat\u00f3 \u2013 50Ah, 100Ah, 150Ah \u00e9s 200Ah, a megfelel\u0151 energiat\u00e1rol\u00f3 2.56KWH, 5.12KWH, 7.68KWH, illetve 10.24KWH. A felhaszn\u00e1lt akkumul\u00e1torcell\u00e1k teljesen \u00fajak, \u00edgy biztos\u00edtva a kiv\u00e1l\u00f3 teljes\u00edtm\u00e9nyt.<br \/>\nA rendszer maxim\u00e1lis teljes\u00edtm\u00e9nye az akkumul\u00e1tor m\u00e9ret\u00e9t\u0151l f\u00fcgg\u0151en v\u00e1ltozik, a legnagyobb, 200 Ah-s kapacit\u00e1ssal 10 240 W maxim\u00e1lis teljes\u00edtm\u00e9nyt k\u00e9pes el\u0151\u00e1ll\u00edtani. Az akkumul\u00e1tor \u00e9lettartama ak\u00e1r 6000 ciklus is lehet, ha kapacit\u00e1s\u00e1b\u00f3l 80%-ig lemer\u00fcl 25\u00b0C-os h\u0151m\u00e9rs\u00e9kleten.<br \/>\nAz akkumul\u00e1tor legfeljebb 5 h\u00f3napig t\u00e1rolhat\u00f3 25\u00b0C-on, 3 h\u00f3napig 35\u00b0C-on \u00e9s 1 h\u00f3napig 45\u00b0C-on, \u00edgy a felhaszn\u00e1l\u00f3k rugalmass\u00e1got \u00e9s k\u00e9nyelmet biztos\u00edtanak. A rendszer -20\u00b0C \u00e9s 60\u00b0C k\u00f6z\u00f6tti h\u0151m\u00e9rs\u00e9klet-tartom\u00e1nyban, 60+\/-25% relat\u00edv p\u00e1ratartalom mellett tud m\u0171k\u00f6dni.<br \/>\nAz akkumul\u00e1torbank m\u00e9retei 360*140*570 mm, \u00edgy k\u00f6nnyen falra szerelhet\u0151 a helytakar\u00e9kos telep\u00edt\u00e9s \u00e9rdek\u00e9ben. Ez a napelemes rendszer ide\u00e1lis megold\u00e1s azon h\u00e1ztart\u00e1sok sz\u00e1m\u00e1ra, amelyek cs\u00f6kkenteni szeretn\u00e9k villanysz\u00e1ml\u00e1jukat, \u00e9s a h\u00e1l\u00f3zatra t\u00e1maszkodnak, mik\u00f6zben pozit\u00edv hat\u00e1st gyakorolnak a k\u00f6rnyezetre.<\/p>","protected":false},"featured_media":312,"template":"","meta":{"_kad_post_transparent":"default","_kad_post_title":"","_kad_post_layout":"default","_kad_post_sidebar_id":"","_kad_post_content_style":"default","_kad_post_vertical_padding":"default","_kad_post_feature":"","_kad_post_feature_position":"","_kad_post_header":false,"_kad_post_footer":false},"product_cat":[25,27],"product_tag":[151,131,68,152,153,155,150,154,130],"class_list":["post-311","product","type-product","status-publish","has-post-thumbnail","hentry","product_cat-home-storage-battery","product_cat-home-battery-powerwall","product_tag-battery-storage","product_tag-energy-storage-system","product_tag-lifepo4-lithium-battery","product_tag-power-battery-wall","product_tag-power-storage","product_tag-power-wall-hybrid-grid","product_tag-powerwall-energy","product_tag-solar-battery-storage-system","product_tag-wall-mounted-battery","entry","content-bg","loop-entry"],"_links":{"self":[{"href":"https:\/\/bybatt.com\/hu\/wp-json\/wp\/v2\/product\/311","targetHints":{"allow":["GET"]}}],"collection":[{"href":"https:\/\/bybatt.com\/hu\/wp-json\/wp\/v2\/product"}],"about":[{"href":"https:\/\/bybatt.com\/hu\/wp-json\/wp\/v2\/types\/product"}],"wp:featuredmedia":[{"embeddable":true,"href":"https:\/\/bybatt.com\/hu\/wp-json\/wp\/v2\/media\/312"}],"wp:attachment":[{"href":"https:\/\/bybatt.com\/hu\/wp-json\/wp\/v2\/media?parent=311"}],"wp:term":[{"taxonomy":"product_cat","embeddable":true,"href":"https:\/\/bybatt.com\/hu\/wp-json\/wp\/v2\/product_cat?post=311"},{"taxonomy":"product_tag","embeddable":true,"href":"https:\/\/bybatt.com\/hu\/wp-json\/wp\/v2\/product_tag?post=311"}],"curies":[{"name":"wp","href":"https:\/\/api.w.org\/{rel}","templated":true}]}}