{"id":316,"date":"2023-02-18T08:42:14","date_gmt":"2023-02-18T08:42:14","guid":{"rendered":"https:\/\/bybatt.com\/?post_type=product&#038;p=316"},"modified":"2023-03-05T16:19:15","modified_gmt":"2023-03-05T16:19:15","slug":"lifepo4-tesla-powerwall-lithium-battery-for-solar-system","status":"publish","type":"product","link":"https:\/\/bybatt.com\/hu\/termek\/lifepo4-tesla-powerwall-lithium-battery-for-solar-system\/","title":{"rendered":"LiFePO4 Tesla Powerwall l\u00edtium akkumul\u00e1tor napelemes rendszerhez"},"content":{"rendered":"","protected":false},"excerpt":{"rendered":"<p>A LiFePO4 Tesla Powerwall l\u00edtium akkumul\u00e1tort napelemes rendszerekben val\u00f3 haszn\u00e1latra tervezt\u00e9k, \u00e9s t\u00f6bbf\u00e9le kapacit\u00e1ssal kaphat\u00f3: 48V 50Ah, 48V 100Ah, 48V 150Ah \u00e9s 48V 200Ah. Az akkumul\u00e1tor maxim\u00e1lis energiakapacit\u00e1sa 2,56 KWH, 5,12 KWH, 7,68 KWH, illetve 10,24 KWH, maxim\u00e1lis teljes\u00edtm\u00e9nye pedig 2560 W, 5120 W, 7680 W \u00e9s 10 240 W.<br \/>\nAz akkumul\u00e1tor 100% \u00faj cell\u00e1kb\u00f3l k\u00e9sz\u00fcl, \u00e9s hossz\u00fa \u00e9lettartammal rendelkezik, n\u00e9vleges ciklusideje 6000 ciklus 80% kis\u00fcl\u00e9si m\u00e9lys\u00e9g mellett \u00e9s 25\u00b0C h\u0151m\u00e9rs\u00e9kleten. 25\u00b0C-on 5 h\u00f3napig, 35\u00b0C-on 3 h\u00f3napig, 45\u00b0C-on 1 h\u00f3napig t\u00e1rolhat\u00f3. Az akkumul\u00e1tort \u00fagy tervezt\u00e9k, hogy -20\u00b0C \u00e9s 60\u00b0C k\u00f6z\u00f6tti h\u0151m\u00e9rs\u00e9kleten, 60+\/-25% relat\u00edv p\u00e1ratartalom mellett m\u0171k\u00f6dj\u00f6n. Az akkumul\u00e1tor m\u00e9retei: 360 mm x 140 mm x 570 mm (hossz x sz\u00e9less\u00e9g x magass\u00e1g).<br \/>\n\u00d6sszess\u00e9g\u00e9ben ez a LiFePO4 Tesla Powerwall l\u00edtium akkumul\u00e1tor nagy teljes\u00edtm\u00e9ny\u0171, tart\u00f3s \u00e9s megb\u00edzhat\u00f3 megold\u00e1s a napelemes rendszerek t\u00e1pl\u00e1l\u00e1s\u00e1ra, \u00e9s k\u00e9pes jelent\u0151s energiat\u00e1rol\u00e1st \u00e9s teljes\u00edtm\u00e9nyt biztos\u00edtani hosszabb ideig.<\/p>","protected":false},"featured_media":317,"template":"","meta":{"_kad_post_transparent":"default","_kad_post_title":"","_kad_post_layout":"default","_kad_post_sidebar_id":"","_kad_post_content_style":"default","_kad_post_vertical_padding":"default","_kad_post_feature":"","_kad_post_feature_position":"","_kad_post_header":false,"_kad_post_footer":false},"product_cat":[25,27],"product_tag":[157,68,158,159,156],"class_list":["post-316","product","type-product","status-publish","has-post-thumbnail","hentry","product_cat-home-storage-battery","product_cat-home-battery-powerwall","product_tag-6000-cycles-80-dod-lifepo4-48v-100ah-5kwh-powerwall","product_tag-lifepo4-lithium-battery","product_tag-power-wall-lithium-battery","product_tag-tesla-powerwall-alternative","product_tag-tesla-powerwall-lithium-battery","entry","content-bg","loop-entry"],"_links":{"self":[{"href":"https:\/\/bybatt.com\/hu\/wp-json\/wp\/v2\/product\/316","targetHints":{"allow":["GET"]}}],"collection":[{"href":"https:\/\/bybatt.com\/hu\/wp-json\/wp\/v2\/product"}],"about":[{"href":"https:\/\/bybatt.com\/hu\/wp-json\/wp\/v2\/types\/product"}],"wp:featuredmedia":[{"embeddable":true,"href":"https:\/\/bybatt.com\/hu\/wp-json\/wp\/v2\/media\/317"}],"wp:attachment":[{"href":"https:\/\/bybatt.com\/hu\/wp-json\/wp\/v2\/media?parent=316"}],"wp:term":[{"taxonomy":"product_cat","embeddable":true,"href":"https:\/\/bybatt.com\/hu\/wp-json\/wp\/v2\/product_cat?post=316"},{"taxonomy":"product_tag","embeddable":true,"href":"https:\/\/bybatt.com\/hu\/wp-json\/wp\/v2\/product_tag?post=316"}],"curies":[{"name":"wp","href":"https:\/\/api.w.org\/{rel}","templated":true}]}}