{"id":324,"date":"2023-02-18T08:53:52","date_gmt":"2023-02-18T08:53:52","guid":{"rendered":"https:\/\/bybatt.com\/?post_type=product&#038;p=324"},"modified":"2023-02-18T09:02:35","modified_gmt":"2023-02-18T09:02:35","slug":"powerwall-lifepo4-battery-off-grid-energy-storage-system","status":"publish","type":"product","link":"https:\/\/bybatt.com\/hu\/termek\/powerwall-lifepo4-battery-off-grid-energy-storage-system\/","title":{"rendered":"Powerwall LiFePO4 akkumul\u00e1toros, h\u00e1l\u00f3zaton k\u00edv\u00fcli energiat\u00e1rol\u00f3 rendszer"},"content":{"rendered":"","protected":false},"excerpt":{"rendered":"<p>A Powerwall LiFePO4 akkumul\u00e1tor h\u00e1l\u00f3zaton k\u00edv\u00fcli energiat\u00e1rol\u00f3 rendszer egy \u00fajrat\u00f6lthet\u0151 akkumul\u00e1torrendszer, amelyet h\u00e1l\u00f3zaton k\u00edv\u00fcli energiat\u00e1rol\u00e1sra terveztek. LiFePO4 sejteket haszn\u00e1l, amelyek 100% \u00fajak, \u00e9s nagy energias\u0171r\u0171s\u00e9g\u00fckr\u0151l, hossz\u00fa \u00e9lettartamukr\u00f3l \u00e9s biztons\u00e1gukr\u00f3l ismertek. Az akkumul\u00e1torrendszer n\u00e9gy k\u00fcl\u00f6nb\u00f6z\u0151 kapacit\u00e1ssal kaphat\u00f3: 24V\/100AH, 48V\/50AH, 48V\/100AH \u00e9s 48V\/200AH.<br \/>\nAz akkumul\u00e1torok m\u00e9retei a kapacit\u00e1s f\u00fcggv\u00e9ny\u00e9ben v\u00e1ltoznak, a legkisebb akkumul\u00e1tor (24V100AH) 400*110*520 mm, a legnagyobb akkumul\u00e1tor (48V200AH) 540*200*950 mm m\u00e9ret\u0171. A s\u00faly a kapacit\u00e1st\u00f3l f\u00fcgg\u0151en is v\u00e1ltozik, a legkisebb akkumul\u00e1tor s\u00falya 24 kg, a legnagyobb akkumul\u00e1tor pedig 45 kg.<br \/>\nAz akkumul\u00e1torrendszer \u00e9lettartama 5000 ciklus, ami azt jelenti, hogy ak\u00e1r 5000-szer is felt\u00f6lthet\u0151 \u00e9s kis\u00fcthet\u0151, miel\u0151tt elkezden\u00e9 leromlani. Emiatt ide\u00e1lis megold\u00e1s a h\u00e1l\u00f3zaton k\u00edv\u00fcli energiat\u00e1rol\u00e1shoz, mivel hossz\u00fa ideig megb\u00edzhat\u00f3 \u00e1ramot tud biztos\u00edtani.<br \/>\n\u00d6sszess\u00e9g\u00e9ben a Powerwall LiFePO4 akkumul\u00e1toros h\u00e1l\u00f3zaton k\u00edv\u00fcli energiat\u00e1rol\u00f3 rendszer egy kiv\u00e1l\u00f3 min\u0151s\u00e9g\u0171, tart\u00f3s \u00e9s megb\u00edzhat\u00f3 akkumul\u00e1torrendszer, amely k\u00fcl\u00f6nf\u00e9le h\u00e1l\u00f3zaton k\u00edv\u00fcli alkalmaz\u00e1sokhoz k\u00e9pes \u00e1ramell\u00e1t\u00e1st biztos\u00edtani.<\/p>","protected":false},"featured_media":326,"template":"","meta":{"_kad_post_transparent":"default","_kad_post_title":"","_kad_post_layout":"default","_kad_post_sidebar_id":"","_kad_post_content_style":"default","_kad_post_vertical_padding":"default","_kad_post_feature":"","_kad_post_feature_position":"","_kad_post_header":false,"_kad_post_footer":false},"product_cat":[25,27],"product_tag":[164,161,163,165,160,162],"class_list":["post-324","product","type-product","status-publish","has-post-thumbnail","hentry","product_cat-home-storage-battery","product_cat-home-battery-powerwall","product_tag-5kwh-wall-mounted-lithium-battery","product_tag-battery-energy-storage-solutions","product_tag-lifepo4-48v-100ah","product_tag-lithium-power-wall-lifepo4","product_tag-powerwall-lifepo4-battery","product_tag-solar-battery","entry","content-bg","loop-entry"],"_links":{"self":[{"href":"https:\/\/bybatt.com\/hu\/wp-json\/wp\/v2\/product\/324","targetHints":{"allow":["GET"]}}],"collection":[{"href":"https:\/\/bybatt.com\/hu\/wp-json\/wp\/v2\/product"}],"about":[{"href":"https:\/\/bybatt.com\/hu\/wp-json\/wp\/v2\/types\/product"}],"wp:featuredmedia":[{"embeddable":true,"href":"https:\/\/bybatt.com\/hu\/wp-json\/wp\/v2\/media\/326"}],"wp:attachment":[{"href":"https:\/\/bybatt.com\/hu\/wp-json\/wp\/v2\/media?parent=324"}],"wp:term":[{"taxonomy":"product_cat","embeddable":true,"href":"https:\/\/bybatt.com\/hu\/wp-json\/wp\/v2\/product_cat?post=324"},{"taxonomy":"product_tag","embeddable":true,"href":"https:\/\/bybatt.com\/hu\/wp-json\/wp\/v2\/product_tag?post=324"}],"curies":[{"name":"wp","href":"https:\/\/api.w.org\/{rel}","templated":true}]}}