{"id":333,"date":"2023-02-18T10:07:36","date_gmt":"2023-02-18T10:07:36","guid":{"rendered":"https:\/\/bybatt.com\/?post_type=product&#038;p=333"},"modified":"2023-02-18T10:15:53","modified_gmt":"2023-02-18T10:15:53","slug":"rechargeable-customized-home-solar-system-battery-storage","status":"publish","type":"product","link":"https:\/\/bybatt.com\/hu\/termek\/rechargeable-customized-home-solar-system-battery-storage\/","title":{"rendered":"\u00dajrat\u00f6lthet\u0151, testreszabott otthoni napelemes akkumul\u00e1tort\u00e1rol\u00f3"},"content":{"rendered":"","protected":false},"excerpt":{"rendered":"<p>Az \u00fajrat\u00f6lthet\u0151, testreszabott otthoni napelemes rendszer akkumul\u00e1tort\u00e1rol\u00f3ja egy lakoss\u00e1gi haszn\u00e1latra tervezett napelemes rendszer. Egy sor nagy kapacit\u00e1s\u00fa l\u00edtium-ion akkumul\u00e1tort tartalmaz, amelyek kapacit\u00e1sa 24V100AH\/48V50AH\/48V100AH\/48V200AH, a v\u00e1lasztott t\u00edpust\u00f3l f\u00fcgg\u0151en.<br \/>\nAz akkumul\u00e1torrendszer \u00fajrat\u00f6lthet\u0151, \u00e9s \u00fagy tervezt\u00e9k, hogy napelemekkel m\u0171k\u00f6dj\u00f6n a napf\u00e9ny \u00e1ltal termelt energia t\u00e1rol\u00e1s\u00e1ra. Ez k\u00f6rnyezetbar\u00e1t \u00e9s k\u00f6lts\u00e9ghat\u00e9kony megold\u00e1ss\u00e1 teszi az otthonok \u00e1ramell\u00e1t\u00e1s\u00e1ra.<br \/>\nAz akkumul\u00e1torok 100% \u00faj cell\u00e1kkal k\u00e9sz\u00fclnek az optim\u00e1lis teljes\u00edtm\u00e9ny \u00e9s megb\u00edzhat\u00f3s\u00e1g \u00e9rdek\u00e9ben. A rendszer testreszabhat\u00f3 az egy\u00e9ni ig\u00e9nyeknek \u00e9s preferenci\u00e1knak megfelel\u0151en, a h\u00e1ztulajdonos egyedi ig\u00e9nyeit\u0151l f\u00fcgg\u0151en k\u00fcl\u00f6nb\u00f6z\u0151 m\u00e9retek \u00e1llnak rendelkez\u00e9sre. A v\u00e1laszthat\u00f3 m\u00e9retek: 400*110*520mm, 400*110*520mm, 360*175*520mm, 540*200*950mm.<br \/>\nAz akkumul\u00e1tor s\u00falya a kiv\u00e1lasztott kapacit\u00e1st\u00f3l \u00e9s m\u00e9rett\u0151l f\u00fcgg\u0151en is v\u00e1ltozik. A s\u00falyv\u00e1laszt\u00e9k 24 kg\/45 kg\/24 kg. \u00d6sszess\u00e9g\u00e9ben az \u00fajrat\u00f6lthet\u0151, testreszabott otthoni napelemes rendszer akkumul\u00e1tort\u00e1rol\u00f3ja kiv\u00e1l\u00f3 min\u0151s\u00e9g\u0171 \u00e9s sokoldal\u00fa megold\u00e1s a lakoss\u00e1gi napenergia-sz\u00fcks\u00e9gletek kiel\u00e9g\u00edt\u00e9s\u00e9re.<\/p>","protected":false},"featured_media":334,"template":"","meta":{"_kad_post_transparent":"default","_kad_post_title":"","_kad_post_layout":"default","_kad_post_sidebar_id":"","_kad_post_content_style":"default","_kad_post_vertical_padding":"default","_kad_post_feature":"","_kad_post_feature_position":"","_kad_post_header":false,"_kad_post_footer":false},"product_cat":[25,27],"product_tag":[167,168,170,154,166,169],"class_list":["post-333","product","type-product","status-publish","has-post-thumbnail","hentry","product_cat-home-storage-battery","product_cat-home-battery-powerwall","product_tag-home-solar-system-battery-power-storage","product_tag-lithium-ion-solar-energy-storage-system-battery","product_tag-solar-battery-storage","product_tag-solar-battery-storage-system","product_tag-solar-system-battery-storage","product_tag-wall-mount-10kw-256v-battery-pack","entry","content-bg","loop-entry"],"_links":{"self":[{"href":"https:\/\/bybatt.com\/hu\/wp-json\/wp\/v2\/product\/333","targetHints":{"allow":["GET"]}}],"collection":[{"href":"https:\/\/bybatt.com\/hu\/wp-json\/wp\/v2\/product"}],"about":[{"href":"https:\/\/bybatt.com\/hu\/wp-json\/wp\/v2\/types\/product"}],"wp:featuredmedia":[{"embeddable":true,"href":"https:\/\/bybatt.com\/hu\/wp-json\/wp\/v2\/media\/334"}],"wp:attachment":[{"href":"https:\/\/bybatt.com\/hu\/wp-json\/wp\/v2\/media?parent=333"}],"wp:term":[{"taxonomy":"product_cat","embeddable":true,"href":"https:\/\/bybatt.com\/hu\/wp-json\/wp\/v2\/product_cat?post=333"},{"taxonomy":"product_tag","embeddable":true,"href":"https:\/\/bybatt.com\/hu\/wp-json\/wp\/v2\/product_tag?post=333"}],"curies":[{"name":"wp","href":"https:\/\/api.w.org\/{rel}","templated":true}]}}