{"id":340,"date":"2023-02-18T10:18:15","date_gmt":"2023-02-18T10:18:15","guid":{"rendered":"https:\/\/bybatt.com\/?post_type=product&#038;p=340"},"modified":"2023-03-05T16:17:39","modified_gmt":"2023-03-05T16:17:39","slug":"energy-powerwall-lifepo4-battery-for-home-solar-storage","status":"publish","type":"product","link":"https:\/\/bybatt.com\/hu\/termek\/energy-powerwall-lifepo4-battery-for-home-solar-storage\/","title":{"rendered":"Energy Powerwall LiFePO4 akkumul\u00e1tor otthoni napelemes t\u00e1rol\u00e1shoz"},"content":{"rendered":"","protected":false},"excerpt":{"rendered":"<p>Az Energy Powerwall LiFePO4 akkumul\u00e1tor egy kiv\u00e1l\u00f3 min\u0151s\u00e9g\u0171 akkumul\u00e1torcsomag, amelyet otthoni energiat\u00e1rol\u00e1sra terveztek. A fokozat\u00fa, \u00faj 3,2V100Ah LiFePO4 cell\u00e1kat haszn\u00e1l, optim\u00e1lis teljes\u00edtm\u00e9nyt \u00e9s hossz\u00fa \u00e9lettartamot biztos\u00edtva. Az akkumul\u00e1torcsomag n\u00e9vleges fesz\u00fclts\u00e9ge 51,2 V, n\u00e9vleges kapacit\u00e1sa 100 Ah, ami 5120 Wh n\u00e9vleges energi\u00e1t jelent.<br \/>\nAz akkumul\u00e1torcsomag falra szerelhet\u0151, m\u00e9rete testreszabhat\u00f3, hogy megfeleljen a telep\u00edt\u00e9s speci\u00e1lis k\u00f6vetelm\u00e9nyeinek. Az akkumul\u00e1torcsomag \u00fczemi fesz\u00fclts\u00e9gv\u00e9delmi tartom\u00e1nya 40-58,4 V, amely v\u00e9delmet ny\u00fajt a t\u00falt\u00f6lt\u00e9s vagy az alult\u00f6lt\u00e9s ellen.<br \/>\nAz akkumul\u00e1torcsomag legfeljebb 50 A folyamatos t\u00f6lt\u0151\u00e1ramot \u00e9s 100 A maxim\u00e1lis folyamatos kis\u00fcl\u00e9si \u00e1ramot k\u00e9pes kezelni, \u00edgy alkalmas a nagy ig\u00e9nybev\u00e9telt jelent\u0151 alkalmaz\u00e1sokhoz. Az akkumul\u00e1tor s\u00falya 50 kg, \u00edgy k\u00f6nnyen felszerelhet\u0151 \u00e9s kezelhet\u0151.<br \/>\n\u00d6sszess\u00e9g\u00e9ben az Energy Powerwall LiFePO4 akkumul\u00e1tor kiv\u00e1l\u00f3 v\u00e1laszt\u00e1s mindazok sz\u00e1m\u00e1ra, akik megb\u00edzhat\u00f3, kiv\u00e1l\u00f3 min\u0151s\u00e9g\u0171 akkumul\u00e1torcsomagot keresnek otthoni energiat\u00e1rol\u00e1shoz.<\/p>","protected":false},"featured_media":341,"template":"","meta":{"_kad_post_transparent":"default","_kad_post_title":"","_kad_post_layout":"default","_kad_post_sidebar_id":"","_kad_post_content_style":"default","_kad_post_vertical_padding":"default","_kad_post_feature":"","_kad_post_feature_position":"","_kad_post_header":false,"_kad_post_footer":false},"product_cat":[25,27],"product_tag":[172,171,174,173,160],"class_list":["post-340","product","type-product","status-publish","has-post-thumbnail","hentry","product_cat-home-storage-battery","product_cat-home-battery-powerwall","product_tag-5kwh-lithium-battery","product_tag-deep-cycle-off-grid-100ah-high-capacity-home-power-wall","product_tag-energy-storage-battery-for-home-use","product_tag-powerwall-battery-lifepo4","product_tag-powerwall-lifepo4-battery","entry","content-bg","loop-entry"],"_links":{"self":[{"href":"https:\/\/bybatt.com\/hu\/wp-json\/wp\/v2\/product\/340","targetHints":{"allow":["GET"]}}],"collection":[{"href":"https:\/\/bybatt.com\/hu\/wp-json\/wp\/v2\/product"}],"about":[{"href":"https:\/\/bybatt.com\/hu\/wp-json\/wp\/v2\/types\/product"}],"wp:featuredmedia":[{"embeddable":true,"href":"https:\/\/bybatt.com\/hu\/wp-json\/wp\/v2\/media\/341"}],"wp:attachment":[{"href":"https:\/\/bybatt.com\/hu\/wp-json\/wp\/v2\/media?parent=340"}],"wp:term":[{"taxonomy":"product_cat","embeddable":true,"href":"https:\/\/bybatt.com\/hu\/wp-json\/wp\/v2\/product_cat?post=340"},{"taxonomy":"product_tag","embeddable":true,"href":"https:\/\/bybatt.com\/hu\/wp-json\/wp\/v2\/product_tag?post=340"}],"curies":[{"name":"wp","href":"https:\/\/api.w.org\/{rel}","templated":true}]}}