{"id":354,"date":"2023-02-18T14:14:30","date_gmt":"2023-02-18T14:14:30","guid":{"rendered":"https:\/\/bybatt.com\/?post_type=product&#038;p=354"},"modified":"2023-02-18T14:30:29","modified_gmt":"2023-02-18T14:30:29","slug":"multi-function-lithium-portable-power-station-solar-generator","status":"publish","type":"product","link":"https:\/\/bybatt.com\/hu\/termek\/multi-function-lithium-portable-power-station-solar-generator\/","title":{"rendered":"T\u00f6bbfunkci\u00f3s l\u00edtium hordozhat\u00f3 er\u0151m\u0171vi napelem gener\u00e1tor"},"content":{"rendered":"","protected":false},"excerpt":{"rendered":"<p>A t\u00f6bbfunkci\u00f3s hordozhat\u00f3 l\u00edtium er\u0151m\u0171vi napelem gener\u00e1tor egy nagy kapacit\u00e1s\u00fa, sokoldal\u00fa \u00e1ramforr\u00e1s, amelyet k\u00fcl\u00f6nf\u00e9le k\u00f6r\u00fclm\u00e9nyek k\u00f6z\u00f6tt t\u00f6rt\u00e9n\u0151 haszn\u00e1latra terveztek. 100% \u00faj akkumul\u00e1torral rendelkezik, amelynek kapacit\u00e1sa 208800 mAh 3,7 V-on, \u00f6sszesen 772 watt\u00f3ra (WH) teljes\u00edtm\u00e9nnyel.<br \/>\nAz er\u0151m\u0171 7-8 \u00f3ra alatt t\u00f6lthet\u0151 fel 25,2V\/5A bemenettel, vagy napelemes t\u00f6lt\u00e9ssel, maximum 18-23V\/100W bemenettel. Az er\u0151m\u0171 k\u00fcl\u00f6nf\u00e9le kimeneti portokkal is rendelkezik, k\u00f6zt\u00fck 3 USB port QC3.0 gyorst\u00f6lt\u00e9si lehet\u0151s\u00e9ggel, 1 Type-C port PD 60 W-os t\u00f6lt\u00e9si lehet\u0151s\u00e9ggel, 2 DC port 14,4 V\/7A kimenettel \u00e9s 1 szivargy\u00fajt\u00f3 port 14,4 V\/7A kimenet.<br \/>\nAz egyen\u00e1ram\u00fa kimeneti portokon k\u00edv\u00fcl az er\u0151m\u0171 1000 W tiszta fekete hull\u00e1m\u00fa folyamatos v\u00e1ltakoz\u00f3 \u00e1ram\u00fa kimenettel is rendelkezik, 110 (100-120)\/230 (220-240) V kimeneti fesz\u00fclts\u00e9ggel. Az er\u0151m\u0171 LCD teljes\u00edtm\u00e9nyjelz\u0151 kijelz\u0151vel rendelkezik, \u00e9s kompakt m\u00e9rete 334*167*204mm, \u00edgy k\u00f6nnyen sz\u00e1ll\u00edthat\u00f3 \u00e9s t\u00e1rolhat\u00f3.<br \/>\n\u00d6sszess\u00e9g\u00e9ben a t\u00f6bbfunkci\u00f3s l\u00edtium hordozhat\u00f3 er\u0151m\u0171vi napelem gener\u00e1tor megb\u00edzhat\u00f3 \u00e9s hat\u00e9kony \u00e1ramforr\u00e1s, amely k\u00fcl\u00f6nf\u00e9le alkalmaz\u00e1sokhoz haszn\u00e1lhat\u00f3, bele\u00e9rtve a szabadt\u00e9ri kalandokat, a v\u00e9szhelyzeti tartal\u00e9k \u00e1ramell\u00e1t\u00e1st \u00e9s m\u00e9g sok m\u00e1st.<\/p>","protected":false},"featured_media":355,"template":"","meta":{"_kad_post_transparent":"default","_kad_post_title":"","_kad_post_layout":"default","_kad_post_sidebar_id":"","_kad_post_content_style":"default","_kad_post_vertical_padding":"default","_kad_post_feature":"","_kad_post_feature_position":"","_kad_post_header":false,"_kad_post_footer":false},"product_cat":[25,26],"product_tag":[186,185,184,182,188,183,176,187],"class_list":["post-354","product","type-product","status-publish","has-post-thumbnail","hentry","product_cat-home-storage-battery","product_cat-portable-power-station","product_tag-1000w-solar-power-generator","product_tag-2000wh-portable-acdc-power-station-outdoor","product_tag-generator-solar-charging-banks","product_tag-portable-power-station","product_tag-portable-power-station-manufacturer","product_tag-power-station-with-solar-panels","product_tag-protable-solar-power-generator","product_tag-solar-power-generator","entry","content-bg","loop-entry"],"_links":{"self":[{"href":"https:\/\/bybatt.com\/hu\/wp-json\/wp\/v2\/product\/354","targetHints":{"allow":["GET"]}}],"collection":[{"href":"https:\/\/bybatt.com\/hu\/wp-json\/wp\/v2\/product"}],"about":[{"href":"https:\/\/bybatt.com\/hu\/wp-json\/wp\/v2\/types\/product"}],"wp:featuredmedia":[{"embeddable":true,"href":"https:\/\/bybatt.com\/hu\/wp-json\/wp\/v2\/media\/355"}],"wp:attachment":[{"href":"https:\/\/bybatt.com\/hu\/wp-json\/wp\/v2\/media?parent=354"}],"wp:term":[{"taxonomy":"product_cat","embeddable":true,"href":"https:\/\/bybatt.com\/hu\/wp-json\/wp\/v2\/product_cat?post=354"},{"taxonomy":"product_tag","embeddable":true,"href":"https:\/\/bybatt.com\/hu\/wp-json\/wp\/v2\/product_tag?post=354"}],"curies":[{"name":"wp","href":"https:\/\/api.w.org\/{rel}","templated":true}]}}