{"id":361,"date":"2023-02-18T14:32:26","date_gmt":"2023-02-18T14:32:26","guid":{"rendered":"https:\/\/bybatt.com\/?post_type=product&#038;p=361"},"modified":"2023-03-05T16:18:35","modified_gmt":"2023-03-05T16:18:35","slug":"portable-power-station-solar-generator-manufacturer-in-china","status":"publish","type":"product","link":"https:\/\/bybatt.com\/hu\/termek\/portable-power-station-solar-generator-manufacturer-in-china\/","title":{"rendered":"Hordozhat\u00f3 er\u0151m\u0171vi napelem-gener\u00e1tor gy\u00e1rt\u00f3 K\u00edn\u00e1ban"},"content":{"rendered":"","protected":false},"excerpt":{"rendered":"<p>Ez a hordozhat\u00f3 er\u0151m\u0171vi napelemes gener\u00e1tor megb\u00edzhat\u00f3 \u00e9s hat\u00e9kony \u00e1ramforr\u00e1s, amelyet szabadt\u00e9ri tev\u00e9kenys\u00e9gekhez vagy v\u00e9szhelyzetekhez terveztek. K\u00edn\u00e1ban gy\u00e1rtj\u00e1k, \u00e9s 100% \u00faj cell\u00e1kb\u00f3l k\u00e9sz\u00fcl a hossz\u00fa \u00e9lettartam \u00e9rdek\u00e9ben.<br \/>\nAz akkumul\u00e1tor kapacit\u00e1sa 83200 mAh, fesz\u00fclts\u00e9ge 3,7 V \u00e9s teljes energiakapacit\u00e1sa 300 WH. A t\u00f6lt\u00e9shez sz\u00fcks\u00e9ges bemenet 16,8V\/5A, teljes felt\u00f6lt\u00e9se 5-6 \u00f3r\u00e1t vesz ig\u00e9nybe. Ez az er\u0151m\u0171 napelemes t\u00f6lt\u00e9si k\u00e9pess\u00e9ggel is rendelkezik, 18-23V\/100W Max bemeneti tartom\u00e1nyban.<br \/>\nSz\u00e1mos DC kimenettel rendelkezik, k\u00f6zt\u00fck 2x USB (5V\/9V\/2A, \/12V\/1.5A QC3.0-val), 1 Type-C (5V\/9V\/15V20V\/3A) PD 60W, 2x DC12V\/10A \u00e9s 1x cigaretta \u00f6ngy\u00fajt\u00f3 (14,4V\/10A). Ezenk\u00edv\u00fcl az er\u0151m\u0171 300 W-os tiszta feketehull\u00e1m\u00fa folyamatos v\u00e1ltakoz\u00f3 \u00e1ram\u00fa kimenettel rendelkezik, 110(100-120)\/230(220-240)V AC kimeneti frekvenci\u00e1val 50Hz\/60Hz\u00b15%.<br \/>\nAz er\u0151m\u0171 teljes\u00edtm\u00e9nyjelz\u0151 LCD-kijelz\u0151vel van felszerelve az egyszer\u0171 monitoroz\u00e1s \u00e9rdek\u00e9ben, kompakt m\u00e9rete pedig 270*154*242 mm. Az er\u0151m\u0171h\u00f6z 80 W-os adapter tartozik a t\u00f6lt\u00e9shez. \u00d6sszess\u00e9g\u00e9ben ez a hordozhat\u00f3 er\u0151m\u0171vi napelem gener\u00e1tor kiv\u00e1l\u00f3 min\u0151s\u00e9g\u0171 \u00e9s sokoldal\u00fa \u00e1ramforr\u00e1s, amely alkalmas k\u00fcl\u00f6nf\u00e9le k\u00fclt\u00e9ri \u00e9s v\u00e9szhelyzetekre.<\/p>","protected":false},"featured_media":362,"template":"","meta":{"_kad_post_transparent":"default","_kad_post_title":"","_kad_post_layout":"default","_kad_post_sidebar_id":"","_kad_post_content_style":"default","_kad_post_vertical_padding":"default","_kad_post_feature":"","_kad_post_feature_position":"","_kad_post_header":false,"_kad_post_footer":false},"product_cat":[25,26],"product_tag":[191,192,190,182,197,199,195,196,194,188,198,193,189],"class_list":["post-361","product","type-product","status-publish","has-post-thumbnail","hentry","product_cat-home-storage-battery","product_cat-portable-power-station","product_tag-300w-power-station","product_tag-500w-power-station","product_tag-lifepo4-power-station","product_tag-portable-power-station","product_tag-portable-power-station-brand","product_tag-portable-power-station-camping","product_tag-portable-power-station-europe","product_tag-portable-power-station-factory","product_tag-portable-power-station-germany","product_tag-portable-power-station-manufacturer","product_tag-portable-power-station-market","product_tag-portable-power-station-usa","product_tag-power-station","entry","content-bg","loop-entry"],"_links":{"self":[{"href":"https:\/\/bybatt.com\/hu\/wp-json\/wp\/v2\/product\/361","targetHints":{"allow":["GET"]}}],"collection":[{"href":"https:\/\/bybatt.com\/hu\/wp-json\/wp\/v2\/product"}],"about":[{"href":"https:\/\/bybatt.com\/hu\/wp-json\/wp\/v2\/types\/product"}],"wp:featuredmedia":[{"embeddable":true,"href":"https:\/\/bybatt.com\/hu\/wp-json\/wp\/v2\/media\/362"}],"wp:attachment":[{"href":"https:\/\/bybatt.com\/hu\/wp-json\/wp\/v2\/media?parent=361"}],"wp:term":[{"taxonomy":"product_cat","embeddable":true,"href":"https:\/\/bybatt.com\/hu\/wp-json\/wp\/v2\/product_cat?post=361"},{"taxonomy":"product_tag","embeddable":true,"href":"https:\/\/bybatt.com\/hu\/wp-json\/wp\/v2\/product_tag?post=361"}],"curies":[{"name":"wp","href":"https:\/\/api.w.org\/{rel}","templated":true}]}}