{"id":369,"date":"2023-02-18T14:44:28","date_gmt":"2023-02-18T14:44:28","guid":{"rendered":"https:\/\/bybatt.com\/?post_type=product&#038;p=369"},"modified":"2023-02-18T14:56:30","modified_gmt":"2023-02-18T14:56:30","slug":"catl-prismatic-3-2v-300ah-lithium-lifepo4-battery-cells","status":"publish","type":"product","link":"https:\/\/bybatt.com\/hu\/termek\/catl-prismatic-3-2v-300ah-lithium-lifepo4-battery-cells\/","title":{"rendered":"CATL prizmatikus 3.2V 300AH l\u00edtium LiFePO4 akkumul\u00e1torcell\u00e1k"},"content":{"rendered":"","protected":false},"excerpt":{"rendered":"<p>A CATL Prismatic 3,2V 300AH Lithium LiFePO4 akkumul\u00e1torcell\u00e1k kiv\u00e1l\u00f3 min\u0151s\u00e9g\u0171 napelemes cell\u00e1k, amelyeket lak\u00f3kocsik, lak\u00f3aut\u00f3k, lak\u00f3aut\u00f3k vagy elektromos j\u00e1rm\u0171vek \u00e1talak\u00edt\u00e1s\u00e1ra szolg\u00e1l\u00f3 energiabankok \u00e9p\u00edt\u00e9s\u00e9re terveztek. Ezek a vadonat\u00faj cell\u00e1k nem \u00fajrahasznos\u00edtott anyagokb\u00f3l k\u00e9sz\u00fclnek, biztos\u00edtva hossz\u00fa \u00e9lettartamukat \u00e9s megb\u00edzhat\u00f3s\u00e1gukat.<br \/>\nMindegyik cella m\u00e9rete 174 sz x 208 h x 72 m (mm), s\u00falya 5,4 kg. K\u00f6zel feleakkora t\u00f6meg\u0171ek, mint az AGM vagy savas \u00f3lomakkumul\u00e1torok, \u00e9s magasabb t\u00f6lt\u00e9si ciklust k\u00edn\u00e1lnak, \u00edgy ide\u00e1lis v\u00e1laszt\u00e1s a meg\u00fajul\u00f3 energiarendszerekhez.<br \/>\nK\u00e9rj\u00fck, vegye figyelembe, hogy ez egyetlen 3,2 V-os cella, \u00e9s 12 V-os akkumul\u00e1tor l\u00e9trehoz\u00e1s\u00e1hoz n\u00e9gy cell\u00e1t kell sorba k\u00f6tnie, vagy nyolc cell\u00e1t egy 24 V-os rendszerhez. A biztons\u00e1g \u00e9s a hossz\u00fa \u00e9lettartam \u00e9rdek\u00e9ben a cell\u00e1k sorba kapcsol\u00e1sakor elengedhetetlen a h\u0151m\u00e9rs\u00e9klet-\u00e9rz\u00e9kel\u0151vel ell\u00e1tott BMS (Battery Management System) haszn\u00e1lata.<br \/>\nHa kompatibilis akkumul\u00e1torcsomagot szeretne v\u00e1s\u00e1rolni, 12 V-os, 24 V-os, 36 V-os \u00e9s 48 V-os rendszereket k\u00edn\u00e1lunk BMS-sel, ak\u00e1r k\u00fcl\u00f6n-k\u00fcl\u00f6n, ak\u00e1r csomagban. V\u00e1lassza ki az ig\u00e9nyeinek legink\u00e1bb megfelel\u0151 csomagot, hogy megb\u00edzhat\u00f3 \u00e9s hat\u00e9kony energiabankot \u00e9p\u00edtsen meg\u00fajul\u00f3 energiarendszer\u00e9hez.<\/p>","protected":false},"featured_media":370,"template":"","meta":{"_kad_post_transparent":"default","_kad_post_title":"","_kad_post_layout":"default","_kad_post_sidebar_id":"","_kad_post_content_style":"default","_kad_post_vertical_padding":"default","_kad_post_feature":"","_kad_post_feature_position":"","_kad_post_header":false,"_kad_post_footer":false},"product_cat":[24],"product_tag":[204,205,200,109,203,201,202],"class_list":["post-369","product","type-product","status-publish","has-post-thumbnail","hentry","product_cat-battery-cell","product_tag-catl-3-2v-300ah","product_tag-lifepo4-battery-cell","product_tag-lifepo4-battery-cells","product_tag-lifepo4-battery-pack","product_tag-lifepo4-cells","product_tag-lifepo4-prismatic-cells","product_tag-lithium-battery-cells","entry","content-bg","loop-entry"],"_links":{"self":[{"href":"https:\/\/bybatt.com\/hu\/wp-json\/wp\/v2\/product\/369","targetHints":{"allow":["GET"]}}],"collection":[{"href":"https:\/\/bybatt.com\/hu\/wp-json\/wp\/v2\/product"}],"about":[{"href":"https:\/\/bybatt.com\/hu\/wp-json\/wp\/v2\/types\/product"}],"wp:featuredmedia":[{"embeddable":true,"href":"https:\/\/bybatt.com\/hu\/wp-json\/wp\/v2\/media\/370"}],"wp:attachment":[{"href":"https:\/\/bybatt.com\/hu\/wp-json\/wp\/v2\/media?parent=369"}],"wp:term":[{"taxonomy":"product_cat","embeddable":true,"href":"https:\/\/bybatt.com\/hu\/wp-json\/wp\/v2\/product_cat?post=369"},{"taxonomy":"product_tag","embeddable":true,"href":"https:\/\/bybatt.com\/hu\/wp-json\/wp\/v2\/product_tag?post=369"}],"curies":[{"name":"wp","href":"https:\/\/api.w.org\/{rel}","templated":true}]}}