{"id":377,"date":"2023-02-18T15:00:20","date_gmt":"2023-02-18T15:00:20","guid":{"rendered":"https:\/\/bybatt.com\/?post_type=product&#038;p=377"},"modified":"2023-02-18T15:08:03","modified_gmt":"2023-02-18T15:08:03","slug":"exliporc-21700-3-7v-rechargeable-li-ion-batteries-cells","status":"publish","type":"product","link":"https:\/\/bybatt.com\/hu\/termek\/exliporc-21700-3-7v-rechargeable-li-ion-batteries-cells\/","title":{"rendered":"Exliporc 21700 3,7 V \u00fajrat\u00f6lthet\u0151 Li-ion akkumul\u00e1torok"},"content":{"rendered":"","protected":false},"excerpt":{"rendered":"<p>Az Exliporc 21700 3,7 V-os \u00fajrat\u00f6lthet\u0151 l\u00edtium-ion akkumul\u00e1torok kiv\u00e1l\u00f3 min\u0151s\u00e9g\u0171, \u00fajrat\u00f6lthet\u0151 l\u00edtium-ion akkumul\u00e1torok, amelyeket arra terveztek, hogy megb\u00edzhat\u00f3 \u00e1ramell\u00e1t\u00e1st biztos\u00edtsanak az alkalmaz\u00e1sok sz\u00e9les k\u00f6r\u00e9ben. Ezek az akkumul\u00e1torok 70 g nett\u00f3 t\u00f6meg\u00fckkel \u00e9s 21*70 mm-es m\u00e9ret\u00fckkel kompaktak \u00e9s k\u00f6nnyen hordozhat\u00f3k.<br \/>\nAz akkumul\u00e1torok nagy, 5000 mAh n\u00e9vleges kapacit\u00e1ssal rendelkeznek, ami lehet\u0151v\u00e9 teszi, hogy hosszan tart\u00f3 energi\u00e1t biztos\u00edtsanak k\u00e9sz\u00fcl\u00e9kei sz\u00e1m\u00e1ra. 3,7 V n\u00e9vleges fesz\u00fclts\u00e9g\u00fck is van, \u00edgy alkalmasak k\u00fcl\u00f6nf\u00e9le elektronikus eszk\u00f6z\u00f6kh\u00f6z, amelyek stabil \u00e9s megb\u00edzhat\u00f3 t\u00e1pegys\u00e9get ig\u00e9nyelnek.<br \/>\nEzeknek az akkumul\u00e1toroknak az egyik legfontosabb jellemz\u0151je a 3C-os kis\u00fct\u00e9si sebess\u00e9g\u00fck, ami azt jelenti, hogy nagy \u00e1ramer\u0151ss\u00e9get biztos\u00edtanak a gyors t\u00f6lt\u00e9s \u00e9s a hat\u00e9kony energiaell\u00e1t\u00e1s \u00e9rdek\u00e9ben. Ez ide\u00e1liss\u00e1 teszi \u0151ket nagy teljes\u00edtm\u00e9ny\u0171, sok energi\u00e1t ig\u00e9nyl\u0151 eszk\u00f6z\u00f6kh\u00f6z, p\u00e9ld\u00e1ul zsebl\u00e1mp\u00e1khoz, kamer\u00e1khoz \u00e9s m\u00e1s elektronikus eszk\u00f6z\u00f6kh\u00f6z.<br \/>\nEzek az akkumul\u00e1torok nagy teljes\u00edtm\u00e9ny\u00fck mellett k\u00f6rnyezetbar\u00e1tak is, hiszen \u00fajrat\u00f6lthet\u0151ek \u00e9s \u00fajra \u00e9s \u00fajra haszn\u00e1lhat\u00f3ak. K\u00f6nnyen haszn\u00e1lhat\u00f3ak \u00e9s norm\u00e1l Li-ion akkumul\u00e1tort\u00f6lt\u0151vel t\u00f6lthet\u0151k.<\/p>","protected":false},"featured_media":378,"template":"","meta":{"_kad_post_transparent":"default","_kad_post_title":"","_kad_post_layout":"default","_kad_post_sidebar_id":"","_kad_post_content_style":"default","_kad_post_vertical_padding":"default","_kad_post_feature":"","_kad_post_feature_position":"","_kad_post_header":false,"_kad_post_footer":false},"product_cat":[24],"product_tag":[207,211,209,210,208,206],"class_list":["post-377","product","type-product","status-publish","has-post-thumbnail","hentry","product_cat-battery-cell","product_tag-21700-batteries","product_tag-21700-battery-pack","product_tag-21700-li-ion-rechargeable-battery-pack","product_tag-21700-lithium-battery-cells","product_tag-li-ion-2170-cells","product_tag-rechargeable-li-ion-batteries-cells","entry","content-bg","loop-entry"],"_links":{"self":[{"href":"https:\/\/bybatt.com\/hu\/wp-json\/wp\/v2\/product\/377","targetHints":{"allow":["GET"]}}],"collection":[{"href":"https:\/\/bybatt.com\/hu\/wp-json\/wp\/v2\/product"}],"about":[{"href":"https:\/\/bybatt.com\/hu\/wp-json\/wp\/v2\/types\/product"}],"wp:featuredmedia":[{"embeddable":true,"href":"https:\/\/bybatt.com\/hu\/wp-json\/wp\/v2\/media\/378"}],"wp:attachment":[{"href":"https:\/\/bybatt.com\/hu\/wp-json\/wp\/v2\/media?parent=377"}],"wp:term":[{"taxonomy":"product_cat","embeddable":true,"href":"https:\/\/bybatt.com\/hu\/wp-json\/wp\/v2\/product_cat?post=377"},{"taxonomy":"product_tag","embeddable":true,"href":"https:\/\/bybatt.com\/hu\/wp-json\/wp\/v2\/product_tag?post=377"}],"curies":[{"name":"wp","href":"https:\/\/api.w.org\/{rel}","templated":true}]}}