{"id":384,"date":"2023-02-18T15:17:32","date_gmt":"2023-02-18T15:17:32","guid":{"rendered":"https:\/\/bybatt.com\/?post_type=product&#038;p=384"},"modified":"2023-02-18T15:23:38","modified_gmt":"2023-02-18T15:23:38","slug":"3-7v-rechargeable-authentic-tesla-lithium-ion-battery-cells","status":"publish","type":"product","link":"https:\/\/bybatt.com\/hu\/termek\/3-7v-rechargeable-authentic-tesla-lithium-ion-battery-cells\/","title":{"rendered":"3,7 V-os, \u00fajrat\u00f6lthet\u0151 eredeti Tesla l\u00edtium-ion akkumul\u00e1torcell\u00e1k"},"content":{"rendered":"","protected":false},"excerpt":{"rendered":"<p>A 3,7 V-os \u00fajrat\u00f6lthet\u0151 eredeti Tesla l\u00edtium-ion akkumul\u00e1torcell\u00e1k kiv\u00e1l\u00f3 min\u0151s\u00e9g\u0171 akkumul\u00e1torok, amelyeket k\u00fcl\u00f6nf\u00e9le alkalmaz\u00e1sokhoz terveztek. A cell\u00e1k 100% \u00fajak, biztos\u00edtva, hogy hibamentesek \u00e9s megb\u00edzhat\u00f3 teljes\u00edtm\u00e9nyt ny\u00fajtsanak.<br \/>\nEzek a cell\u00e1k 21700 m\u00e9ret\u0171ek, 21 mm \u00e1tm\u00e9r\u0151j\u0171ek \u00e9s 70 mm hossz\u00faak, \u00edgy sz\u00e1mos k\u00e9sz\u00fcl\u00e9kben haszn\u00e1lhat\u00f3k. A cell\u00e1k fesz\u00fclts\u00e9gtartom\u00e1nya 3,7 V \u00e9s 4,2 V k\u00f6z\u00f6tt van, ami lehet\u0151v\u00e9 teszi a kompatibilit\u00e1st sz\u00e1mos olyan eszk\u00f6zzel, amelyek k\u00fcl\u00f6nb\u00f6z\u0151 fesz\u00fclts\u00e9gszinteket ig\u00e9nyelnek.<br \/>\nEzen akkumul\u00e1torok kapacit\u00e1sa 4400 mAh, +\/- 5% t\u0171r\u00e9shat\u00e1rral. Ez a nagy kapacit\u00e1s biztos\u00edtja, hogy ezek a cell\u00e1k k\u00e9pesek legyenek hossz\u00fa ideig tart\u00f3 \u00e1ramell\u00e1t\u00e1st biztos\u00edtani eszk\u00f6zei sz\u00e1m\u00e1ra, \u00edgy ide\u00e1lisak olyan alkalmaz\u00e1sokhoz, amelyek megb\u00edzhat\u00f3 \u00e1ramforr\u00e1st ig\u00e9nyelnek.<br \/>\nEzek a Tesla l\u00edtium-ion akkumul\u00e1torcell\u00e1k \u00fajrat\u00f6lthet\u0151k, \u00edgy k\u00f6lts\u00e9ghat\u00e9kony \u00e9s k\u00f6rnyezetbar\u00e1t v\u00e1laszt\u00e1s. Biztons\u00e1gosra \u00e9s megb\u00edzhat\u00f3ra is tervezt\u00e9k, be\u00e9p\u00edtett v\u00e9delmi funkci\u00f3kkal, amelyek megakad\u00e1lyozz\u00e1k a t\u00falt\u00f6lt\u00e9st, a t\u00falt\u00f6lt\u00e9st \u00e9s a r\u00f6vidz\u00e1rlatot.<\/p>","protected":false},"featured_media":385,"template":"","meta":{"_kad_post_transparent":"default","_kad_post_title":"","_kad_post_layout":"default","_kad_post_sidebar_id":"","_kad_post_content_style":"default","_kad_post_vertical_padding":"default","_kad_post_feature":"","_kad_post_feature_position":"","_kad_post_header":false,"_kad_post_footer":false},"product_cat":[24],"product_tag":[218,212,217,214,219,215,213,216],"class_list":["post-384","product","type-product","status-publish","has-post-thumbnail","hentry","product_cat-battery-cell","product_tag-3-63v-lithium-li-ion-batteries-cell","product_tag-authentic-tesla-battery-cells","product_tag-brand-new-icr-18650-26j","product_tag-lithium-ion-battery-cells","product_tag-phosphate-battery-cells","product_tag-rechargeable-battery-cells","product_tag-tesla-battery-cells","product_tag-tesla-lithium-ion-battery-cells","entry","content-bg","loop-entry"],"_links":{"self":[{"href":"https:\/\/bybatt.com\/hu\/wp-json\/wp\/v2\/product\/384","targetHints":{"allow":["GET"]}}],"collection":[{"href":"https:\/\/bybatt.com\/hu\/wp-json\/wp\/v2\/product"}],"about":[{"href":"https:\/\/bybatt.com\/hu\/wp-json\/wp\/v2\/types\/product"}],"wp:featuredmedia":[{"embeddable":true,"href":"https:\/\/bybatt.com\/hu\/wp-json\/wp\/v2\/media\/385"}],"wp:attachment":[{"href":"https:\/\/bybatt.com\/hu\/wp-json\/wp\/v2\/media?parent=384"}],"wp:term":[{"taxonomy":"product_cat","embeddable":true,"href":"https:\/\/bybatt.com\/hu\/wp-json\/wp\/v2\/product_cat?post=384"},{"taxonomy":"product_tag","embeddable":true,"href":"https:\/\/bybatt.com\/hu\/wp-json\/wp\/v2\/product_tag?post=384"}],"curies":[{"name":"wp","href":"https:\/\/api.w.org\/{rel}","templated":true}]}}