{"id":387,"date":"2023-02-18T15:28:18","date_gmt":"2023-02-18T15:28:18","guid":{"rendered":"https:\/\/bybatt.com\/?post_type=product&#038;p=387"},"modified":"2023-03-05T16:18:23","modified_gmt":"2023-03-05T16:18:23","slug":"3-2v-230ah-lifepo4-rechargeable-prismatic-battery-cells","status":"publish","type":"product","link":"https:\/\/bybatt.com\/hu\/termek\/3-2v-230ah-lifepo4-rechargeable-prismatic-battery-cells\/","title":{"rendered":"3,2 V 230 AH LiFePO4 \u00fajrat\u00f6lthet\u0151 prizmatikus akkumul\u00e1tor cell\u00e1k"},"content":{"rendered":"","protected":false},"excerpt":{"rendered":"<div class=\"A3dMNc\" data-initial-text=\"\">A 3,2 V-os 230 AH LiFePO4 \u00fajrat\u00f6lthet\u0151 prizmatikus akkumul\u00e1torcell\u00e1k kiv\u00e1l\u00f3 min\u0151s\u00e9g\u0171 energiat\u00e1rol\u00f3 megold\u00e1s, amely sz\u00e1mos el\u0151nnyel rendelkezik. Az akkumul\u00e1torokban haszn\u00e1lt minden egyes cella 100% \u00faj, amely egyenletes teljes\u00edtm\u00e9nyt \u00e9s megb\u00edzhat\u00f3s\u00e1got biztos\u00edt. Ezek az akkumul\u00e1torok k\u00f6rnyezetbar\u00e1tak \u00e9s nagy energias\u0171r\u0171s\u00e9ggel rendelkeznek, ami azt jelenti, hogy kompakt \u00e9s k\u00f6nny\u0171 csomagol\u00e1sban hossz\u00fa \u00e9lettartamot biztos\u00edtanak. Ezeknek az akkumul\u00e1toroknak az egyik legfontosabb el\u0151nye az alacsony \u00f6nkis\u00fcl\u00e9si ar\u00e1nyuk, ami biztos\u00edtja, hogy hosszabb ideig meg\u0151rizz\u00e9k a t\u00f6lt\u00f6tts\u00e9g\u00fcket. Alacsony bels\u0151 ellen\u00e1ll\u00e1suk is van, ami azt jelenti, hogy gyorsan \u00e9s hat\u00e9konyan k\u00e9pesek leadni az \u00e1ramot. Ezenk\u00edv\u00fcl az akkumul\u00e1torok hossz\u00fa \u00e9lettartammal rendelkeznek, \u00e9s ak\u00e1r 1000-szer is felt\u00f6lthet\u0151k an\u00e9lk\u00fcl, hogy mem\u00f3riahat\u00e1st tapasztaln\u00e1nak. Ezek az akkumul\u00e1torok be\u00e9p\u00edtett biztons\u00e1gi funkci\u00f3kkal is rendelkeznek, mint p\u00e9ld\u00e1ul a r\u00f6vidz\u00e1rlat- \u00e9s a magas h\u0151m\u00e9rs\u00e9klet elleni v\u00e9delem, amelyek biztos\u00edtj\u00e1k, hogy sz\u00e1mos k\u00f6rnyezetben biztons\u00e1gosak legyenek. Gyorsabb t\u00f6lt\u00e9si id\u0151vel rendelkeznek, mint m\u00e1s akkumul\u00e1tortechnol\u00f3gi\u00e1k, \u00edgy ide\u00e1lis v\u00e1laszt\u00e1s a gyors \u00fajrat\u00f6lt\u00e9st ig\u00e9nyl\u0151 alkalmaz\u00e1sokhoz. Az akkumul\u00e1torok 100% kapacit\u00e1s\u00faak is, ami azt jelenti, hogy a felhaszn\u00e1l\u00f3k az akkumul\u00e1tor teljes kapacit\u00e1s\u00e1ra t\u00e1maszkodhatnak energiaig\u00e9ny\u00fck kiel\u00e9g\u00edt\u00e9s\u00e9re. Ezenk\u00edv\u00fcl az akkumul\u00e1torok be\u00e9p\u00edtett biztons\u00e1gi BMS-sel rendelkeznek, amely seg\u00edt megel\u0151zni az olyan probl\u00e9m\u00e1kat, mint a t\u00falt\u00f6lt\u00e9s vagy a t\u00falmer\u00fcl\u00e9s.<\/div>","protected":false},"featured_media":388,"template":"","meta":{"_kad_post_transparent":"default","_kad_post_title":"","_kad_post_layout":"default","_kad_post_sidebar_id":"","_kad_post_content_style":"default","_kad_post_vertical_padding":"default","_kad_post_feature":"","_kad_post_feature_position":"","_kad_post_header":false,"_kad_post_footer":false},"product_cat":[24],"product_tag":[221,200,203,222,202,223,220,215,224],"class_list":["post-387","product","type-product","status-publish","has-post-thumbnail","hentry","product_cat-battery-cell","product_tag-deep-cycle-3-2v-230ah-lfp","product_tag-lifepo4-battery-cells","product_tag-lifepo4-cells","product_tag-lifepo4-inverter-lithium-iron","product_tag-lithium-battery-cells","product_tag-phosphate-battery-cells-200ah","product_tag-prismatic-battery-cells","product_tag-rechargeable-battery-cells","product_tag-rechargeable-power-wall-ebike-batteries","entry","content-bg","loop-entry"],"_links":{"self":[{"href":"https:\/\/bybatt.com\/hu\/wp-json\/wp\/v2\/product\/387","targetHints":{"allow":["GET"]}}],"collection":[{"href":"https:\/\/bybatt.com\/hu\/wp-json\/wp\/v2\/product"}],"about":[{"href":"https:\/\/bybatt.com\/hu\/wp-json\/wp\/v2\/types\/product"}],"wp:featuredmedia":[{"embeddable":true,"href":"https:\/\/bybatt.com\/hu\/wp-json\/wp\/v2\/media\/388"}],"wp:attachment":[{"href":"https:\/\/bybatt.com\/hu\/wp-json\/wp\/v2\/media?parent=387"}],"wp:term":[{"taxonomy":"product_cat","embeddable":true,"href":"https:\/\/bybatt.com\/hu\/wp-json\/wp\/v2\/product_cat?post=387"},{"taxonomy":"product_tag","embeddable":true,"href":"https:\/\/bybatt.com\/hu\/wp-json\/wp\/v2\/product_tag?post=387"}],"curies":[{"name":"wp","href":"https:\/\/api.w.org\/{rel}","templated":true}]}}