{"id":393,"date":"2023-02-18T15:39:42","date_gmt":"2023-02-18T15:39:42","guid":{"rendered":"https:\/\/bybatt.com\/?post_type=product&#038;p=393"},"modified":"2023-02-19T08:22:15","modified_gmt":"2023-02-19T08:22:15","slug":"36v-48v-52v-electric-bike-lithium-battery-with-charger","status":"publish","type":"product","link":"https:\/\/bybatt.com\/hu\/termek\/36v-48v-52v-electric-bike-lithium-battery-with-charger\/","title":{"rendered":"36V 48V 52V elektromos ker\u00e9kp\u00e1r l\u00edtium akkumul\u00e1tor t\u00f6lt\u0151vel"},"content":{"rendered":"","protected":false},"excerpt":{"rendered":"<div class=\"A3dMNc\" data-initial-text=\"\">A 36 V 48 V 52 V elektromos ker\u00e9kp\u00e1r l\u00edtium akkumul\u00e1tor t\u00f6lt\u0151vel egy kiv\u00e1l\u00f3 min\u0151s\u00e9g\u0171 akkumul\u00e1tor, amelyet elektromos ker\u00e9kp\u00e1rok t\u00e1pl\u00e1l\u00e1s\u00e1ra terveztek. Az akkumul\u00e1tor 100% \u00faj Li(NiCoMn)O2 18650 cell\u00e1t haszn\u00e1l, \u00e9s 36V-os \u00e9s 48V-os n\u00e9vleges fesz\u00fclts\u00e9g\u0171 opci\u00f3kkal, 10-20ah n\u00e9vleges kapacit\u00e1ssal kaphat\u00f3. A k\u00fcls\u0151 h\u00e1z alum\u00edniumb\u00f3l k\u00e9sz\u00fclt, \u00edgy er\u0151s \u00e9s tart\u00f3s.<br \/>\nAz akkumul\u00e1tor m\u00e9rete 257150147 mm, t\u00f6mege pedig k\u00f6r\u00fclbel\u00fcl 3,5 kg\/4,5 kg. Egy szabv\u00e1nyos t\u00f6lt\u0151vel \u00e9rkezik, amely 0,2 C \u00e1lland\u00f3 \u00e1rammal \u00e9s 42 V \u00e1lland\u00f3 fesz\u00fclts\u00e9ggel t\u00f6lti az akkumul\u00e1tort. A gyorst\u00f6lt\u00e9si opci\u00f3 0,5 CA \u00e1lland\u00f3 \u00e1ramot haszn\u00e1l.<br \/>\nAz akkumul\u00e1tor norm\u00e1l kis\u00fcl\u00e9si sebess\u00e9ge 0,2 C \u00e1lland\u00f3 \u00e1ram, 36,4 V v\u00e9gfesz\u00fclts\u00e9g mellett. Az akkumul\u00e1tor 20A folyamatos kis\u00fcl\u00e9si \u00e1rammal \u00e9s 60A cs\u00facskis\u00fcl\u00e9si \u00e1rammal rendelkezik, \u00edgy sz\u00fcks\u00e9g eset\u00e9n nagy teljes\u00edtm\u00e9nyt k\u00e9pes leadni.<br \/>\nAz akkumul\u00e1tor \u00e9lettartama 500-szor a DOD80%-vel, ami azt jelenti, hogy ak\u00e1r 500-szor is felt\u00f6lthet\u0151 \u00e9s kis\u00fcthet\u0151, mik\u00f6zben megtartja eredeti kapacit\u00e1s\u00e1nak 80%-j\u00e1t. Az akkumul\u00e1tor BMS funkci\u00f3val is rendelkezik, amely mag\u00e1ban foglalja a t\u00fal\u00e1ram elleni v\u00e9delmet, a t\u00falterhel\u00e9s elleni v\u00e9delmet, a t\u00falt\u00f6lt\u00e9s elleni v\u00e9delmet, a r\u00f6vidz\u00e1rlat elleni v\u00e9delmet \u00e9s az egyens\u00falyt. Ez biztos\u00edtja az akkumul\u00e1tor v\u00e9delm\u00e9t a s\u00e9r\u00fcl\u00e9sekt\u0151l \u00e9s meghosszabb\u00edtja \u00e9lettartam\u00e1t.<br \/>\nAz akkumul\u00e1tor -10-40 \u2103 h\u0151m\u00e9rs\u00e9kleti tartom\u00e1nyban, 45-75% relat\u00edv p\u00e1ratartalom \u00e9s 86-106 KPa nyom\u00e1startom\u00e1ny mellett t\u00e1rolhat\u00f3. Ez\u00e1ltal t\u00f6bbf\u00e9le k\u00f6rnyezetben is haszn\u00e1lhat\u00f3. \u00d6sszess\u00e9g\u00e9ben ez az akkumul\u00e1tor megb\u00edzhat\u00f3 \u00e9s nagy teljes\u00edtm\u00e9ny\u0171 lehet\u0151s\u00e9g elektromos ker\u00e9kp\u00e1rok t\u00e1pl\u00e1l\u00e1s\u00e1ra.<\/div>","protected":false},"featured_media":394,"template":"","meta":{"_kad_post_transparent":"default","_kad_post_title":"","_kad_post_layout":"default","_kad_post_sidebar_id":"","_kad_post_content_style":"default","_kad_post_vertical_padding":"default","_kad_post_feature":"","_kad_post_feature_position":"","_kad_post_header":false,"_kad_post_footer":false},"product_cat":[19,22],"product_tag":[226,232,231,234,230,229,41,227,40,225,233,228],"class_list":["post-393","product","type-product","status-publish","has-post-thumbnail","hentry","product_cat-custom-ebike-battery","product_cat-rear-ebike-battery","product_tag-36v-10ah-lithium-battery","product_tag-36v-lithium-battery-for-electric-bikes","product_tag-48v-lithium-ion-battery-for-electric-bike","product_tag-e-bike-battery","product_tag-ebike-lithium-battery","product_tag-electric-bicycle-batteries","product_tag-electric-bicycle-battery","product_tag-electric-bike-14ah-24v-electric-bicycle-battery","product_tag-electric-bike-lithium-battery","product_tag-kangaroo-ebike-battery","product_tag-lithium-battery-for-motorcycle","product_tag-lithium-bicycle-battery","entry","content-bg","loop-entry"],"_links":{"self":[{"href":"https:\/\/bybatt.com\/hu\/wp-json\/wp\/v2\/product\/393","targetHints":{"allow":["GET"]}}],"collection":[{"href":"https:\/\/bybatt.com\/hu\/wp-json\/wp\/v2\/product"}],"about":[{"href":"https:\/\/bybatt.com\/hu\/wp-json\/wp\/v2\/types\/product"}],"wp:featuredmedia":[{"embeddable":true,"href":"https:\/\/bybatt.com\/hu\/wp-json\/wp\/v2\/media\/394"}],"wp:attachment":[{"href":"https:\/\/bybatt.com\/hu\/wp-json\/wp\/v2\/media?parent=393"}],"wp:term":[{"taxonomy":"product_cat","embeddable":true,"href":"https:\/\/bybatt.com\/hu\/wp-json\/wp\/v2\/product_cat?post=393"},{"taxonomy":"product_tag","embeddable":true,"href":"https:\/\/bybatt.com\/hu\/wp-json\/wp\/v2\/product_tag?post=393"}],"curies":[{"name":"wp","href":"https:\/\/api.w.org\/{rel}","templated":true}]}}