{"id":400,"date":"2023-02-18T15:48:32","date_gmt":"2023-02-18T15:48:32","guid":{"rendered":"https:\/\/bybatt.com\/?post_type=product&#038;p=400"},"modified":"2023-02-19T08:21:52","modified_gmt":"2023-02-19T08:21:52","slug":"electric-bicycle-rear-rack-battery-pack-with-taillight","status":"publish","type":"product","link":"https:\/\/bybatt.com\/hu\/termek\/electric-bicycle-rear-rack-battery-pack-with-taillight\/","title":{"rendered":"Elektromos ker\u00e9kp\u00e1r h\u00e1ts\u00f3 csomagtart\u00f3 akkumul\u00e1torcsomag h\u00e1ts\u00f3 l\u00e1mp\u00e1val"},"content":{"rendered":"","protected":false},"excerpt":{"rendered":"<p>Az elektromos ker\u00e9kp\u00e1r h\u00e1ts\u00f3 csomagtart\u00f3 akkumul\u00e1torcsomag h\u00e1ts\u00f3 l\u00e1mp\u00e1val egy \u00fajrat\u00f6lthet\u0151 l\u00edtium-ion akkumul\u00e1torcsomag, amelyet elektromos ker\u00e9kp\u00e1rok h\u00e1ts\u00f3 csomagtart\u00f3j\u00e1ra szereltek fel. Az akkumul\u00e1torcsomag be\u00e9p\u00edtett h\u00e1ts\u00f3 l\u00e1mp\u00e1val rendelkezik, amely n\u00f6veli a biztons\u00e1got az \u00e9jszakai utaz\u00e1sok sor\u00e1n.<br \/>\nAz akkumul\u00e1torcsomag 100% \u00faj Li(NiCoMn)O2 18650 cell\u00e1t haszn\u00e1l, \u00e9s k\u00e9tf\u00e9le fesz\u00fclts\u00e9ggel kaphat\u00f3: 36V \u00e9s 48V. Az akkumul\u00e1tor n\u00e9vleges kapacit\u00e1sa 10-20ah k\u00f6z\u00f6tt van. A k\u00fcls\u0151 h\u00e1z alum\u00edniumb\u00f3l k\u00e9sz\u00fclt, amely tart\u00f3ss\u00e1got \u00e9s v\u00e9delmet ny\u00fajt az \u00fct\u00e9sekkel \u00e9s az elemekkel szemben. Az akkumul\u00e1tor m\u00e9rete 257 * 150 * 147 mm, s\u00falya k\u00f6r\u00fclbel\u00fcl 3,5 kg\/4,5 kg.<br \/>\nAz akkumul\u00e1torcsomag norm\u00e1l vagy gyorst\u00f6lt\u00e9si m\u00f3dszerrel is t\u00f6lthet\u0151. A szabv\u00e1nyos t\u00f6lt\u00e9s 0,2 C \u00e1lland\u00f3 \u00e1ramer\u0151ss\u00e9get \u00e9s 42 V \u00e1lland\u00f3 fesz\u00fclts\u00e9get foglal mag\u00e1ban, 100 mA-es lekapcsol\u00e1s mellett. A gyorst\u00f6lt\u00e9s 0,5 CA \u00e1lland\u00f3 \u00e1ramer\u0151ss\u00e9get \u00e9s 42 V \u00e1lland\u00f3 fesz\u00fclts\u00e9get foglal mag\u00e1ban, 100 mA-es lekapcsol\u00e1s mellett.<br \/>\nAz akkumul\u00e1torcsomag 20A folyamatos kis\u00fcl\u00e9si \u00e1rammal \u00e9s 60A-es cs\u00facskis\u00fcl\u00e9si \u00e1rammal rendelkezik, ami azt jelenti, hogy nagy teljes\u00edtm\u00e9nyt tud biztos\u00edtani a ker\u00e9kp\u00e1r elektromos motorj\u00e1nak. Az akkumul\u00e1torcsomag \u00e9lettartama 500-szor a DOD80%-vel, ami azt jelenti, hogy ak\u00e1r 500-szor is \u00fajrat\u00f6lthet\u0151 \u00e9s kis\u00fcthet\u0151, miel\u0151tt jelent\u0151sen romlani kezd.<br \/>\nAz akkumul\u00e1torcsomag BMS-sel (akkumul\u00e1torkezel\u0151 rendszerrel) van felszerelve, amely v\u00e9delmet ny\u00fajt a t\u00fal\u00e1ram, a t\u00falkis\u00fcl\u00e9s, a t\u00falt\u00f6lt\u00e9s \u00e9s a r\u00f6vidz\u00e1rlat ellen. A BMS emellett seg\u00edt az akkumul\u00e1torcsomag egyes cell\u00e1inak kiegyens\u00falyoz\u00e1s\u00e1ban is, \u00edgy biztos\u00edtva, hogy mindegyik\u00fck egyenl\u0151en legyen t\u00f6ltve \u00e9s kis\u00fctve.<br \/>\nAz akkumul\u00e1torcsomag -10-40 \u2103 h\u0151m\u00e9rs\u00e9klet-tartom\u00e1nyban, 45-75% relat\u00edv p\u00e1ratartalom mellett 86-106 KPa nyom\u00e1startom\u00e1nyban t\u00e1rolhat\u00f3. \u00d6sszess\u00e9g\u00e9ben a h\u00e1ts\u00f3 l\u00e1mp\u00e1val ell\u00e1tott elektromos ker\u00e9kp\u00e1r h\u00e1ts\u00f3 csomagtart\u00f3 akkumul\u00e1torcsomag kiv\u00e1l\u00f3 min\u0151s\u00e9g\u0171 \u00e9s megb\u00edzhat\u00f3 \u00e1ramforr\u00e1s az elektromos ker\u00e9kp\u00e1rokhoz, amely k\u00e9nyelmet, biztons\u00e1got \u00e9s nagy teljes\u00edtm\u00e9nyt biztos\u00edt.<\/p>","protected":false},"featured_media":401,"template":"","meta":{"_kad_post_transparent":"default","_kad_post_title":"","_kad_post_layout":"default","_kad_post_sidebar_id":"","_kad_post_content_style":"default","_kad_post_vertical_padding":"default","_kad_post_feature":"","_kad_post_feature_position":"","_kad_post_header":false,"_kad_post_footer":false},"product_cat":[19,22],"product_tag":[240,241,237,238,239,235,236],"class_list":["post-400","product","type-product","status-publish","has-post-thumbnail","hentry","product_cat-custom-ebike-battery","product_cat-rear-ebike-battery","product_tag-akku-48v-36v-20ah-ebike-battery","product_tag-battery-jceb360-13","product_tag-ebike-rear-rack-battery","product_tag-electric-bike-battery-with-rear-rack","product_tag-rear-rack-25-ah-lithium-ion-battery-pack","product_tag-rear-rack-battery","product_tag-rear-rack-ebike-battery","entry","content-bg","loop-entry"],"_links":{"self":[{"href":"https:\/\/bybatt.com\/hu\/wp-json\/wp\/v2\/product\/400","targetHints":{"allow":["GET"]}}],"collection":[{"href":"https:\/\/bybatt.com\/hu\/wp-json\/wp\/v2\/product"}],"about":[{"href":"https:\/\/bybatt.com\/hu\/wp-json\/wp\/v2\/types\/product"}],"wp:featuredmedia":[{"embeddable":true,"href":"https:\/\/bybatt.com\/hu\/wp-json\/wp\/v2\/media\/401"}],"wp:attachment":[{"href":"https:\/\/bybatt.com\/hu\/wp-json\/wp\/v2\/media?parent=400"}],"wp:term":[{"taxonomy":"product_cat","embeddable":true,"href":"https:\/\/bybatt.com\/hu\/wp-json\/wp\/v2\/product_cat?post=400"},{"taxonomy":"product_tag","embeddable":true,"href":"https:\/\/bybatt.com\/hu\/wp-json\/wp\/v2\/product_tag?post=400"}],"curies":[{"name":"wp","href":"https:\/\/api.w.org\/{rel}","templated":true}]}}