{"id":407,"date":"2023-02-19T03:55:38","date_gmt":"2023-02-19T03:55:38","guid":{"rendered":"https:\/\/bybatt.com\/?post_type=product&#038;p=407"},"modified":"2023-02-19T08:21:27","modified_gmt":"2023-02-19T08:21:27","slug":"wholesale-24v-36v-48v-e-bike-rear-rack-lithium-ion-battery","status":"publish","type":"product","link":"https:\/\/bybatt.com\/hu\/termek\/wholesale-24v-36v-48v-e-bike-rear-rack-lithium-ion-battery\/","title":{"rendered":"Nagykereskedelmi 24V 36V 48V E-bike h\u00e1ts\u00f3 csomagtart\u00f3 l\u00edtium-ion akkumul\u00e1tor"},"content":{"rendered":"","protected":false},"excerpt":{"rendered":"<p>A nagykereskedelmi 24V 36V 48V E-Bike Rear Rack Lithium-ion Battery egy kiv\u00e1l\u00f3 min\u0151s\u00e9g\u0171 akkumul\u00e1tor, amelyet elektromos ker\u00e9kp\u00e1rokhoz terveztek. Ez az akkumul\u00e1tor 100% \u00faj cell\u00e1t haszn\u00e1l, k\u00e9miai \u00f6sszet\u00e9tele Li(NiCoMn)O2 18650. N\u00e9vleges fesz\u00fclts\u00e9ge 36V vagy 48V, n\u00e9vleges kapacit\u00e1sa 10-20ah. A k\u00fcls\u0151 h\u00e1z alum\u00edniumb\u00f3l k\u00e9sz\u00fclt, \u00edgy er\u0151s \u00e9s tart\u00f3s. Az akkumul\u00e1tor m\u00e9rete 257*150*147mm, s\u00falya kb. 3,5KG\/4,5Kg.<br \/>\nAz akkumul\u00e1tort norm\u00e1l 0,2 C \u00e1lland\u00f3 \u00e1ram\u00fa t\u00f6lt\u00e9ssel, 42 V \u00e1lland\u00f3 fesz\u00fclts\u00e9ggel, 100 mA lekapcsol\u00e1ssal vagy 0,5 CA \u00e1lland\u00f3 \u00e1ram\u00fa gyorst\u00f6lt\u00e9ssel, 42 V 100 mA lekapcsol\u00e1ssal lehet t\u00f6lteni. Kis\u00fcthet\u0151 szabv\u00e1nyos 0,2C \u00e1lland\u00f3 \u00e1ram\u00fa kis\u00fct\u00e9ssel\/v\u00e9gfesz\u00fclts\u00e9g 36,4V. Az akkumul\u00e1tor folyamatos kis\u00fcl\u00e9si \u00e1rama 20A, cs\u00facskis\u00fcl\u00e9si \u00e1rama pedig 60A.<br \/>\nEnnek az akkumul\u00e1tornak a DOD80%-vel 500-szoros \u00e9lettartama van, \u00e9s tartalmaz egy BMS-t (Akkumul\u00e1torkezel\u0151 rendszer) t\u00fal\u00e1ramv\u00e9delemmel, t\u00falkis\u00fcl\u00e9s elleni v\u00e9delemmel, t\u00falt\u00f6lt\u00e9s elleni v\u00e9delemmel, r\u00f6vidz\u00e1rlat elleni v\u00e9delemmel \u00e9s egyens\u00falyi funkci\u00f3kkal. Az akkumul\u00e1tor -10-40 \u2103 h\u0151m\u00e9rs\u00e9klet-tartom\u00e1nyban, 45-75% relat\u00edv p\u00e1ratartalom mellett 86-106 KPa nyom\u00e1son t\u00e1rolhat\u00f3. Ez az akkumul\u00e1tor ide\u00e1lis azoknak az e-bike rajong\u00f3knak, akik megb\u00edzhat\u00f3 \u00e9s hossz\u00fa \u00e9lettartam\u00fa \u00e1ramforr\u00e1st szeretn\u00e9nek elektromos ker\u00e9kp\u00e1rjukhoz.<\/p>","protected":false},"featured_media":408,"template":"","meta":{"_kad_post_transparent":"default","_kad_post_title":"","_kad_post_layout":"default","_kad_post_sidebar_id":"","_kad_post_content_style":"default","_kad_post_vertical_padding":"default","_kad_post_feature":"","_kad_post_feature_position":"","_kad_post_header":false,"_kad_post_footer":false},"product_cat":[19,22],"product_tag":[246,248,247,249,244,238,245,235,236,243,242],"class_list":["post-407","product","type-product","status-publish","has-post-thumbnail","hentry","product_cat-custom-ebike-battery","product_cat-rear-ebike-battery","product_tag-24v-battery-rack-mount","product_tag-24v-rear-rack-battery","product_tag-36v-rear-rack-battery","product_tag-48v-rear-rack-battery","product_tag-48volt-li-ion-e-bike-akku-ebike-rear-rack","product_tag-electric-bike-battery-with-rear-rack","product_tag-kangaroo-battery","product_tag-rear-rack-battery","product_tag-rear-rack-ebike-battery","product_tag-rear-rack-ebike-lithium-ion-battery","product_tag-rear-rack-lithium-ion-battery","entry","content-bg","loop-entry"],"_links":{"self":[{"href":"https:\/\/bybatt.com\/hu\/wp-json\/wp\/v2\/product\/407","targetHints":{"allow":["GET"]}}],"collection":[{"href":"https:\/\/bybatt.com\/hu\/wp-json\/wp\/v2\/product"}],"about":[{"href":"https:\/\/bybatt.com\/hu\/wp-json\/wp\/v2\/types\/product"}],"wp:featuredmedia":[{"embeddable":true,"href":"https:\/\/bybatt.com\/hu\/wp-json\/wp\/v2\/media\/408"}],"wp:attachment":[{"href":"https:\/\/bybatt.com\/hu\/wp-json\/wp\/v2\/media?parent=407"}],"wp:term":[{"taxonomy":"product_cat","embeddable":true,"href":"https:\/\/bybatt.com\/hu\/wp-json\/wp\/v2\/product_cat?post=407"},{"taxonomy":"product_tag","embeddable":true,"href":"https:\/\/bybatt.com\/hu\/wp-json\/wp\/v2\/product_tag?post=407"}],"curies":[{"name":"wp","href":"https:\/\/api.w.org\/{rel}","templated":true}]}}