{"id":415,"date":"2023-02-19T07:37:27","date_gmt":"2023-02-19T07:37:27","guid":{"rendered":"https:\/\/bybatt.com\/?post_type=product&#038;p=415"},"modified":"2023-02-19T08:21:03","modified_gmt":"2023-02-19T08:21:03","slug":"100-new-cell-li-ion-e-bike-battery-mounted-on-rear-rack","status":"publish","type":"product","link":"https:\/\/bybatt.com\/hu\/termek\/100-new-cell-li-ion-e-bike-battery-mounted-on-rear-rack\/","title":{"rendered":"100% \u00faj cell\u00e1s Li-ion elektromos ker\u00e9kp\u00e1r akkumul\u00e1tor a h\u00e1ts\u00f3 rackre szerelve"},"content":{"rendered":"","protected":false},"excerpt":{"rendered":"<p>A 100% New Cell Li-ion E-Bike akkumul\u00e1tor a h\u00e1ts\u00f3 rackre szerelve egy kiv\u00e1l\u00f3 min\u0151s\u00e9g\u0171, megb\u00edzhat\u00f3 akkumul\u00e1tor, amelyet elektromos ker\u00e9kp\u00e1rokhoz terveztek. Az akkumul\u00e1tor 100% \u00faj cell\u00e1kb\u00f3l k\u00e9sz\u00fcl, Li(NiCoMn)O2 18650 k\u00e9miai \u00f6sszet\u00e9tellel. K\u00e9t k\u00fcl\u00f6nb\u00f6z\u0151 n\u00e9vleges fesz\u00fclts\u00e9ggel, 36V-os \u00e9s 48V-os v\u00e1ltozatban kaphat\u00f3, n\u00e9vleges kapacit\u00e1sa 10-20ah.<br \/>\nAz akkumul\u00e1tor k\u00fcls\u0151 h\u00e1za tart\u00f3s alum\u00edniumb\u00f3l k\u00e9sz\u00fclt, m\u00e9retei 257*150*147mm. Az akkumul\u00e1tor norm\u00e1l t\u00f6lt\u00e9si m\u00f3dszerrel t\u00f6lthet\u0151, amely 0,2 C \u00e1lland\u00f3 \u00e1ramer\u0151ss\u00e9get \u00e9s 42 V \u00e1lland\u00f3 fesz\u00fclts\u00e9get foglal mag\u00e1ban, 100 mA-es lekapcsol\u00e1s mellett. Alternat\u00edv megold\u00e1sk\u00e9nt gyorst\u00f6lt\u00e9si m\u00f3dszer is haszn\u00e1lhat\u00f3, amely 0,5 CA \u00e1lland\u00f3 \u00e1ramot, 42 V \u00e1lland\u00f3 fesz\u00fclts\u00e9get \u00e9s 100 mA lekapcsol\u00e1st foglal mag\u00e1ban.<br \/>\nHaszn\u00e1lat k\u00f6zben az akkumul\u00e1tor 0,2 C \u00e1lland\u00f3 \u00e1rammal kis\u00fcthet\u0151, am\u00edg a v\u00e9gfesz\u00fclts\u00e9g el nem \u00e9ri a 36,4 V-ot. Az akkumul\u00e1tor s\u00falya megk\u00f6zel\u00edt\u0151leg 3,5 kg\/4,5 kg, folyamatos kis\u00fcl\u00e9si \u00e1rama 20 A, cs\u00facskis\u00fcl\u00e9si \u00e1rama pedig 60 A. Az akkumul\u00e1tor \u00e9lettartama 500-szor a DOD80%-vel.<br \/>\nAz akkumul\u00e1tor BMS-sel (Battery Management System) van felszerelve, amely v\u00e9delmet ny\u00fajt a t\u00fal\u00e1ram, a t\u00falkis\u00fcl\u00e9s, a t\u00falt\u00f6lt\u00e9s \u00e9s a r\u00f6vidz\u00e1rlat ellen. Kiegyens\u00falyoz\u00f3 funkci\u00f3val is rendelkezik, amely biztos\u00edtja, hogy az akkumul\u00e1tor minden cell\u00e1ja egyenletesen t\u00f6lt\u0151dj\u00f6n \u00e9s kis\u00fclj\u00f6n.<br \/>\nAz akkumul\u00e1tor t\u00e1rol\u00e1si h\u0151m\u00e9rs\u00e9klete -10-40 \u2103, relat\u00edv p\u00e1ratartalma 45-75%, nyom\u00e1sa pedig 86-106 KPa. Ez az akkumul\u00e1tor nagyszer\u0171 v\u00e1laszt\u00e1s mindazok sz\u00e1m\u00e1ra, akik szeretn\u00e9k friss\u00edteni vagy cser\u00e9lni jelenlegi e-bike akkumul\u00e1tor\u00e1t.<\/p>","protected":false},"featured_media":416,"template":"","meta":{"_kad_post_transparent":"default","_kad_post_title":"","_kad_post_layout":"default","_kad_post_sidebar_id":"","_kad_post_content_style":"default","_kad_post_vertical_padding":"default","_kad_post_feature":"","_kad_post_feature_position":"","_kad_post_header":false,"_kad_post_footer":false},"product_cat":[19,22],"product_tag":[248,247,252,253,249,245,250,254,251],"class_list":["post-415","product","type-product","status-publish","has-post-thumbnail","hentry","product_cat-custom-ebike-battery","product_cat-rear-ebike-battery","product_tag-24v-rear-rack-battery","product_tag-36v-rear-rack-battery","product_tag-48-volt-rear-rack-electric-bicycle-battery","product_tag-48v-10ah-ebike-battery-with-carrier","product_tag-48v-rear-rack-battery","product_tag-kangaroo-battery","product_tag-li-ion-e-bike-battery","product_tag-rack-ebike-rear-rack","product_tag-rechargeable-lithium-ion","entry","content-bg","loop-entry"],"_links":{"self":[{"href":"https:\/\/bybatt.com\/hu\/wp-json\/wp\/v2\/product\/415","targetHints":{"allow":["GET"]}}],"collection":[{"href":"https:\/\/bybatt.com\/hu\/wp-json\/wp\/v2\/product"}],"about":[{"href":"https:\/\/bybatt.com\/hu\/wp-json\/wp\/v2\/types\/product"}],"wp:featuredmedia":[{"embeddable":true,"href":"https:\/\/bybatt.com\/hu\/wp-json\/wp\/v2\/media\/416"}],"wp:attachment":[{"href":"https:\/\/bybatt.com\/hu\/wp-json\/wp\/v2\/media?parent=415"}],"wp:term":[{"taxonomy":"product_cat","embeddable":true,"href":"https:\/\/bybatt.com\/hu\/wp-json\/wp\/v2\/product_cat?post=415"},{"taxonomy":"product_tag","embeddable":true,"href":"https:\/\/bybatt.com\/hu\/wp-json\/wp\/v2\/product_tag?post=415"}],"curies":[{"name":"wp","href":"https:\/\/api.w.org\/{rel}","templated":true}]}}