{"id":422,"date":"2023-02-19T08:03:36","date_gmt":"2023-02-19T08:03:36","guid":{"rendered":"https:\/\/bybatt.com\/?post_type=product&#038;p=422"},"modified":"2023-02-19T08:20:43","modified_gmt":"2023-02-19T08:20:43","slug":"electric-bike-tricycle-lithium-battery-pack-rear-rack-type","status":"publish","type":"product","link":"https:\/\/bybatt.com\/hu\/termek\/electric-bike-tricycle-lithium-battery-pack-rear-rack-type\/","title":{"rendered":"Elektromos ker\u00e9kp\u00e1r tricikli l\u00edtium akkumul\u00e1tor csomag h\u00e1ts\u00f3 csomagtart\u00f3 t\u00edpus"},"content":{"rendered":"","protected":false},"excerpt":{"rendered":"<p>ker\u00e9kp\u00e1r vagy tricikli h\u00e1ts\u00f3 csomagtart\u00f3j\u00e1ra szerelhet\u0151. Az akkumul\u00e1tor 100% \u00faj cell\u00e1t haszn\u00e1l, \u00e9s k\u00e9miai \u00f6sszet\u00e9tele Li(NiCoMn)O2 18650. K\u00e9t n\u00e9vleges fesz\u00fclts\u00e9ggel kaphat\u00f3: 36V \u00e9s 48V, 10-20ah n\u00e9vleges kapacit\u00e1ssal. Az akkumul\u00e1tor k\u00fcls\u0151 h\u00e1za alum\u00edniumb\u00f3l k\u00e9sz\u00fclt, m\u00e9retei 257*150*147 mm.<br \/>\nAz akkumul\u00e1tor norm\u00e1l t\u00f6lt\u00e9ssel, 0,2 C \u00e1lland\u00f3 \u00e1rammal \u00e9s 42 V \u00e1lland\u00f3 fesz\u00fclts\u00e9ggel t\u00f6lthet\u0151 100 mA lekapcsol\u00e1ssal vagy 0,5 CA \u00e1lland\u00f3 \u00e1ram\u00fa gyorst\u00f6lt\u00e9ssel, 42 V \u00e1lland\u00f3 fesz\u00fclts\u00e9ggel 100 mA lekapcsol\u00e1ssal. Norm\u00e1l kis\u00fcl\u00e9si sebess\u00e9ge 0,2C \u00e1lland\u00f3 \u00e1ram, v\u00e9gfesz\u00fclts\u00e9ge 36,4V. Az akkumul\u00e1tor s\u00falya megk\u00f6zel\u00edt\u0151leg 3,5 kg\/4,5 kg, folyamatos kis\u00fcl\u00e9si \u00e1rama 20 A, cs\u00facskis\u00fcl\u00e9si \u00e1rama pedig 60 A.<br \/>\nAz akkumul\u00e1tor \u00e9lettartama 500-szor a DOD80%-vel, \u00e9s BMS (akkumul\u00e1torkezel\u0151 rendszer) funkci\u00f3val rendelkezik, amely t\u00fal\u00e1ram-, t\u00falkis\u00fcl\u00e9s-, t\u00falt\u00f6lt\u00e9s-, r\u00f6vidz\u00e1rlat- \u00e9s egyens\u00faly-v\u00e9delmet biztos\u00edt. Az akkumul\u00e1tor -10-40 \u2103 h\u0151m\u00e9rs\u00e9kleti tartom\u00e1nyban, 45-75% relat\u00edv p\u00e1ratartalom mellett 86-106 KPa nyom\u00e1son t\u00e1rolhat\u00f3.<br \/>\n\u00d6sszess\u00e9g\u00e9ben ezt az akkumul\u00e1torcsomagot olyan elektromos ker\u00e9kp\u00e1rosok vagy tricikliz\u0151k sz\u00e1m\u00e1ra tervezt\u00e9k, akiknek megb\u00edzhat\u00f3, k\u00f6nnyen felszerelhet\u0151 \u00e9s haszn\u00e1lhat\u00f3 \u00e1ramforr\u00e1sra van sz\u00fcks\u00e9g\u00fck. Magas szint\u0171 teljes\u00edtm\u00e9nyt \u00e9s biztons\u00e1got ny\u00fajt, \u00edgy kiv\u00e1l\u00f3 v\u00e1laszt\u00e1s az elektromos ker\u00e9kp\u00e1rok \u00e9s triciklik szerelmeseinek.<\/p>","protected":false},"featured_media":424,"template":"","meta":{"_kad_post_transparent":"default","_kad_post_title":"","_kad_post_layout":"default","_kad_post_sidebar_id":"","_kad_post_content_style":"default","_kad_post_vertical_padding":"default","_kad_post_feature":"","_kad_post_feature_position":"","_kad_post_header":false,"_kad_post_footer":false},"product_cat":[19,22],"product_tag":[258,248,247,256,249,236,257,255],"class_list":["post-422","product","type-product","status-publish","has-post-thumbnail","hentry","product_cat-custom-ebike-battery","product_cat-rear-ebike-battery","product_tag-18650-lithium-ion-battery-pack","product_tag-24v-rear-rack-battery","product_tag-36v-rear-rack-battery","product_tag-48v-32ah-lithium-battery","product_tag-48v-rear-rack-battery","product_tag-rear-rack-ebike-battery","product_tag-recharge-storage-battery","product_tag-tricycle-lithium-battery-pack","entry","content-bg","loop-entry"],"_links":{"self":[{"href":"https:\/\/bybatt.com\/hu\/wp-json\/wp\/v2\/product\/422","targetHints":{"allow":["GET"]}}],"collection":[{"href":"https:\/\/bybatt.com\/hu\/wp-json\/wp\/v2\/product"}],"about":[{"href":"https:\/\/bybatt.com\/hu\/wp-json\/wp\/v2\/types\/product"}],"wp:featuredmedia":[{"embeddable":true,"href":"https:\/\/bybatt.com\/hu\/wp-json\/wp\/v2\/media\/424"}],"wp:attachment":[{"href":"https:\/\/bybatt.com\/hu\/wp-json\/wp\/v2\/media?parent=422"}],"wp:term":[{"taxonomy":"product_cat","embeddable":true,"href":"https:\/\/bybatt.com\/hu\/wp-json\/wp\/v2\/product_cat?post=422"},{"taxonomy":"product_tag","embeddable":true,"href":"https:\/\/bybatt.com\/hu\/wp-json\/wp\/v2\/product_tag?post=422"}],"curies":[{"name":"wp","href":"https:\/\/api.w.org\/{rel}","templated":true}]}}