{"id":430,"date":"2023-02-19T08:26:22","date_gmt":"2023-02-19T08:26:22","guid":{"rendered":"https:\/\/bybatt.com\/?post_type=product&#038;p=430"},"modified":"2023-02-19T09:32:04","modified_gmt":"2023-02-19T09:32:04","slug":"customized-high-capacity-brand-new-e-bike-rack-battery","status":"publish","type":"product","link":"https:\/\/bybatt.com\/hu\/termek\/customized-high-capacity-brand-new-e-bike-rack-battery\/","title":{"rendered":"Testreszabott, nagy kapacit\u00e1s\u00fa vadonat\u00faj E ker\u00e9kp\u00e1rt\u00e1rol\u00f3 akkumul\u00e1tor"},"content":{"rendered":"","protected":false},"excerpt":{"rendered":"<p>Ez a term\u00e9k egy vadonat\u00faj, nagy kapacit\u00e1s\u00fa e-bike rack akkumul\u00e1tor, amely egyedi ig\u00e9nyeknek megfelel\u0151en testreszabhat\u00f3. Az akkumul\u00e1tor 100% \u00faj cell\u00e1t haszn\u00e1l, k\u00e9miai \u00f6sszet\u00e9tele Li(NiCoMn)O2 18650. A n\u00e9vleges fesz\u00fclts\u00e9ge 36V vagy 48V, n\u00e9vleges kapacit\u00e1sa pedig 10-20ah. A k\u00fcls\u0151 h\u00e1z alum\u00edniumb\u00f3l k\u00e9sz\u00fclt, m\u00e9retei 257*150*147mm.<br \/>\nAz akkumul\u00e1tor k\u00e9tf\u00e9lek\u00e9ppen t\u00f6lthet\u0151: norm\u00e1l \u00e9s gyorst\u00f6lt\u00e9s. A szabv\u00e1nyos t\u00f6lt\u00e9s 0,2 C \u00e1lland\u00f3 \u00e1ramot, 42 V \u00e1lland\u00f3 fesz\u00fclts\u00e9get \u00e9s 100 mA lekapcsol\u00e1st haszn\u00e1l. A gyorst\u00f6lt\u00e9s 0,5 CA \u00e1lland\u00f3 \u00e1ramot, 42 V \u00e1lland\u00f3 fesz\u00fclts\u00e9get \u00e9s 100 mA lekapcsol\u00e1st haszn\u00e1l.<br \/>\nHaszn\u00e1lat k\u00f6zben az akkumul\u00e1tor 20A folyamatos kis\u00fcl\u00e9si \u00e1rammal \u00e9s 60A cs\u00facskis\u00fcl\u00e9si \u00e1rammal rendelkezik. A ciklus \u00e9lettartama k\u00f6r\u00fclbel\u00fcl 500-szoros DOD80% min\u0151s\u00edt\u00e9ssel.<br \/>\nAz akkumul\u00e1tor be\u00e9p\u00edtett BMS-sel (akkumul\u00e1torkezel\u0151 rendszerrel) rendelkezik, amely v\u00e9delmet ny\u00fajt a t\u00fal\u00e1ram, a t\u00falkis\u00fcl\u00e9s, a t\u00falt\u00f6lt\u00e9s \u00e9s a r\u00f6vidz\u00e1rlat ellen. A BMS az akkumul\u00e1torcell\u00e1k k\u00f6z\u00f6tti egyens\u00falyt is biztos\u00edtja.<br \/>\nAz akkumul\u00e1tor t\u00e1rol\u00e1si h\u0151m\u00e9rs\u00e9klete -10-40 \u2103, relat\u00edv p\u00e1ratartalom 45-75% \u00e9s 86-106 KPa nyom\u00e1startom\u00e1ny. Az akkumul\u00e1tor s\u00falya a kapacit\u00e1st\u00f3l f\u00fcgg\u0151en k\u00f6r\u00fclbel\u00fcl 3,5 kg vagy 4,5 kg.<\/p>","protected":false},"featured_media":431,"template":"","meta":{"_kad_post_transparent":"default","_kad_post_title":"","_kad_post_layout":"default","_kad_post_sidebar_id":"","_kad_post_content_style":"default","_kad_post_vertical_padding":"default","_kad_post_feature":"","_kad_post_feature_position":"","_kad_post_header":false,"_kad_post_footer":false},"product_cat":[19,22],"product_tag":[248,247,249,259,236],"class_list":["post-430","product","type-product","status-publish","has-post-thumbnail","hentry","product_cat-custom-ebike-battery","product_cat-rear-ebike-battery","product_tag-24v-rear-rack-battery","product_tag-36v-rear-rack-battery","product_tag-48v-rear-rack-battery","product_tag-e-bike-rack-battery","product_tag-rear-rack-ebike-battery","entry","content-bg","loop-entry"],"_links":{"self":[{"href":"https:\/\/bybatt.com\/hu\/wp-json\/wp\/v2\/product\/430","targetHints":{"allow":["GET"]}}],"collection":[{"href":"https:\/\/bybatt.com\/hu\/wp-json\/wp\/v2\/product"}],"about":[{"href":"https:\/\/bybatt.com\/hu\/wp-json\/wp\/v2\/types\/product"}],"wp:featuredmedia":[{"embeddable":true,"href":"https:\/\/bybatt.com\/hu\/wp-json\/wp\/v2\/media\/431"}],"wp:attachment":[{"href":"https:\/\/bybatt.com\/hu\/wp-json\/wp\/v2\/media?parent=430"}],"wp:term":[{"taxonomy":"product_cat","embeddable":true,"href":"https:\/\/bybatt.com\/hu\/wp-json\/wp\/v2\/product_cat?post=430"},{"taxonomy":"product_tag","embeddable":true,"href":"https:\/\/bybatt.com\/hu\/wp-json\/wp\/v2\/product_tag?post=430"}],"curies":[{"name":"wp","href":"https:\/\/api.w.org\/{rel}","templated":true}]}}