{"id":437,"date":"2023-02-19T09:32:20","date_gmt":"2023-02-19T09:32:20","guid":{"rendered":"https:\/\/bybatt.com\/?post_type=product&#038;p=437"},"modified":"2023-02-19T09:49:51","modified_gmt":"2023-02-19T09:49:51","slug":"rechargeable-lithium-electric-bike-seat-post-battery-pack","status":"publish","type":"product","link":"https:\/\/bybatt.com\/hu\/termek\/rechargeable-lithium-electric-bike-seat-post-battery-pack\/","title":{"rendered":"\u00dajrat\u00f6lthet\u0151 l\u00edtium elektromos ker\u00e9kp\u00e1r \u00fcl\u00e9soszlop akkumul\u00e1torcsomag"},"content":{"rendered":"","protected":false},"excerpt":{"rendered":"<p>Ez a term\u00e9k egy \u00fajrat\u00f6lthet\u0151 l\u00edtium elektromos ker\u00e9kp\u00e1r \u00fcl\u00e9soszlop akkumul\u00e1torcsomag, amelyet elektromos ker\u00e9kp\u00e1rok \u00e1ramell\u00e1t\u00e1s\u00e1ra terveztek. Az akkumul\u00e1torcsomag 100% \u00faj Li(NiCoMn)O2 18650 cell\u00e1t haszn\u00e1l, melyek n\u00e9vleges fesz\u00fclts\u00e9ge 36v vagy 48v, n\u00e9vleges kapacit\u00e1sa 10-20ah. Az akkumul\u00e1tor k\u00fcls\u0151 h\u00e1za alum\u00edniumb\u00f3l k\u00e9sz\u00fclt, m\u00e9retei 257*1501*47mm.<br \/>\nAz akkumul\u00e1tor egy szabv\u00e1nyos t\u00f6lt\u00e9si m\u00f3dszerrel t\u00f6lthet\u0151, amely 0,2 C \u00e1lland\u00f3 \u00e1ramer\u0151ss\u00e9get \u00e9s 42 V \u00e1lland\u00f3 fesz\u00fclts\u00e9get foglal mag\u00e1ban, 100 mA-es lekapcsol\u00e1s mellett. Alternat\u00edv megold\u00e1sk\u00e9nt gyorst\u00f6lt\u00e9si m\u00f3dszerrel is felt\u00f6lthet\u0151, amely 0,5 CA \u00e1lland\u00f3 \u00e1ramot \u00e9s 42 V \u00e1lland\u00f3 fesz\u00fclts\u00e9get foglal mag\u00e1ban, 100 mA-es lekapcsol\u00e1s mellett. Az akkumul\u00e1tor 0,2 C \u00e1lland\u00f3 \u00e1rammal, 36,4 V v\u00e9gfesz\u00fclts\u00e9ggel kis\u00fcthet\u0151.<br \/>\nAz akkumul\u00e1tor s\u00falya k\u00f6r\u00fclbel\u00fcl 3,5 kg\/4,5 kg, folyamatos kis\u00fcl\u00e9si \u00e1rama 20 A, cs\u00facskis\u00fcl\u00e9si \u00e1rama pedig 60 A. A DOD80%-vel 500-szoros ciklus \u00e9lettartammal rendelkezik, \u00e9s olyan BMS funkci\u00f3val rendelkezik, amely t\u00fal\u00e1ram-, t\u00fal-kis\u00fcl\u00e9s-, t\u00falt\u00f6lt\u00e9s-, r\u00f6vidz\u00e1r-v\u00e9delmet \u00e9s egyens\u00falyt biztos\u00edt.<br \/>\nAz akkumul\u00e1tor t\u00e1rol\u00e1si h\u0151m\u00e9rs\u00e9klete -10-40 \u2103 k\u00f6z\u00f6tt van, relat\u00edv p\u00e1ratartalom 45-75% \u00e9s nyom\u00e1s 86-106 KPa. Ez az \u00fajrat\u00f6lthet\u0151 l\u00edtium elektromos ker\u00e9kp\u00e1r \u00fcl\u00e9soszlop akkumul\u00e1torcsomag ide\u00e1lis megold\u00e1s azok sz\u00e1m\u00e1ra, akik megb\u00edzhat\u00f3 \u00e9s hossz\u00fa \u00e9lettartam\u00fa \u00e1ramforr\u00e1st szeretn\u00e9nek elektromos ker\u00e9kp\u00e1rjukhoz.<\/p>","protected":false},"featured_media":438,"template":"","meta":{"_kad_post_transparent":"default","_kad_post_title":"","_kad_post_layout":"default","_kad_post_sidebar_id":"","_kad_post_content_style":"default","_kad_post_vertical_padding":"default","_kad_post_feature":"","_kad_post_feature_position":"","_kad_post_header":false,"_kad_post_footer":false},"product_cat":[19,21],"product_tag":[264,248,266,247,249,262,260,263,261,265],"class_list":["post-437","product","type-product","status-publish","has-post-thumbnail","hentry","product_cat-custom-ebike-battery","product_cat-down-tube-ebike-battery","product_tag-11ah-lithium-battery-for-a2b-kuo","product_tag-24v-rear-rack-battery","product_tag-36v-14ah-li-ion-e-bike-battery","product_tag-36v-rear-rack-battery","product_tag-48v-rear-rack-battery","product_tag-e-bike-seat-post-battery","product_tag-electric-bike-seat-post-battery","product_tag-magnum-36v-seat-post-mounting-frog-batt","product_tag-post-seat-battery","product_tag-taga-2-0-famous-cell","entry","content-bg","loop-entry"],"_links":{"self":[{"href":"https:\/\/bybatt.com\/hu\/wp-json\/wp\/v2\/product\/437","targetHints":{"allow":["GET"]}}],"collection":[{"href":"https:\/\/bybatt.com\/hu\/wp-json\/wp\/v2\/product"}],"about":[{"href":"https:\/\/bybatt.com\/hu\/wp-json\/wp\/v2\/types\/product"}],"wp:featuredmedia":[{"embeddable":true,"href":"https:\/\/bybatt.com\/hu\/wp-json\/wp\/v2\/media\/438"}],"wp:attachment":[{"href":"https:\/\/bybatt.com\/hu\/wp-json\/wp\/v2\/media?parent=437"}],"wp:term":[{"taxonomy":"product_cat","embeddable":true,"href":"https:\/\/bybatt.com\/hu\/wp-json\/wp\/v2\/product_cat?post=437"},{"taxonomy":"product_tag","embeddable":true,"href":"https:\/\/bybatt.com\/hu\/wp-json\/wp\/v2\/product_tag?post=437"}],"curies":[{"name":"wp","href":"https:\/\/api.w.org\/{rel}","templated":true}]}}