{"id":444,"date":"2023-02-19T09:54:39","date_gmt":"2023-02-19T09:54:39","guid":{"rendered":"https:\/\/bybatt.com\/?post_type=product&#038;p=444"},"modified":"2023-02-19T10:24:36","modified_gmt":"2023-02-19T10:24:36","slug":"36v-12ah-lithium-battery-seatpost-frog-ebike-battery-pack","status":"publish","type":"product","link":"https:\/\/bybatt.com\/hu\/termek\/36v-12ah-lithium-battery-seatpost-frog-ebike-battery-pack\/","title":{"rendered":"36V 12Ah l\u00edtium akkumul\u00e1tor nyeregcs\u0151 Frog Ebike akkumul\u00e1torcsomag"},"content":{"rendered":"","protected":false},"excerpt":{"rendered":"<p>A 36V 12Ah l\u00edtium akkumul\u00e1toros Seatpost Frog Ebike akkumul\u00e1torcsomag egy kiv\u00e1l\u00f3 min\u0151s\u00e9g\u0171 \u00e9s tart\u00f3s akkumul\u00e1torcsomag, amelyet elektromos ker\u00e9kp\u00e1rokhoz terveztek. Az akkumul\u00e1tor 100% \u00faj cell\u00e1t haszn\u00e1l, k\u00e9miai \u00f6sszet\u00e9tele Li(NiCoMn)O2 18650. 36V-os \u00e9s 48V-os v\u00e1ltozatban is kaphat\u00f3, 10-20ah n\u00e9vleges kapacit\u00e1ssal.<br \/>\nAz akkumul\u00e1tor egy er\u0151s alum\u00ednium tokban tal\u00e1lhat\u00f3, m\u00e9retei 257*150*147mm. Az akkumul\u00e1torcsomag szabv\u00e1nyos t\u00f6lt\u00e9se 0,2 C \u00e1lland\u00f3 \u00e1ram, 42 V \u00e1lland\u00f3 fesz\u00fclts\u00e9g \u00e9s 100 mA lekapcsol\u00e1s. A gyorst\u00f6lt\u00e9s \u00e9rdek\u00e9ben az akkumul\u00e1torcsomag 0,5 CA \u00e1lland\u00f3 \u00e1ramot, 42 V \u00e1lland\u00f3 fesz\u00fclts\u00e9get \u00e9s 100 mA-es lekapcsol\u00e1st k\u00e9pes kezelni.<br \/>\nAz akkumul\u00e1torcsomag szabv\u00e1nyos kis\u00fcl\u00e9si \u00e1rama 0,2 C \u00e1lland\u00f3 \u00e1ram, 36,4 V v\u00e9gfesz\u00fclts\u00e9ggel. Az akkumul\u00e1tor s\u00falya k\u00f6r\u00fclbel\u00fcl 3,5 kg\/4,5 kg, \u00e9s 20 A folyamatos kis\u00fcl\u00e9si \u00e1ramot k\u00e9pes kezelni, 60 A cs\u00facskis\u00fcl\u00e9si \u00e1ram mellett.<br \/>\nAz akkumul\u00e1tor \u00e9lettartama 500-szor a DOD80%-vel, \u00e9s fel van szerelve egy BMS funkci\u00f3val, amely mag\u00e1ban foglalja a t\u00fal\u00e1ram elleni v\u00e9delmet, a t\u00falt\u00f6lt\u00e9s elleni v\u00e9delmet, a t\u00falt\u00f6lt\u00e9s elleni v\u00e9delmet, a r\u00f6vidz\u00e1rlat elleni v\u00e9delmet \u00e9s az egyens\u00falyt. Az akkumul\u00e1tor t\u00e1rol\u00e1si h\u0151m\u00e9rs\u00e9klete -10-40 \u2103, relat\u00edv p\u00e1ratartalom 45-75% \u00e9s 86-106 KPa nyom\u00e1startom\u00e1ny.<\/p>","protected":false},"featured_media":459,"template":"","meta":{"_kad_post_transparent":"default","_kad_post_title":"","_kad_post_layout":"default","_kad_post_sidebar_id":"","_kad_post_content_style":"default","_kad_post_vertical_padding":"default","_kad_post_feature":"","_kad_post_feature_position":"","_kad_post_header":false,"_kad_post_footer":false},"product_cat":[19,21],"product_tag":[248,247,249,262,267],"class_list":["post-444","product","type-product","status-publish","has-post-thumbnail","hentry","product_cat-custom-ebike-battery","product_cat-down-tube-ebike-battery","product_tag-24v-rear-rack-battery","product_tag-36v-rear-rack-battery","product_tag-48v-rear-rack-battery","product_tag-e-bike-seat-post-battery","product_tag-frog-ebike-battery","entry","content-bg","loop-entry"],"_links":{"self":[{"href":"https:\/\/bybatt.com\/hu\/wp-json\/wp\/v2\/product\/444","targetHints":{"allow":["GET"]}}],"collection":[{"href":"https:\/\/bybatt.com\/hu\/wp-json\/wp\/v2\/product"}],"about":[{"href":"https:\/\/bybatt.com\/hu\/wp-json\/wp\/v2\/types\/product"}],"wp:featuredmedia":[{"embeddable":true,"href":"https:\/\/bybatt.com\/hu\/wp-json\/wp\/v2\/media\/459"}],"wp:attachment":[{"href":"https:\/\/bybatt.com\/hu\/wp-json\/wp\/v2\/media?parent=444"}],"wp:term":[{"taxonomy":"product_cat","embeddable":true,"href":"https:\/\/bybatt.com\/hu\/wp-json\/wp\/v2\/product_cat?post=444"},{"taxonomy":"product_tag","embeddable":true,"href":"https:\/\/bybatt.com\/hu\/wp-json\/wp\/v2\/product_tag?post=444"}],"curies":[{"name":"wp","href":"https:\/\/api.w.org\/{rel}","templated":true}]}}