{"id":445,"date":"2023-02-19T10:00:08","date_gmt":"2023-02-19T10:00:08","guid":{"rendered":"https:\/\/bybatt.com\/?post_type=product&#038;p=445"},"modified":"2023-02-19T10:14:35","modified_gmt":"2023-02-19T10:14:35","slug":"e-bike-20amp-reention-battery-rhino-48v-13ah-lithium-battery","status":"publish","type":"product","link":"https:\/\/bybatt.com\/hu\/termek\/e-bike-20amp-reention-battery-rhino-48v-13ah-lithium-battery\/","title":{"rendered":"E-Bike 20A-es reention akkumul\u00e1tor Rhino 48V 13Ah l\u00edtium akkumul\u00e1tor"},"content":{"rendered":"","protected":false},"excerpt":{"rendered":"<p>Az E-Bike 20 Amp Reention Battery Rhino 48V 13Ah Lithium Battery egy kiv\u00e1l\u00f3 min\u0151s\u00e9g\u0171 \u00fajrat\u00f6lthet\u0151 akkumul\u00e1tor, amelyet elektromos ker\u00e9kp\u00e1rokhoz terveztek. Az eredeti Reention \u00e9s Rhino m\u00e1rka gy\u00e1rtja, \u00e9s 100% \u00faj cell\u00e1kat haszn\u00e1l, biztos\u00edtva a megb\u00edzhat\u00f3s\u00e1got \u00e9s a hossz\u00fa \u00e9lettartamot.<br \/>\nAz akkumul\u00e1tor LiNiCoMno2 k\u00e9mi\u00e1t haszn\u00e1l, \u00e9s t\u00f6bbf\u00e9le fesz\u00fclts\u00e9g- \u00e9s kapacit\u00e1sopci\u00f3ban is el\u00e9rhet\u0151, bele\u00e9rtve a 36 V \u00e9s 48 V, valamint a 10,4, 11,6, 13, 13,6 \u00e9s 14ah. A k\u00fcls\u0151 tok EEL anyagb\u00f3l k\u00e9sz\u00fclt, \u00edgy tart\u00f3s \u00e9s \u00fct\u00e9s\u00e1ll\u00f3.<br \/>\nAz akkumul\u00e1tor norm\u00e1l t\u00f6lt\u00e9si m\u00f3dszerrel t\u00f6lthet\u0151, 0,2C \u00e1lland\u00f3 \u00e1ramer\u0151ss\u00e9ggel \u00e9s 54,6V \u00e1lland\u00f3 fesz\u00fclts\u00e9ggel, 100mA-es lekapcsol\u00e1s mellett. Gyorsan t\u00f6lthet\u0151 0,5 CA \u00e1lland\u00f3 \u00e1ramer\u0151ss\u00e9ggel \u00e9s 54,6 V \u00e1lland\u00f3 fesz\u00fclts\u00e9ggel, 100 mA-es lekapcsol\u00e1s mellett.<br \/>\nAz akkumul\u00e1tor norm\u00e1l kis\u00fcl\u00e9si \u00e1rama 0,2 C, v\u00e9gfesz\u00fclts\u00e9ge 30 V. A DOD80%-vel 500-szoros ciklus\u00e9lettartammal rendelkezik, \u00e9s 10A-es folyamatos kis\u00fcl\u00e9si \u00e1ramot vagy 30A-es cs\u00facskis\u00fcl\u00e9si \u00e1ramot tud leadni, amely egy\u00e9ni ig\u00e9nyek szerint testreszabhat\u00f3.<br \/>\nAz akkumul\u00e1tor be\u00e9p\u00edtett BMS-szel (Akkumul\u00e1torkezel\u0151 rendszerrel) rendelkezik, amely v\u00e9delmet ny\u00fajt a t\u00fal\u00e1ram, a t\u00falkis\u00fcl\u00e9s, a t\u00falt\u00f6lt\u00e9s \u00e9s a r\u00f6vidz\u00e1rlat ellen. Kiegyenl\u00edt\u0151 funkci\u00f3kat is k\u00edn\u00e1l, biztos\u00edtva az akkumul\u00e1tor cell\u00e1inak egyenletes felt\u00f6lt\u00e9s\u00e9t \u00e9s lemer\u00fcl\u00e9s\u00e9t.<br \/>\nAz akkumul\u00e1tor t\u00e1rol\u00e1si h\u0151m\u00e9rs\u00e9klete -10-40 \u2103, relat\u00edv p\u00e1ratartalom 45-75% \u00e9s nyom\u00e1startom\u00e1ny 86-106 KPa. Kiv\u00e1l\u00f3 min\u0151s\u00e9g\u0171 fel\u00e9p\u00edt\u00e9s\u00e9vel \u00e9s megb\u00edzhat\u00f3s\u00e1g\u00e1val az E-Bike 20 Amp Reention Battery Rhino 48V 13Ah Lithium Battery kiv\u00e1l\u00f3 v\u00e1laszt\u00e1s azok sz\u00e1m\u00e1ra, akik hossz\u00fa \u00e9lettartam\u00fa, nagy teljes\u00edtm\u00e9ny\u0171 e-bike akkumul\u00e1tort keresnek.<\/p>","protected":false},"featured_media":446,"template":"","meta":{"_kad_post_transparent":"default","_kad_post_title":"","_kad_post_layout":"default","_kad_post_sidebar_id":"","_kad_post_content_style":"default","_kad_post_vertical_padding":"default","_kad_post_feature":"","_kad_post_feature_position":"","_kad_post_header":false,"_kad_post_footer":false},"product_cat":[19,23],"product_tag":[269,270,229,268,271],"class_list":["post-445","product","type-product","status-publish","has-post-thumbnail","hentry","product_cat-custom-ebike-battery","product_cat-inner-ebike-battery","product_tag-20amp-reention-battery","product_tag-48v-13ah-lithium-battery","product_tag-electric-bicycle-batteries","product_tag-reention-battery","product_tag-rhino-battery","entry","content-bg","loop-entry"],"_links":{"self":[{"href":"https:\/\/bybatt.com\/hu\/wp-json\/wp\/v2\/product\/445","targetHints":{"allow":["GET"]}}],"collection":[{"href":"https:\/\/bybatt.com\/hu\/wp-json\/wp\/v2\/product"}],"about":[{"href":"https:\/\/bybatt.com\/hu\/wp-json\/wp\/v2\/types\/product"}],"wp:featuredmedia":[{"embeddable":true,"href":"https:\/\/bybatt.com\/hu\/wp-json\/wp\/v2\/media\/446"}],"wp:attachment":[{"href":"https:\/\/bybatt.com\/hu\/wp-json\/wp\/v2\/media?parent=445"}],"wp:term":[{"taxonomy":"product_cat","embeddable":true,"href":"https:\/\/bybatt.com\/hu\/wp-json\/wp\/v2\/product_cat?post=445"},{"taxonomy":"product_tag","embeddable":true,"href":"https:\/\/bybatt.com\/hu\/wp-json\/wp\/v2\/product_tag?post=445"}],"curies":[{"name":"wp","href":"https:\/\/api.w.org\/{rel}","templated":true}]}}