{"id":452,"date":"2023-02-19T10:15:33","date_gmt":"2023-02-19T10:15:33","guid":{"rendered":"https:\/\/bybatt.com\/?post_type=product&#038;p=452"},"modified":"2023-02-19T10:26:45","modified_gmt":"2023-02-19T10:26:45","slug":"cheap-authorized-reention-dorado-mini-batteries-for-e-bike","status":"publish","type":"product","link":"https:\/\/bybatt.com\/hu\/termek\/cheap-authorized-reention-dorado-mini-batteries-for-e-bike\/","title":{"rendered":"Olcs\u00f3, enged\u00e9lyezett Reention Dorado Mini akkumul\u00e1torok elektromos ker\u00e9kp\u00e1rokhoz"},"content":{"rendered":"","protected":false},"excerpt":{"rendered":"<p>Ez a term\u00e9k egy \u00fajrat\u00f6lthet\u0151 akkumul\u00e1tor egy e-bike, k\u00fcl\u00f6n\u00f6sen a Reention Dorado Mini sz\u00e1m\u00e1ra. Az akkumul\u00e1torban haszn\u00e1lt cell\u00e1k teljesen \u00fajak, a k\u00e9mia LiNiCoMno2. Az akkumul\u00e1tor k\u00fcl\u00f6nb\u00f6z\u0151 n\u00e9vleges fesz\u00fclts\u00e9gekkel (36V vagy 48V) \u00e9s kapacit\u00e1ssal (10,4ah \u00e9s 14ah k\u00f6z\u00f6tt) kaphat\u00f3. Az akkumul\u00e1tor k\u00fcls\u0151 h\u00e1za EEL anyagb\u00f3l k\u00e9sz\u00fclt.<br \/>\nAz akkumul\u00e1tor 0,2 C \u00e1lland\u00f3 \u00e1rammal \u00e9s 54,6 V \u00e1lland\u00f3 fesz\u00fclts\u00e9ggel t\u00f6lthet\u0151, 100 mA-es lekapcsol\u00e1s mellett. Gyorsan is t\u00f6lthet\u0151 0,5 CA \u00e1lland\u00f3 \u00e1rammal \u00e9s azonos \u00e1lland\u00f3 fesz\u00fclts\u00e9ggel \u00e9s lekapcsol\u00e1ssal. A szabv\u00e1nyos kis\u00fcl\u00e9si \u00e1ram 0,2 C, v\u00e9gfesz\u00fclts\u00e9ge 30 V.<br \/>\nAz akkumul\u00e1tor \u00e9lettartama DOD80% eset\u00e9n 500-szoros, s\u00falya pedig k\u00f6r\u00fclbel\u00fcl 3,5 kg vagy 4,5 kg. 10A folyamatos kis\u00fcl\u00e9si \u00e1ramot tud biztos\u00edtani, 30A cs\u00facskis\u00fcl\u00e9si \u00e1rammal. Az akkumul\u00e1tor BMS funkci\u00f3ja mag\u00e1ban foglalja a t\u00fal\u00e1ram, a t\u00falkis\u00fcl\u00e9s, a t\u00falt\u00f6lt\u00e9s \u00e9s a r\u00f6vidz\u00e1rlat elleni v\u00e9delmet, valamint a kiegyens\u00falyoz\u00e1st.<br \/>\nAz akkumul\u00e1tor -10-40 \u2103 h\u0151m\u00e9rs\u00e9kleti tartom\u00e1nyban, 45-75% relat\u00edv p\u00e1ratartalom mellett 86-106 KPa nyom\u00e1son t\u00e1rolhat\u00f3. Ez a term\u00e9k megfizethet\u0151 \u00e9s enged\u00e9lyezett lehet\u0151s\u00e9get k\u00edn\u00e1l azoknak az e-bike tulajdonosoknak, akiknek cser\u00e9re vagy kieg\u00e9sz\u00edt\u0151 akkumul\u00e1torra van sz\u00fcks\u00e9g\u00fck a Reention Dorado Minihez.<\/p>","protected":false},"featured_media":453,"template":"","meta":{"_kad_post_transparent":"default","_kad_post_title":"","_kad_post_layout":"default","_kad_post_sidebar_id":"","_kad_post_content_style":"default","_kad_post_vertical_padding":"default","_kad_post_feature":"","_kad_post_feature_position":"","_kad_post_header":false,"_kad_post_footer":false},"product_cat":[19,23],"product_tag":[275,274,41,268,273,272],"class_list":["post-452","product","type-product","status-publish","has-post-thumbnail","hentry","product_cat-custom-ebike-battery","product_cat-inner-ebike-battery","product_tag-36v-cheapest-ebike-battery","product_tag-dorado-mini-batteries","product_tag-electric-bicycle-battery","product_tag-reention-battery","product_tag-reention-dorado-battery","product_tag-reention-dorado-mini-batteries","entry","content-bg","loop-entry"],"_links":{"self":[{"href":"https:\/\/bybatt.com\/hu\/wp-json\/wp\/v2\/product\/452","targetHints":{"allow":["GET"]}}],"collection":[{"href":"https:\/\/bybatt.com\/hu\/wp-json\/wp\/v2\/product"}],"about":[{"href":"https:\/\/bybatt.com\/hu\/wp-json\/wp\/v2\/types\/product"}],"wp:featuredmedia":[{"embeddable":true,"href":"https:\/\/bybatt.com\/hu\/wp-json\/wp\/v2\/media\/453"}],"wp:attachment":[{"href":"https:\/\/bybatt.com\/hu\/wp-json\/wp\/v2\/media?parent=452"}],"wp:term":[{"taxonomy":"product_cat","embeddable":true,"href":"https:\/\/bybatt.com\/hu\/wp-json\/wp\/v2\/product_cat?post=452"},{"taxonomy":"product_tag","embeddable":true,"href":"https:\/\/bybatt.com\/hu\/wp-json\/wp\/v2\/product_tag?post=452"}],"curies":[{"name":"wp","href":"https:\/\/api.w.org\/{rel}","templated":true}]}}