{"id":466,"date":"2023-02-19T13:40:46","date_gmt":"2023-02-19T13:40:46","guid":{"rendered":"https:\/\/bybatt.com\/?post_type=product&#038;p=466"},"modified":"2023-02-19T13:48:58","modified_gmt":"2023-02-19T13:48:58","slug":"36v-48v-reention-eel-inner-frame-battery-pack-for-e-bike","status":"publish","type":"product","link":"https:\/\/bybatt.com\/hu\/termek\/36v-48v-reention-eel-inner-frame-battery-pack-for-e-bike\/","title":{"rendered":"36V 48V Reention EEL bels\u0151 v\u00e1z akkumul\u00e1tor csomag elektromos ker\u00e9kp\u00e1rhoz"},"content":{"rendered":"","protected":false},"excerpt":{"rendered":"<p>A 36V 48V Reention EEL Inner Frame Battery Pack egy kiv\u00e1l\u00f3 min\u0151s\u00e9g\u0171 \u00fajrat\u00f6lthet\u0151 akkumul\u00e1tor, amelyet elektromos ker\u00e9kp\u00e1rokhoz terveztek. 100% \u00faj cell\u00e1kb\u00f3l k\u00e9sz\u00fclt, LiNiCoMno2 k\u00e9mi\u00e1val, amely megb\u00edzhat\u00f3 teljes\u00edtm\u00e9nyt \u00e9s tart\u00f3ss\u00e1got biztos\u00edt.<br \/>\nAz akkumul\u00e1tor t\u00f6bbf\u00e9le kapacit\u00e1ssal kaphat\u00f3, k\u00f6zt\u00fck 10,4ah, 11,6ah, 13ah, 13,6ah \u00e9s 14ah, n\u00e9vleges fesz\u00fclts\u00e9ge pedig 36V vagy 48V. Er\u0151s EEL tokban van elhelyezve, s\u00falya a kapacit\u00e1st\u00f3l f\u00fcgg\u0151en k\u00f6r\u00fclbel\u00fcl 3,5 kg vagy 4,5 kg.<br \/>\nAz akkumul\u00e1tor norm\u00e1l t\u00f6lt\u00e9ssel vagy gyorst\u00f6lt\u00e9ssel t\u00f6lthet\u0151, 0,2C, illetve 0,5CA \u00e1lland\u00f3 \u00e1ramer\u0151ss\u00e9ggel. A szabv\u00e1nyos kis\u00fcl\u00e9si \u00e1ram 0,2 C, a v\u00e9gfesz\u00fclts\u00e9g pedig 30 V. Az akkumul\u00e1tor \u00e9lettartama 500-szor a DOD80%-vel, \u00e9s a testreszab\u00e1st\u00f3l f\u00fcgg\u0151en 10 A folyamatos kis\u00fcl\u00e9si \u00e1ramot vagy 30 A cs\u00facskis\u00fcl\u00e9si \u00e1ramot k\u00e9pes leadni.<br \/>\nAz akkumul\u00e1tor be\u00e9p\u00edtett BMS-sel (Battery Management System) rendelkezik, amely v\u00e9delmet ny\u00fajt a t\u00fal\u00e1ram, a t\u00falkis\u00fcl\u00e9s, a t\u00falt\u00f6lt\u00e9s \u00e9s a r\u00f6vidz\u00e1rlat ellen. Kiegyens\u00falyoz\u00f3 funkci\u00f3val is rendelkezik, amely biztos\u00edtja, hogy az \u00f6sszes cella egyform\u00e1n legyen t\u00f6ltve \u00e9s kis\u00fctve.<br \/>\nAz akkumul\u00e1tor -10-40 \u2103 h\u0151m\u00e9rs\u00e9klet-tartom\u00e1nyban, 45-75% relat\u00edv p\u00e1ratartalom mellett 86-106 KPa nyom\u00e1son t\u00e1rolhat\u00f3. \u00d6sszess\u00e9g\u00e9ben a 36 V-os 48 V-os Reention EEL Inner Frame Battery Pack egy nagy teljes\u00edtm\u00e9ny\u0171 \u00e9s megb\u00edzhat\u00f3 akkumul\u00e1tor, amely ide\u00e1lis azoknak az e-bike-rajong\u00f3knak, akik tart\u00f3s \u00e9s hossz\u00fa \u00e9lettartam\u00fa \u00e1ramforr\u00e1st szeretn\u00e9nek az utaz\u00e1sukhoz.<\/p>","protected":false},"featured_media":467,"template":"","meta":{"_kad_post_transparent":"default","_kad_post_title":"","_kad_post_layout":"default","_kad_post_sidebar_id":"","_kad_post_content_style":"default","_kad_post_vertical_padding":"default","_kad_post_feature":"","_kad_post_feature_position":"","_kad_post_header":false,"_kad_post_footer":false},"product_cat":[19,23],"product_tag":[275,52,274,278,41,268,273,272,277,276],"class_list":["post-466","product","type-product","status-publish","has-post-thumbnail","hentry","product_cat-custom-ebike-battery","product_cat-inner-ebike-battery","product_tag-36v-cheapest-ebike-battery","product_tag-battery","product_tag-dorado-mini-batteries","product_tag-electric-bicycle-36volt","product_tag-electric-bicycle-battery","product_tag-reention-battery","product_tag-reention-dorado-battery","product_tag-reention-dorado-mini-batteries","product_tag-reention-eel-inner-battery-pack","product_tag-reention-eel-inner-frame-battery","entry","content-bg","loop-entry"],"_links":{"self":[{"href":"https:\/\/bybatt.com\/hu\/wp-json\/wp\/v2\/product\/466","targetHints":{"allow":["GET"]}}],"collection":[{"href":"https:\/\/bybatt.com\/hu\/wp-json\/wp\/v2\/product"}],"about":[{"href":"https:\/\/bybatt.com\/hu\/wp-json\/wp\/v2\/types\/product"}],"wp:featuredmedia":[{"embeddable":true,"href":"https:\/\/bybatt.com\/hu\/wp-json\/wp\/v2\/media\/467"}],"wp:attachment":[{"href":"https:\/\/bybatt.com\/hu\/wp-json\/wp\/v2\/media?parent=466"}],"wp:term":[{"taxonomy":"product_cat","embeddable":true,"href":"https:\/\/bybatt.com\/hu\/wp-json\/wp\/v2\/product_cat?post=466"},{"taxonomy":"product_tag","embeddable":true,"href":"https:\/\/bybatt.com\/hu\/wp-json\/wp\/v2\/product_tag?post=466"}],"curies":[{"name":"wp","href":"https:\/\/api.w.org\/{rel}","templated":true}]}}