{"id":473,"date":"2023-02-19T13:50:46","date_gmt":"2023-02-19T13:50:46","guid":{"rendered":"https:\/\/bybatt.com\/?post_type=product&#038;p=473"},"modified":"2023-02-19T13:55:44","modified_gmt":"2023-02-19T13:55:44","slug":"li-ion-36v-14ah-reention-thunder-downtube-battery-for-e-bike","status":"publish","type":"product","link":"https:\/\/bybatt.com\/hu\/termek\/li-ion-36v-14ah-reention-thunder-downtube-battery-for-e-bike\/","title":{"rendered":"Li-ion 36V 14Ah Reention Thunder Downtube akkumul\u00e1tor elektromos ker\u00e9kp\u00e1rhoz"},"content":{"rendered":"","protected":false},"excerpt":{"rendered":"<p>A Li-ion 36V 14Ah Reention Thunder Downtube Battery egy kiv\u00e1l\u00f3 min\u0151s\u00e9g\u0171 akkumul\u00e1tor, amelyet elektromos ker\u00e9kp\u00e1rokhoz terveztek. Az akkumul\u00e1tor 100% \u00faj cell\u00e1b\u00f3l \u00e1ll, n\u00e9vleges fesz\u00fclts\u00e9ge 36V, 48V, 52V vagy 72V, n\u00e9vleges kapacit\u00e1sa pedig 20Ah. Az akkumul\u00e1torcell\u00e1k k\u00f6z\u00f6tt 2500 mAh, 3000 mAh, 3200 mAh vagy 3500 mAh, 8P14S konfigur\u00e1ci\u00f3val.<br \/>\nAz akkumul\u00e1torkezel\u0151 rendszer (BMS) 30A n\u00e9vleges teljes\u00edtm\u00e9ny\u0171, \u00e9s a felhaszn\u00e1l\u00f3i ig\u00e9nyek szerint testreszabhat\u00f3. A szabv\u00e1nyos t\u00f6lt\u0151\u00e1ram 3A, maxim\u00e1lis t\u00f6lt\u0151\u00e1ram 5A, mindkett\u0151 testreszabhat\u00f3. Az akkumul\u00e1tor kis\u00fcl\u00e9si fesz\u00fclts\u00e9ge 39 V, a t\u00f6lt\u0151 fesz\u00fclts\u00e9ge 58,8 V.<br \/>\nAz akkumul\u00e1tor \u00e9lettartama 80% teljes\u00edtm\u00e9ny 600-1000 ciklus ut\u00e1n. Ez azt jelenti, hogy az akkumul\u00e1tor 80% lead\u00e1s\u00e1ra k\u00e9pes eredeti kapacit\u00e1s\u00e1b\u00f3l 600-1000 cikluson \u00e1t tart\u00f3 teljes felt\u00f6lt\u00e9st \u00e9s kis\u00fct\u00e9st k\u00f6vet\u0151en. \u00d6sszess\u00e9g\u00e9ben a Li-ion 36V 14Ah Reention Thunder Downtube Battery megb\u00edzhat\u00f3 \u00e9s nagy teljes\u00edtm\u00e9ny\u0171 akkumul\u00e1tor, amely alkalmas elektromos ker\u00e9kp\u00e1rokhoz.<\/p>","protected":false},"featured_media":474,"template":"","meta":{"_kad_post_transparent":"default","_kad_post_title":"","_kad_post_layout":"default","_kad_post_sidebar_id":"","_kad_post_content_style":"default","_kad_post_vertical_padding":"default","_kad_post_feature":"","_kad_post_feature_position":"","_kad_post_header":false,"_kad_post_footer":false},"product_cat":[19,23],"product_tag":[41,268,273,272,277,276,279],"class_list":["post-473","product","type-product","status-publish","has-post-thumbnail","hentry","product_cat-custom-ebike-battery","product_cat-inner-ebike-battery","product_tag-electric-bicycle-battery","product_tag-reention-battery","product_tag-reention-dorado-battery","product_tag-reention-dorado-mini-batteries","product_tag-reention-eel-inner-battery-pack","product_tag-reention-eel-inner-frame-battery","product_tag-reention-thunder-downtube-battery","entry","content-bg","loop-entry"],"_links":{"self":[{"href":"https:\/\/bybatt.com\/hu\/wp-json\/wp\/v2\/product\/473","targetHints":{"allow":["GET"]}}],"collection":[{"href":"https:\/\/bybatt.com\/hu\/wp-json\/wp\/v2\/product"}],"about":[{"href":"https:\/\/bybatt.com\/hu\/wp-json\/wp\/v2\/types\/product"}],"wp:featuredmedia":[{"embeddable":true,"href":"https:\/\/bybatt.com\/hu\/wp-json\/wp\/v2\/media\/474"}],"wp:attachment":[{"href":"https:\/\/bybatt.com\/hu\/wp-json\/wp\/v2\/media?parent=473"}],"wp:term":[{"taxonomy":"product_cat","embeddable":true,"href":"https:\/\/bybatt.com\/hu\/wp-json\/wp\/v2\/product_cat?post=473"},{"taxonomy":"product_tag","embeddable":true,"href":"https:\/\/bybatt.com\/hu\/wp-json\/wp\/v2\/product_tag?post=473"}],"curies":[{"name":"wp","href":"https:\/\/api.w.org\/{rel}","templated":true}]}}