{"id":480,"date":"2023-02-19T13:56:47","date_gmt":"2023-02-19T13:56:47","guid":{"rendered":"https:\/\/bybatt.com\/?post_type=product&#038;p=480"},"modified":"2023-02-19T14:05:06","modified_gmt":"2023-02-19T14:05:06","slug":"48v-52v-rechargeable-lithium-ion-triangular-e-bike-battery","status":"publish","type":"product","link":"https:\/\/bybatt.com\/hu\/termek\/48v-52v-rechargeable-lithium-ion-triangular-e-bike-battery\/","title":{"rendered":"48V 52V \u00fajrat\u00f6lthet\u0151 l\u00edtium-ion h\u00e1romsz\u00f6g alak\u00fa E ker\u00e9kp\u00e1r akkumul\u00e1tor"},"content":{"rendered":"","protected":false},"excerpt":{"rendered":"<p>A 48 V-os 52 V-os \u00fajrat\u00f6lthet\u0151 l\u00edtium-ion h\u00e1romsz\u00f6g alak\u00fa E ker\u00e9kp\u00e1rakkumul\u00e1tor egy nagy teljes\u00edtm\u00e9ny\u0171 \u00e9s tart\u00f3s akkumul\u00e1tor, amelyet elektromos ker\u00e9kp\u00e1rok t\u00e1pl\u00e1l\u00e1s\u00e1ra terveztek. Ez az akkumul\u00e1tor k\u00fcl\u00f6nb\u00f6z\u0151 n\u00e9vleges fesz\u00fclts\u00e9gekkel kaphat\u00f3, bele\u00e9rtve a 36 V-ot, 48 V-ot, 52 V-ot \u00e9s 72 V-ot, n\u00e9vleges kapacit\u00e1sa pedig 20 Ah. A haszn\u00e1lt akkumul\u00e1torcell\u00e1k 2500 mAh, 3000 mAh, h\u00edres 3200 mAh vagy 3500 mAh, a v\u00e1lasztott konfigur\u00e1ci\u00f3t\u00f3l f\u00fcgg\u0151en.<br \/>\nAz akkumul\u00e1tor konfigur\u00e1ci\u00f3ja 8P14S, az akkumul\u00e1torkezel\u0151 rendszer (BMS) pedig 30A n\u00e9vleges kapacit\u00e1ssal rendelkezik, vagy testreszabhat\u00f3, hogy megfeleljen az egyedi k\u00f6vetelm\u00e9nyeknek. A szabv\u00e1nyos t\u00f6lt\u0151\u00e1ram 3A, de ez is testreszabhat\u00f3, hogy megfeleljen az adott t\u00f6lt\u00e9si k\u00f6vetelm\u00e9nyeknek. A maxim\u00e1lis t\u00f6lt\u0151\u00e1ram 5A, ami biztos\u00edtja az akkumul\u00e1tor gyors felt\u00f6lt\u00e9s\u00e9t.<br \/>\nA kis\u00fcl\u00e9si fesz\u00fclts\u00e9g 39 V, a t\u00f6lt\u00e9si fesz\u00fclts\u00e9g 58,8 V. Az ak\u00e1r 600-1000 ciklusos ciklus \u00e9lettartam\u00e1val az akkumul\u00e1tor ak\u00e1r 80% teljes\u00edtm\u00e9nyt is k\u00e9pes leadni, \u00edgy megb\u00edzhat\u00f3 \u00e9s hossz\u00fa \u00e9lettartam\u00fa \u00e1ramforr\u00e1s az elektromos ker\u00e9kp\u00e1rokhoz. Ezt az \u00fajrat\u00f6lthet\u0151 l\u00edtium-ion akkumul\u00e1tort \u00fagy tervezt\u00e9k, hogy biztons\u00e1gos, megb\u00edzhat\u00f3 \u00e9s hat\u00e9kony legyen, \u00e9s kiv\u00e1l\u00f3 min\u0151s\u00e9g\u0171 \u00e1ramforr\u00e1st biztos\u00edtson a felhaszn\u00e1l\u00f3knak elektromos ker\u00e9kp\u00e1rjaik sz\u00e1m\u00e1ra.<\/p>","protected":false},"featured_media":481,"template":"","meta":{"_kad_post_transparent":"default","_kad_post_title":"","_kad_post_layout":"default","_kad_post_sidebar_id":"","_kad_post_content_style":"default","_kad_post_vertical_padding":"default","_kad_post_feature":"","_kad_post_feature_position":"","_kad_post_header":false,"_kad_post_footer":false},"product_cat":[19,21],"product_tag":[289,287,293,281,291,288,285,290,292,286,282,283,280,284],"class_list":["post-480","product","type-product","status-publish","has-post-thumbnail","hentry","product_cat-custom-ebike-battery","product_cat-down-tube-ebike-battery","product_tag-52v-30ah-triangle-battery","product_tag-52v-triangle-battery","product_tag-72v-triangle-battery","product_tag-ebike-triangle-battery","product_tag-ebike-triangle-battery-hard-case","product_tag-em3ev-triangle-battery","product_tag-large-triangle-batteries","product_tag-triangle-battery-case","product_tag-triangle-ebike-battery-36v","product_tag-triangle-ebike-battery-48v","product_tag-triangle-electric-bike-battery","product_tag-triangle-lithium-battery","product_tag-triangular-e-bike-battery","product_tag-triangular-ebike-battery","entry","content-bg","loop-entry"],"_links":{"self":[{"href":"https:\/\/bybatt.com\/hu\/wp-json\/wp\/v2\/product\/480","targetHints":{"allow":["GET"]}}],"collection":[{"href":"https:\/\/bybatt.com\/hu\/wp-json\/wp\/v2\/product"}],"about":[{"href":"https:\/\/bybatt.com\/hu\/wp-json\/wp\/v2\/types\/product"}],"wp:featuredmedia":[{"embeddable":true,"href":"https:\/\/bybatt.com\/hu\/wp-json\/wp\/v2\/media\/481"}],"wp:attachment":[{"href":"https:\/\/bybatt.com\/hu\/wp-json\/wp\/v2\/media?parent=480"}],"wp:term":[{"taxonomy":"product_cat","embeddable":true,"href":"https:\/\/bybatt.com\/hu\/wp-json\/wp\/v2\/product_cat?post=480"},{"taxonomy":"product_tag","embeddable":true,"href":"https:\/\/bybatt.com\/hu\/wp-json\/wp\/v2\/product_tag?post=480"}],"curies":[{"name":"wp","href":"https:\/\/api.w.org\/{rel}","templated":true}]}}