{"id":488,"date":"2023-02-19T14:10:59","date_gmt":"2023-02-19T14:10:59","guid":{"rendered":"https:\/\/bybatt.com\/?post_type=product&#038;p=488"},"modified":"2023-02-19T14:20:29","modified_gmt":"2023-02-19T14:20:29","slug":"36v-water-bottle-battery-pack-mini-bottle-ebike-battery","status":"publish","type":"product","link":"https:\/\/bybatt.com\/hu\/termek\/36v-water-bottle-battery-pack-mini-bottle-ebike-battery\/","title":{"rendered":"36V-os vizespalack akkumul\u00e1torcsomag mini palackos Ebike akkumul\u00e1tor"},"content":{"rendered":"","protected":false},"excerpt":{"rendered":"<p>A 36 V-os vizespalack akkumul\u00e1torcsomag minipalack Ebike Battery egy mini m\u00e9ret\u0171 akkumul\u00e1torcsomag, amelyet elektromos ker\u00e9kp\u00e1rokhoz (e-bike) terveztek. N\u00e9vleges fesz\u00fclts\u00e9ge 24 V vagy 36 V, \u00e9s n\u00e9gy k\u00fcl\u00f6nb\u00f6z\u0151 n\u00e9vleges kapacit\u00e1sban kaphat\u00f3: 5,2 Ah, 5,8 Ah, 6,8 Ah \u00e9s 10 Ah. Az akkumul\u00e1tor k\u00e9mi\u00e1ja Li(NiCoMn)O2 18650, amely j\u00f3 egyens\u00falyt biztos\u00edt az energias\u0171r\u0171s\u00e9g \u00e9s a biztons\u00e1g k\u00f6z\u00f6tt.<br \/>\nAz akkumul\u00e1torcsomag 63*75*325mm (21 cella 18650) vagy 86*86*347mm (20 21700 cella) m\u00e9ret\u0171 tintahal-palackban tal\u00e1lhat\u00f3. S\u00falya k\u00f6r\u00fclbel\u00fcl 3,5 kg.<br \/>\nAz akkumul\u00e1torcsomag norm\u00e1l vagy gyorst\u00f6lt\u00e9si m\u00f3dszerekkel t\u00f6lthet\u0151. A szabv\u00e1nyos t\u00f6lt\u00e9s 0,2 C \u00e1lland\u00f3 \u00e1ramer\u0151ss\u00e9ggel, 54,6 V \u00e1lland\u00f3 fesz\u00fclts\u00e9ggel \u00e9s 100 mA lekapcsol\u00e1ssal t\u00f6rt\u00e9nik. A gyorst\u00f6lt\u00e9s 0,5 CA \u00e1lland\u00f3 \u00e1ramer\u0151ss\u00e9ggel, 54,6 V \u00e1lland\u00f3 fesz\u00fclts\u00e9ggel \u00e9s 100 mA lekapcsol\u00e1ssal t\u00f6rt\u00e9nik.<br \/>\nAz akkumul\u00e1torcsomag 20A folyamatos \u00e1ramer\u0151ss\u00e9ggel kis\u00fcthet\u0151, vagy egyedi ig\u00e9nyeknek megfelel\u0151en testreszabhat\u00f3. Cs\u00facs kis\u00fcl\u00e9si \u00e1rama 60A vagy egyedileg. Az akkumul\u00e1tor \u00e9lettartama 500 ciklus a DOD80%-vel, \u00e9s fel van szerelve BMS funkci\u00f3val, amely t\u00fal\u00e1ram-, t\u00fal-kis\u00fct\u00e9s-, t\u00falt\u00f6lt\u00e9s-, r\u00f6vidz\u00e1r-v\u00e9delmet \u00e9s egyens\u00falyt biztos\u00edt.<br \/>\nAz akkumul\u00e1tor t\u00e1rol\u00e1si h\u0151m\u00e9rs\u00e9klete -10-40 \u2103, relat\u00edv p\u00e1ratartalom 45-75% \u00e9s 86-106 KPa nyom\u00e1s.<\/p>","protected":false},"featured_media":489,"template":"","meta":{"_kad_post_transparent":"default","_kad_post_title":"","_kad_post_layout":"default","_kad_post_sidebar_id":"","_kad_post_content_style":"default","_kad_post_vertical_padding":"default","_kad_post_feature":"","_kad_post_feature_position":"","_kad_post_header":false,"_kad_post_footer":false},"product_cat":[19,21],"product_tag":[298,294,296,297,299,295],"class_list":["post-488","product","type-product","status-publish","has-post-thumbnail","hentry","product_cat-custom-ebike-battery","product_cat-down-tube-ebike-battery","product_tag-bottle-battery","product_tag-mini-bottle-ebike-battery","product_tag-mini-bottle-lithium-battery","product_tag-mini-ebike-battery-pack","product_tag-protable-water-bottle-battery","product_tag-water-bottle-battery-pack","entry","content-bg","loop-entry"],"_links":{"self":[{"href":"https:\/\/bybatt.com\/hu\/wp-json\/wp\/v2\/product\/488","targetHints":{"allow":["GET"]}}],"collection":[{"href":"https:\/\/bybatt.com\/hu\/wp-json\/wp\/v2\/product"}],"about":[{"href":"https:\/\/bybatt.com\/hu\/wp-json\/wp\/v2\/types\/product"}],"wp:featuredmedia":[{"embeddable":true,"href":"https:\/\/bybatt.com\/hu\/wp-json\/wp\/v2\/media\/489"}],"wp:attachment":[{"href":"https:\/\/bybatt.com\/hu\/wp-json\/wp\/v2\/media?parent=488"}],"wp:term":[{"taxonomy":"product_cat","embeddable":true,"href":"https:\/\/bybatt.com\/hu\/wp-json\/wp\/v2\/product_cat?post=488"},{"taxonomy":"product_tag","embeddable":true,"href":"https:\/\/bybatt.com\/hu\/wp-json\/wp\/v2\/product_tag?post=488"}],"curies":[{"name":"wp","href":"https:\/\/api.w.org\/{rel}","templated":true}]}}