{"id":493,"date":"2023-02-19T14:23:38","date_gmt":"2023-02-19T14:23:38","guid":{"rendered":"https:\/\/bybatt.com\/?post_type=product&#038;p=493"},"modified":"2023-02-19T14:31:49","modified_gmt":"2023-02-19T14:31:49","slug":"36v-7ah-252wh-downtube-mini-water-bottle-ebike-battery","status":"publish","type":"product","link":"https:\/\/bybatt.com\/hu\/termek\/36v-7ah-252wh-downtube-mini-water-bottle-ebike-battery\/","title":{"rendered":"36V 7Ah 252Wh Downtube mini vizes palack eBike akkumul\u00e1tor"},"content":{"rendered":"","protected":false},"excerpt":{"rendered":"<p>A 36V 7Ah 252Wh Downtube Mini Water Bottle eBike Battery egy kiv\u00e1l\u00f3 min\u0151s\u00e9g\u0171, tart\u00f3s akkumul\u00e1tor, amelyet kifejezetten elektromos ker\u00e9kp\u00e1rokhoz terveztek. 100% \u00faj Li(NiCoMn)O2 18650 cell\u00e1kkal rendelkezik, amelyek kiv\u00e1l\u00f3 teljes\u00edtm\u00e9nyt \u00e9s megb\u00edzhat\u00f3s\u00e1got biztos\u00edtanak.<br \/>\n24 V-os vagy 36 V-os n\u00e9vleges fesz\u00fclts\u00e9g\u00e9vel \u00e9s 5,2ah, 5,8ah, 6,8ah vagy 10ah n\u00e9vleges kapacit\u00e1s\u00e1val ez az akkumul\u00e1tor j\u00f3 hat\u00f3t\u00e1vols\u00e1got \u00e9s teljes\u00edtm\u00e9nyt k\u00edn\u00e1l k\u00fcl\u00f6nf\u00e9le e-bike modellekhez. K\u00e9t m\u00e9retben kaphat\u00f3, k\u00fcl\u00f6nb\u00f6z\u0151 cellat\u00edpusokkal: 63*75*325mm 21 cell\u00e1val 18650, vagy 86*86*347mm 20 21700 cell\u00e1val.<br \/>\nA k\u00fcls\u0151 tok tintahal-palackb\u00f3l k\u00e9sz\u00fclt, amely er\u0151s \u00e9s ellen\u00e1ll a kop\u00e1snak. Az akkumul\u00e1tor szabv\u00e1nyos t\u00f6lt\u00e9se 0,2 C \u00e1lland\u00f3 \u00e1ram, 54,6 V \u00e1lland\u00f3 fesz\u00fclts\u00e9g \u00e9s 100 mA lekapcsol\u00e1s, gyorst\u00f6lt\u00e9s 0,5 CA \u00e1lland\u00f3 \u00e1rammal, 54,6 V \u00e1lland\u00f3 fesz\u00fclts\u00e9ggel \u00e9s 100 mA lekapcsol\u00e1ssal.<br \/>\nAz akkumul\u00e1tor norm\u00e1l kis\u00fcl\u00e9se 0,2 C \u00e1lland\u00f3, v\u00e9gfesz\u00fclts\u00e9ge 36,4 V, \u00e9s k\u00e9pes kezelni a 20 A-es folyamatos kis\u00fcl\u00e9si \u00e1ramot vagy egyedi \u00e9rt\u00e9k\u0171. A kis\u00fcl\u00e9si \u00e1ram cs\u00facs\u00e9rt\u00e9ke 60A vagy egy egyedi \u00e9rt\u00e9k. Az akkumul\u00e1tor \u00e9lettartama k\u00f6r\u00fclbel\u00fcl 500-szor egy DOD80% eset\u00e9n, \u00e9s BMS-funkci\u00f3kkal rendelkezik, bele\u00e9rtve a t\u00fal\u00e1ram elleni v\u00e9delmet, a t\u00falt\u00f6lt\u00e9s elleni v\u00e9delmet, a t\u00falt\u00f6lt\u00e9s elleni v\u00e9delmet, a r\u00f6vidz\u00e1rlat elleni v\u00e9delmet \u00e9s az egyens\u00falyt.<br \/>\nAz akkumul\u00e1tor -10-40 \u2103 h\u0151m\u00e9rs\u00e9klet-tartom\u00e1nyban, 45-75% relat\u00edv p\u00e1ratartalom \u00e9s 86-106 KPa nyom\u00e1s k\u00f6z\u00f6tt t\u00e1rolhat\u00f3. \u00d6sszess\u00e9g\u00e9ben a 36 V-os 7Ah-s 252 Wh-s Downtube mini vizespalackos eBike akkumul\u00e1tor megb\u00edzhat\u00f3 \u00e9s nagy teljes\u00edtm\u00e9ny\u0171 opci\u00f3 az e-bike rajong\u00f3k sz\u00e1m\u00e1ra.<\/p>","protected":false},"featured_media":494,"template":"","meta":{"_kad_post_transparent":"default","_kad_post_title":"","_kad_post_layout":"default","_kad_post_sidebar_id":"","_kad_post_content_style":"default","_kad_post_vertical_padding":"default","_kad_post_feature":"","_kad_post_feature_position":"","_kad_post_header":false,"_kad_post_footer":false},"product_cat":[19,21],"product_tag":[302,304,303,294,300,299,301],"class_list":["post-493","product","type-product","status-publish","has-post-thumbnail","hentry","product_cat-custom-ebike-battery","product_cat-down-tube-ebike-battery","product_tag-bottle-battery-ebike","product_tag-downtube-ebike-battery","product_tag-micro-bottle-ebike-battery","product_tag-mini-bottle-ebike-battery","product_tag-mini-water-bottle-ebike-battery","product_tag-protable-water-bottle-battery","product_tag-water-bottle-ebike-battery","entry","content-bg","loop-entry"],"_links":{"self":[{"href":"https:\/\/bybatt.com\/hu\/wp-json\/wp\/v2\/product\/493","targetHints":{"allow":["GET"]}}],"collection":[{"href":"https:\/\/bybatt.com\/hu\/wp-json\/wp\/v2\/product"}],"about":[{"href":"https:\/\/bybatt.com\/hu\/wp-json\/wp\/v2\/types\/product"}],"wp:featuredmedia":[{"embeddable":true,"href":"https:\/\/bybatt.com\/hu\/wp-json\/wp\/v2\/media\/494"}],"wp:attachment":[{"href":"https:\/\/bybatt.com\/hu\/wp-json\/wp\/v2\/media?parent=493"}],"wp:term":[{"taxonomy":"product_cat","embeddable":true,"href":"https:\/\/bybatt.com\/hu\/wp-json\/wp\/v2\/product_cat?post=493"},{"taxonomy":"product_tag","embeddable":true,"href":"https:\/\/bybatt.com\/hu\/wp-json\/wp\/v2\/product_tag?post=493"}],"curies":[{"name":"wp","href":"https:\/\/api.w.org\/{rel}","templated":true}]}}