{"id":500,"date":"2023-02-19T14:42:35","date_gmt":"2023-02-19T14:42:35","guid":{"rendered":"https:\/\/bybatt.com\/?post_type=product&#038;p=500"},"modified":"2023-02-19T15:00:42","modified_gmt":"2023-02-19T15:00:42","slug":"rechargeable-lithium-ion-seatpost-electric-bicycle-battery","status":"publish","type":"product","link":"https:\/\/bybatt.com\/hu\/termek\/rechargeable-lithium-ion-seatpost-electric-bicycle-battery\/","title":{"rendered":"\u00dajrat\u00f6lthet\u0151 l\u00edtium-ion nyeregcs\u0151 elektromos ker\u00e9kp\u00e1r akkumul\u00e1tor"},"content":{"rendered":"","protected":false},"excerpt":{"rendered":"<p>Az \u00fajrat\u00f6lthet\u0151 l\u00edtium-ion \u00fcl\u00e9soszlop elektromos ker\u00e9kp\u00e1r akkumul\u00e1tor kiv\u00e1l\u00f3 min\u0151s\u00e9g\u0171, megb\u00edzhat\u00f3 \u00e9s hossz\u00fa \u00e9lettartam\u00fa \u00e1ramforr\u00e1s elektromos ker\u00e9kp\u00e1rokhoz. 100% \u00faj cell\u00e1kkal \u00e9s m\u0171anyag k\u00fcls\u0151 h\u00e1zzal rendelkezik. Az akkumul\u00e1tor k\u00e9tf\u00e9le n\u00e9vleges fesz\u00fclts\u00e9gben kaphat\u00f3, 36V vagy 48V, 10-21Ah n\u00e9vleges kapacit\u00e1ssal, a v\u00e1lasztott opci\u00f3t\u00f3l f\u00fcgg\u0151en.<br \/>\nAz akkumul\u00e1tort \u00fagy tervezt\u00e9k, hogy szabv\u00e1nyos t\u00f6lt\u00e9si m\u00f3dszerrel t\u00f6lts\u00e9k, amely 0,2 C \u00e1lland\u00f3 \u00e1ramot \u00e9s 54,6 V \u00e1lland\u00f3 fesz\u00fclts\u00e9get foglal mag\u00e1ban, 100 mA lekapcsol\u00e1s mellett. Gyors t\u00f6lt\u00e9si m\u00f3dszerrel is gyorsan t\u00f6lthet\u0151, amely 0,5 CA \u00e1lland\u00f3 \u00e1ramer\u0151ss\u00e9get \u00e9s 54,6 V \u00e1lland\u00f3 fesz\u00fclts\u00e9get foglal mag\u00e1ban, 100 mA-es lekapcsol\u00e1s mellett.<br \/>\nAz akkumul\u00e1tor norm\u00e1l kis\u00fcl\u00e9si sebess\u00e9ge 0,2 C, v\u00e9gfesz\u00fclts\u00e9ge 36,4 V. S\u00falya k\u00f6r\u00fclbel\u00fcl 3,5 kg\/4,5 kg, a v\u00e1lasztott kapacit\u00e1st\u00f3l f\u00fcgg\u0151en. Az akkumul\u00e1tor 20A folyamatos kis\u00fcl\u00e9si \u00e1ramot biztos\u00edthat, vagy testreszabhat\u00f3, hogy megfeleljen az egyedi ig\u00e9nyeknek. 60A-es cs\u00facskis\u00fcl\u00e9si \u00e1ramot is biztos\u00edthat, vagy egyedi ig\u00e9nyek szerint testreszabhat\u00f3.<br \/>\nAz akkumul\u00e1tor \u00e9lettartama 500-szor a DOD80%-vel, \u00e9s fel van szerelve egy BMS funkci\u00f3val, amely t\u00fal\u00e1ram-, t\u00fal-kis\u00fcl\u00e9s-, t\u00falt\u00f6lt\u00e9s-, r\u00f6vidz\u00e1r-v\u00e9delmet \u00e9s egyens\u00falyt biztos\u00edt. -10-40 \u2103 h\u0151m\u00e9rs\u00e9klet-tartom\u00e1nyban, 45-75% relat\u00edv p\u00e1ratartalom \u00e9s 86-106 KPa nyom\u00e1s k\u00f6z\u00f6tt t\u00e1rolhat\u00f3. \u00d6sszess\u00e9g\u00e9ben az \u00fajrat\u00f6lthet\u0151 l\u00edtium-ion \u00fcl\u00e9soszlop elektromos ker\u00e9kp\u00e1r akkumul\u00e1tor kiv\u00e1l\u00f3 min\u0151s\u00e9g\u0171 \u00e9s tart\u00f3s \u00e1ramforr\u00e1s elektromos ker\u00e9kp\u00e1rokhoz.<\/p>","protected":false},"featured_media":501,"template":"","meta":{"_kad_post_transparent":"default","_kad_post_title":"","_kad_post_layout":"default","_kad_post_sidebar_id":"","_kad_post_content_style":"default","_kad_post_vertical_padding":"default","_kad_post_feature":"","_kad_post_feature_position":"","_kad_post_header":false,"_kad_post_footer":false},"product_cat":[19,21],"product_tag":[307,306,262,43,308,309,305],"class_list":["post-500","product","type-product","status-publish","has-post-thumbnail","hentry","product_cat-custom-ebike-battery","product_cat-down-tube-ebike-battery","product_tag-36v-13ah-ebike-battery","product_tag-e-bike-phylion-battery","product_tag-e-bike-seat-post-battery","product_tag-ebike-battery","product_tag-rechargeable-electric-battery","product_tag-seat-post-battery","product_tag-seatpost-electric-bicycle-battery","entry","content-bg","loop-entry"],"_links":{"self":[{"href":"https:\/\/bybatt.com\/hu\/wp-json\/wp\/v2\/product\/500","targetHints":{"allow":["GET"]}}],"collection":[{"href":"https:\/\/bybatt.com\/hu\/wp-json\/wp\/v2\/product"}],"about":[{"href":"https:\/\/bybatt.com\/hu\/wp-json\/wp\/v2\/types\/product"}],"wp:featuredmedia":[{"embeddable":true,"href":"https:\/\/bybatt.com\/hu\/wp-json\/wp\/v2\/media\/501"}],"wp:attachment":[{"href":"https:\/\/bybatt.com\/hu\/wp-json\/wp\/v2\/media?parent=500"}],"wp:term":[{"taxonomy":"product_cat","embeddable":true,"href":"https:\/\/bybatt.com\/hu\/wp-json\/wp\/v2\/product_cat?post=500"},{"taxonomy":"product_tag","embeddable":true,"href":"https:\/\/bybatt.com\/hu\/wp-json\/wp\/v2\/product_tag?post=500"}],"curies":[{"name":"wp","href":"https:\/\/api.w.org\/{rel}","templated":true}]}}