{"id":507,"date":"2023-02-19T15:01:23","date_gmt":"2023-02-19T15:01:23","guid":{"rendered":"https:\/\/bybatt.com\/?post_type=product&#038;p=507"},"modified":"2023-02-19T15:10:49","modified_gmt":"2023-02-19T15:10:49","slug":"24v-10ah-lithium-little-frog-style-battery-for-e-bike","status":"publish","type":"product","link":"https:\/\/bybatt.com\/hu\/termek\/24v-10ah-lithium-little-frog-style-battery-for-e-bike\/","title":{"rendered":"24V 10Ah Lithium Little Frog st\u00edlus\u00fa akkumul\u00e1tor E-Bike-hoz"},"content":{"rendered":"","protected":false},"excerpt":{"rendered":"<p>A 24 V-os, 10 Ah-s Lithium Little Frog Style akkumul\u00e1tor egy kiv\u00e1l\u00f3 min\u0151s\u00e9g\u0171 akkumul\u00e1tor, amelyet elektromos ker\u00e9kp\u00e1rokhoz terveztek. Az akkumul\u00e1tor 100% \u00faj cell\u00e1t haszn\u00e1l, \u00e9s LiNiCoMno2 k\u00e9miai tulajdons\u00e1gokkal rendelkezik. K\u00fcl\u00f6nf\u00e9le fesz\u00fclts\u00e9g- \u00e9s kapacit\u00e1sopci\u00f3kban kaphat\u00f3, bele\u00e9rtve a 36 V-ot \u00e9s a 48 V-ot, 10,4 \u00e9s 14 oh k\u00f6z\u00f6tti n\u00e9vleges kapacit\u00e1ssal. A k\u00fcls\u0151 tok EEL tokanyagb\u00f3l k\u00e9sz\u00fclt, \u00edgy tart\u00f3s \u00e9s s\u00e9r\u00fcl\u00e9s\u00e1ll\u00f3.<br \/>\nAz akkumul\u00e1tor norm\u00e1l t\u00f6lt\u00e9si m\u00f3dszerrel t\u00f6lthet\u0151 0,2C \u00e1lland\u00f3 \u00e1ramer\u0151ss\u00e9ggel \u00e9s 54,6V \u00e1lland\u00f3 fesz\u00fclts\u00e9ggel, 100mA-es lekapcsol\u00e1s mellett. Gyorsan t\u00f6lthet\u0151 0,5 CA \u00e1lland\u00f3 \u00e1rammal, 54,6 V \u00e1lland\u00f3 fesz\u00fclts\u00e9ggel \u00e9s 100 mA lekapcsol\u00e1ssal. A szabv\u00e1nyos kis\u00fct\u00e9si m\u00f3dszer 0,2 C \u00e1lland\u00f3 \u00e1ramot \u00e9s 30 V v\u00e9gfesz\u00fclts\u00e9get haszn\u00e1l.<br \/>\nAz akkumul\u00e1tor \u00e9lettartama 500-szor a DOD80%-vel, ami azt jelenti, hogy ak\u00e1r 500-szor is \u00fajrat\u00f6lthet\u0151 \u00e9s kis\u00fcthet\u0151 80% kis\u00fct\u00e9si m\u00e9lys\u00e9ggel. A folyamatos kis\u00fcl\u00e9si \u00e1ram 10A vagy testreszabhat\u00f3, a cs\u00facskis\u00fcl\u00e9si \u00e1ram pedig 30A, vagy testreszabhat\u00f3 az egyedi k\u00f6vetelm\u00e9nyeknek megfelel\u0151en. Az akkumul\u00e1tor BMS funkci\u00f3kat is tartalmaz, bele\u00e9rtve a t\u00fal\u00e1ram elleni v\u00e9delmet, a t\u00falfesz\u00fclts\u00e9g elleni v\u00e9delmet, a t\u00falt\u00f6lt\u00e9s elleni v\u00e9delmet, a r\u00f6vidz\u00e1rlat elleni v\u00e9delmet \u00e9s az egyens\u00falyt.<br \/>\nAz akkumul\u00e1tor t\u00e1rol\u00e1si h\u0151m\u00e9rs\u00e9klete -10-40 \u2103, relat\u00edv p\u00e1ratartalom 45-75% \u00e9s nyom\u00e1s 86-106 KPa. Az akkumul\u00e1tor k\u00f6r\u00fclbel\u00fcl 3,5 kg\/4,5 kg t\u00f6meg\u0171, az adott modellt\u0151l f\u00fcgg\u0151en. Ez az akkumul\u00e1tor megb\u00edzhat\u00f3 \u00e9s hat\u00e9kony v\u00e1laszt\u00e1s mindazok sz\u00e1m\u00e1ra, akik kiv\u00e1l\u00f3 min\u0151s\u00e9g\u0171 l\u00edtium-ion akkumul\u00e1torral szeretn\u00e9k e-biciklij\u00fcket \u00fczemeltetni.<\/p>","protected":false},"featured_media":508,"template":"","meta":{"_kad_post_transparent":"default","_kad_post_title":"","_kad_post_layout":"default","_kad_post_sidebar_id":"","_kad_post_content_style":"default","_kad_post_vertical_padding":"default","_kad_post_feature":"","_kad_post_feature_position":"","_kad_post_header":false,"_kad_post_footer":false},"product_cat":[19,21],"product_tag":[262,43,313,311,267,310,312],"class_list":["post-507","product","type-product","status-publish","has-post-thumbnail","hentry","product_cat-custom-ebike-battery","product_cat-down-tube-ebike-battery","product_tag-e-bike-seat-post-battery","product_tag-ebike-battery","product_tag-ebike-frog-battery","product_tag-frog-battery","product_tag-frog-ebike-battery","product_tag-frog-style-battery","product_tag-little-frog-battery-pack","entry","content-bg","loop-entry"],"_links":{"self":[{"href":"https:\/\/bybatt.com\/hu\/wp-json\/wp\/v2\/product\/507","targetHints":{"allow":["GET"]}}],"collection":[{"href":"https:\/\/bybatt.com\/hu\/wp-json\/wp\/v2\/product"}],"about":[{"href":"https:\/\/bybatt.com\/hu\/wp-json\/wp\/v2\/types\/product"}],"wp:featuredmedia":[{"embeddable":true,"href":"https:\/\/bybatt.com\/hu\/wp-json\/wp\/v2\/media\/508"}],"wp:attachment":[{"href":"https:\/\/bybatt.com\/hu\/wp-json\/wp\/v2\/media?parent=507"}],"wp:term":[{"taxonomy":"product_cat","embeddable":true,"href":"https:\/\/bybatt.com\/hu\/wp-json\/wp\/v2\/product_cat?post=507"},{"taxonomy":"product_tag","embeddable":true,"href":"https:\/\/bybatt.com\/hu\/wp-json\/wp\/v2\/product_tag?post=507"}],"curies":[{"name":"wp","href":"https:\/\/api.w.org\/{rel}","templated":true}]}}