{"id":514,"date":"2023-02-19T15:13:45","date_gmt":"2023-02-19T15:13:45","guid":{"rendered":"https:\/\/bybatt.com\/?post_type=product&#038;p=514"},"modified":"2023-02-19T15:22:48","modified_gmt":"2023-02-19T15:22:48","slug":"48v-downtube-reention-eel-inner-frame-electric-bike-battery","status":"publish","type":"product","link":"https:\/\/bybatt.com\/hu\/termek\/48v-downtube-reention-eel-inner-frame-electric-bike-battery\/","title":{"rendered":"48V Downtube Reention EEL bels\u0151 v\u00e1z elektromos ker\u00e9kp\u00e1r akkumul\u00e1tor"},"content":{"rendered":"","protected":false},"excerpt":{"rendered":"<p>A 48 V-os Downtube Reention EEL Inner Frame Electric Bike Battery egy kiv\u00e1l\u00f3 min\u0151s\u00e9g\u0171, \u00fajrat\u00f6lthet\u0151 akkumul\u00e1tor, amelyet elektromos ker\u00e9kp\u00e1rokhoz terveztek. 100% \u00faj sejt felhaszn\u00e1l\u00e1s\u00e1val k\u00e9sz\u00fclt, \u00e9s LiNiCoMno2 k\u00e9miai \u00f6sszet\u00e9tel\u0171. Az akkumul\u00e1tor strapab\u00edr\u00f3 EEL tokban \u00e9rkezik, \u00e9s t\u00f6bbf\u00e9le n\u00e9vleges kapacit\u00e1ssal kaphat\u00f3, k\u00f6zt\u00fck 10,4ah, 11,6ah, 13ah, 13,6ah \u00e9s 14ah.<br \/>\nAz akkumul\u00e1tor t\u00f6lt\u00e9s\u00e9hez szabv\u00e1nyos t\u00f6lt\u00e9st haszn\u00e1lnak, amely 0,2 C \u00e1lland\u00f3 \u00e1ramot \u00e9s 54,6 V \u00e1lland\u00f3 fesz\u00fclts\u00e9get foglal mag\u00e1ban, 100 mA-es lekapcsol\u00e1s mellett. Az akkumul\u00e1tor gyorst\u00f6lthet\u0151 0,5 CA \u00e1lland\u00f3 \u00e1rammal \u00e9s 54,6 V \u00e1lland\u00f3 fesz\u00fclts\u00e9ggel, 100 mA-es lekapcsol\u00e1s mellett.<br \/>\nAz akkumul\u00e1tor 10A folyamatos kis\u00fcl\u00e9si \u00e1rammal rendelkezik, vagy egyedi ig\u00e9nyek szerint testreszabhat\u00f3. 30A-es cs\u00facskis\u00fcl\u00e9si \u00e1rammal is rendelkezik, vagy egyedi ig\u00e9nyek szerint testreszabhat\u00f3. Az akkumul\u00e1tort \u00fagy tervezt\u00e9k, hogy a DOD80%-vel ak\u00e1r 500-szor is megforduljon, \u00e9s olyan BMS funkci\u00f3val rendelkezik, amely mag\u00e1ban foglalja a t\u00fal\u00e1ram elleni v\u00e9delmet, a t\u00falfesz\u00fclts\u00e9g elleni v\u00e9delmet, a t\u00falt\u00f6lt\u00e9s elleni v\u00e9delmet, a r\u00f6vidz\u00e1rlat elleni v\u00e9delmet \u00e9s az egyens\u00falyt.<br \/>\nAz akkumul\u00e1tort \u00fagy tervezt\u00e9k, hogy -10-40 \u2103 h\u0151m\u00e9rs\u00e9klet-tartom\u00e1nyban, 45-75% relat\u00edv p\u00e1ratartalom \u00e9s 86-106 KPa nyom\u00e1s k\u00f6z\u00f6tt m\u0171k\u00f6dj\u00f6n. K\u00f6r\u00fclbel\u00fcl 3,5 kg\/4,5 kg s\u00faly\u00fa, \u00e9s kiv\u00e1l\u00f3 v\u00e1laszt\u00e1s az elektromos ker\u00e9kp\u00e1rok szerelmeseinek, akik megb\u00edzhat\u00f3 \u00e9s hat\u00e9kony akkumul\u00e1tort keresnek az utaz\u00e1suk energiaell\u00e1t\u00e1s\u00e1hoz.<\/p>","protected":false},"featured_media":515,"template":"","meta":{"_kad_post_transparent":"default","_kad_post_title":"","_kad_post_layout":"default","_kad_post_sidebar_id":"","_kad_post_content_style":"default","_kad_post_vertical_padding":"default","_kad_post_feature":"","_kad_post_feature_position":"","_kad_post_header":false,"_kad_post_footer":false},"product_cat":[19,23],"product_tag":[317,52,318,315,316,314],"class_list":["post-514","product","type-product","status-publish","has-post-thumbnail","hentry","product_cat-custom-ebike-battery","product_cat-inner-ebike-battery","product_tag-48v-10-4ah-14ah-ebike-batteries","product_tag-battery","product_tag-electric-bike-battery","product_tag-electric-bike-frame-battery-inside","product_tag-frame-electric-bike-battery","product_tag-inner-frame-electric-bike-battery","entry","content-bg","loop-entry"],"_links":{"self":[{"href":"https:\/\/bybatt.com\/hu\/wp-json\/wp\/v2\/product\/514","targetHints":{"allow":["GET"]}}],"collection":[{"href":"https:\/\/bybatt.com\/hu\/wp-json\/wp\/v2\/product"}],"about":[{"href":"https:\/\/bybatt.com\/hu\/wp-json\/wp\/v2\/types\/product"}],"wp:featuredmedia":[{"embeddable":true,"href":"https:\/\/bybatt.com\/hu\/wp-json\/wp\/v2\/media\/515"}],"wp:attachment":[{"href":"https:\/\/bybatt.com\/hu\/wp-json\/wp\/v2\/media?parent=514"}],"wp:term":[{"taxonomy":"product_cat","embeddable":true,"href":"https:\/\/bybatt.com\/hu\/wp-json\/wp\/v2\/product_cat?post=514"},{"taxonomy":"product_tag","embeddable":true,"href":"https:\/\/bybatt.com\/hu\/wp-json\/wp\/v2\/product_tag?post=514"}],"curies":[{"name":"wp","href":"https:\/\/api.w.org\/{rel}","templated":true}]}}