{"id":536,"date":"2023-02-20T01:47:15","date_gmt":"2023-02-20T01:47:15","guid":{"rendered":"https:\/\/bybatt.com\/?post_type=product&#038;p=536"},"modified":"2023-02-20T01:55:19","modified_gmt":"2023-02-20T01:55:19","slug":"48v-14ah-reention-eel-pro-electric-bicycle-lithium-batteries","status":"publish","type":"product","link":"https:\/\/bybatt.com\/hu\/termek\/48v-14ah-reention-eel-pro-electric-bicycle-lithium-batteries\/","title":{"rendered":"48V 14Ah Reention EEL Pro elektromos ker\u00e9kp\u00e1r l\u00edtium akkumul\u00e1torok"},"content":{"rendered":"","protected":false},"excerpt":{"rendered":"<p>A 48V 14Ah Reention EEL Pro elektromos ker\u00e9kp\u00e1r l\u00edtium akkumul\u00e1torok kiv\u00e1l\u00f3 min\u0151s\u00e9g\u0171 akkumul\u00e1torcsomagok, amelyeket kifejezetten elektromos ker\u00e9kp\u00e1rokhoz terveztek. Az akkumul\u00e1torok 100% \u00faj cell\u00e1kb\u00f3l k\u00e9sz\u00fclnek LiNiCoMno2 k\u00e9mi\u00e1val, kiv\u00e1l\u00f3 teljes\u00edtm\u00e9nyt \u00e9s hossz\u00fa \u00e9lettartamot biztos\u00edtva. Az akkumul\u00e1torok k\u00fcl\u00f6nb\u00f6z\u0151 fesz\u00fclts\u00e9g- \u00e9s kapacit\u00e1sbesorol\u00e1sokkal kaphat\u00f3k, bele\u00e9rtve a 36 V-ot \u00e9s a 48 V-ot, 10,4 Ah \u00e9s 14 Ah k\u00f6z\u00f6tti kapacit\u00e1ssal.<br \/>\nAz akkumul\u00e1torok k\u00fcls\u0151 h\u00e1za strapab\u00edr\u00f3 EEL anyagb\u00f3l k\u00e9sz\u00fclt, amely kiv\u00e1l\u00f3 v\u00e9delmet ny\u00fajt az \u00fct\u00e9sek \u00e9s egy\u00e9b s\u00e9r\u00fcl\u00e9sek ellen. Az akkumul\u00e1torokat \u00fagy tervezt\u00e9k, hogy norm\u00e1l 0,2 C \u00e1lland\u00f3 \u00e1rammal \u00e9s 54,6 V \u00e1lland\u00f3 fesz\u00fclts\u00e9ggel t\u00f6lts\u00e9k \u0151ket, 100 mA-es lekapcsol\u00e1s mellett. A gyorst\u00f6lt\u00e9s 0,5 CA \u00e1lland\u00f3 \u00e1ramer\u0151ss\u00e9ggel \u00e9s azonos \u00e1lland\u00f3 fesz\u00fclts\u00e9ggel \u00e9s lekapcsol\u00e1ssal is lehets\u00e9ges.<br \/>\nAz akkumul\u00e1torok 0,2 C \u00e1lland\u00f3 \u00e1rammal kis\u00fcthet\u0151k, am\u00edg a v\u00e9gfesz\u00fclts\u00e9g el nem \u00e9ri a 30 V-ot. Az akkumul\u00e1torok \u00e9lettartama 500-szoros, a kis\u00fcl\u00e9si m\u00e9lys\u00e9g (DOD) 80%. Az akkumul\u00e1torok folyamatos kis\u00fcl\u00e9si \u00e1rama 10A, cs\u00facskis\u00fcl\u00e9si \u00e1ramuk 30A. Az akkumul\u00e1tor-fel\u00fcgyeleti rendszer (BMS) v\u00e9delmet ny\u00fajt a t\u00fal\u00e1ram, a t\u00falkis\u00fcl\u00e9s, a t\u00falt\u00f6lt\u00e9s \u00e9s a r\u00f6vidz\u00e1rlat ellen, valamint biztos\u00edtja a cell\u00e1k kiegyens\u00falyozotts\u00e1g\u00e1t.<br \/>\nAz akkumul\u00e1torok -10 \u2103 \u00e9s 40 \u2103 k\u00f6z\u00f6tti h\u0151m\u00e9rs\u00e9kleten, 45-75% relat\u00edv p\u00e1ratartalom mellett 86-106 KPa nyom\u00e1son t\u00e1rolhat\u00f3k. Ezek az akkumul\u00e1torok nagyszer\u0171 v\u00e1laszt\u00e1st jelentenek mindazok sz\u00e1m\u00e1ra, akik szeretn\u00e9k friss\u00edteni vagy cser\u00e9lni az akkumul\u00e1tort elektromos ker\u00e9kp\u00e1rjukon, megb\u00edzhat\u00f3 \u00e9s nagy teljes\u00edtm\u00e9ny\u0171 energi\u00e1t biztos\u00edtva az utaz\u00e1shoz.<\/p>","protected":false},"featured_media":537,"template":"","meta":{"_kad_post_transparent":"default","_kad_post_title":"","_kad_post_layout":"default","_kad_post_sidebar_id":"","_kad_post_content_style":"default","_kad_post_vertical_padding":"default","_kad_post_feature":"","_kad_post_feature_position":"","_kad_post_header":false,"_kad_post_footer":false},"product_cat":[19,23],"product_tag":[322,325,324,323,319,320,321],"class_list":["post-536","product","type-product","status-publish","has-post-thumbnail","hentry","product_cat-custom-ebike-battery","product_cat-inner-ebike-battery","product_tag-48v-14ah-li-ion-electric-bike-battery","product_tag-48v-14ah-reention-eel-battery","product_tag-8-volt-lithium-bike-battery","product_tag-bike-battery-12-8ah","product_tag-electric-bicycle-lithium-batteries","product_tag-reention-eel-pro","product_tag-reention-eel-pro-electric-bicycle-batteries","entry","content-bg","loop-entry"],"_links":{"self":[{"href":"https:\/\/bybatt.com\/hu\/wp-json\/wp\/v2\/product\/536","targetHints":{"allow":["GET"]}}],"collection":[{"href":"https:\/\/bybatt.com\/hu\/wp-json\/wp\/v2\/product"}],"about":[{"href":"https:\/\/bybatt.com\/hu\/wp-json\/wp\/v2\/types\/product"}],"wp:featuredmedia":[{"embeddable":true,"href":"https:\/\/bybatt.com\/hu\/wp-json\/wp\/v2\/media\/537"}],"wp:attachment":[{"href":"https:\/\/bybatt.com\/hu\/wp-json\/wp\/v2\/media?parent=536"}],"wp:term":[{"taxonomy":"product_cat","embeddable":true,"href":"https:\/\/bybatt.com\/hu\/wp-json\/wp\/v2\/product_cat?post=536"},{"taxonomy":"product_tag","embeddable":true,"href":"https:\/\/bybatt.com\/hu\/wp-json\/wp\/v2\/product_tag?post=536"}],"curies":[{"name":"wp","href":"https:\/\/api.w.org\/{rel}","templated":true}]}}