{"id":543,"date":"2023-02-20T01:56:32","date_gmt":"2023-02-20T01:56:32","guid":{"rendered":"https:\/\/bybatt.com\/?post_type=product&#038;p=543"},"modified":"2023-02-20T02:03:31","modified_gmt":"2023-02-20T02:03:31","slug":"36v-24-5ah-reention-kirin-electric-bicycle-battery-pack","status":"publish","type":"product","link":"https:\/\/bybatt.com\/hu\/termek\/36v-24-5ah-reention-kirin-electric-bicycle-battery-pack\/","title":{"rendered":"36 V 24,5 Ah Reention Kirin elektromos ker\u00e9kp\u00e1r akkumul\u00e1tor"},"content":{"rendered":"","protected":false},"excerpt":{"rendered":"<p>A Reention Kirin Electric Bicycle Battery Pack egy kiv\u00e1l\u00f3 min\u0151s\u00e9g\u0171 akkumul\u00e1torcsomag, amelyet elektromos ker\u00e9kp\u00e1rokhoz terveztek. Fesz\u00fclts\u00e9ge 36V, kapacit\u00e1sa 24,5Ah, \u00edgy konfigur\u00e1ci\u00f3t\u00f3l f\u00fcgg\u0151en \u00f6sszesen 696-910Wh teljes\u00edtm\u00e9nyt biztos\u00edt. Az akkumul\u00e1torcsomag 13S5P vagy 14S5P cell\u00e1kb\u00f3l \u00e1ll, amelyek egyenk\u00e9nt 3000-3500 mAh kapacit\u00e1ssal rendelkeznek. Az akkumul\u00e1torkezel\u0151 rendszer (BMS) 30 A n\u00e9vleges fesz\u00fclts\u00e9g\u0171, \u00e9s az akkumul\u00e1tor 2-5 A t\u00f6lt\u0151\u00e1ramot k\u00e9pes kezelni.<br \/>\nAz akkumul\u00e1torcsomagot 48V 250-1000W vagy 48V \u00e9s 52V 250-1000W teljes\u00edtm\u00e9nytartom\u00e1ny\u00fa villanymotorokhoz tervezt\u00e9k. T\u00f6lt\u00e9si h\u0151m\u00e9rs\u00e9klete 0-45\u00b0C, kis\u00fct\u00e9si h\u0151m\u00e9rs\u00e9klete -20-65\u00b0C k\u00f6z\u00f6tt van. Az akkumul\u00e1torcsomag \u00e9lettartama legal\u00e1bb 800 ciklus, kapacit\u00e1smegtart\u00e1si ar\u00e1nya \u226580%.<br \/>\nAz akkumul\u00e1torcsomag s\u00falya 4,5-5 kg, m\u00e9retei pedig 526 mm x 79 mm x 104 mm. Az akkumul\u00e1torcsomagban haszn\u00e1lt \u00f6sszes cella vadonat\u00faj, kiv\u00e1l\u00f3 teljes\u00edtm\u00e9nyt \u00e9s hossz\u00fa \u00e9lettartamot biztos\u00edtva.<\/p>","protected":false},"featured_media":544,"template":"","meta":{"_kad_post_transparent":"default","_kad_post_title":"","_kad_post_layout":"default","_kad_post_sidebar_id":"","_kad_post_content_style":"default","_kad_post_vertical_padding":"default","_kad_post_feature":"","_kad_post_feature_position":"","_kad_post_header":false,"_kad_post_footer":false},"product_cat":[19,23],"product_tag":[330,51,328,326,331,327,329],"class_list":["post-543","product","type-product","status-publish","has-post-thumbnail","hentry","product_cat-custom-ebike-battery","product_cat-inner-ebike-battery","product_tag-21ah-36v","product_tag-battery-electric-bike","product_tag-bosch-ebike-battery-replacement","product_tag-electric-bicycle-battery-pack","product_tag-reention-kirin-battery","product_tag-reention-kirin-ebike-battery","product_tag-reention-kirin-electric-bicycle-battery-pack","entry","content-bg","loop-entry"],"_links":{"self":[{"href":"https:\/\/bybatt.com\/hu\/wp-json\/wp\/v2\/product\/543","targetHints":{"allow":["GET"]}}],"collection":[{"href":"https:\/\/bybatt.com\/hu\/wp-json\/wp\/v2\/product"}],"about":[{"href":"https:\/\/bybatt.com\/hu\/wp-json\/wp\/v2\/types\/product"}],"wp:featuredmedia":[{"embeddable":true,"href":"https:\/\/bybatt.com\/hu\/wp-json\/wp\/v2\/media\/544"}],"wp:attachment":[{"href":"https:\/\/bybatt.com\/hu\/wp-json\/wp\/v2\/media?parent=543"}],"wp:term":[{"taxonomy":"product_cat","embeddable":true,"href":"https:\/\/bybatt.com\/hu\/wp-json\/wp\/v2\/product_cat?post=543"},{"taxonomy":"product_tag","embeddable":true,"href":"https:\/\/bybatt.com\/hu\/wp-json\/wp\/v2\/product_tag?post=543"}],"curies":[{"name":"wp","href":"https:\/\/api.w.org\/{rel}","templated":true}]}}