{"id":550,"date":"2023-02-20T02:15:50","date_gmt":"2023-02-20T02:15:50","guid":{"rendered":"https:\/\/bybatt.com\/?post_type=product&#038;p=550"},"modified":"2023-02-20T02:24:42","modified_gmt":"2023-02-20T02:24:42","slug":"tiger-shark-48v-lithium-ion-downtube-mounted-e-bike-battery","status":"publish","type":"product","link":"https:\/\/bybatt.com\/hu\/termek\/tiger-shark-48v-lithium-ion-downtube-mounted-e-bike-battery\/","title":{"rendered":"Tigrisc\u00e1pa 48V l\u00edtium-ion als\u00f3cs\u0151be szerelhet\u0151 elektromos ker\u00e9kp\u00e1r akkumul\u00e1tor"},"content":{"rendered":"","protected":false},"excerpt":{"rendered":"<p>A Tiger Shark 48V Lithium-ion Downtube szerelt E-Bike Battery egy kiv\u00e1l\u00f3 min\u0151s\u00e9g\u0171 akkumul\u00e1tor, amelyet elektromos ker\u00e9kp\u00e1rokhoz terveztek. Az akkumul\u00e1tor 100% \u00faj cell\u00e1t haszn\u00e1l, \u00e9s h\u00e1rom k\u00fcl\u00f6nb\u00f6z\u0151 fesz\u00fclts\u00e9gopci\u00f3ban kaphat\u00f3: 36V, 48V \u00e9s 52V. Az akkumul\u00e1tor n\u00e9vleges kapacit\u00e1sa 13ah \u00e9s 20,4ah k\u00f6z\u00f6tt van, \u00edgy elegend\u0151 energi\u00e1t biztos\u00edt a hosszabb utaz\u00e1sokhoz.<br \/>\nA Tiger Shark 48 V-os l\u00edtium-ion, cs\u0151be szerelt elektromos ker\u00e9kp\u00e1r akkumul\u00e1torban haszn\u00e1lt akkumul\u00e1torcell\u00e1k 18650 3,7 V-os 2500 mah-s cell\u00e1k. A szabv\u00e1nyos t\u00f6lt\u0151\u00e1ram 2A, de testreszabhat\u00f3, a maxim\u00e1lis kis\u00fcl\u00e9si \u00e1ram pedig 20A, szint\u00e9n testreszabhat\u00f3. Az akkumul\u00e1tor \u00e9lettartama t\u00f6bb mint 1000-szeres, \u00edgy ez egy hossz\u00fa \u00e9lettartam\u00fa \u00e9s k\u00f6lts\u00e9ghat\u00e9kony opci\u00f3.<br \/>\nA Tiger Shark 48V l\u00edtium-ion, cs\u0151be szerelhet\u0151 elektromos ker\u00e9kp\u00e1r akkumul\u00e1tor hat k\u00fcl\u00f6nb\u00f6z\u0151 m\u00e9retben kaphat\u00f3, mindegyik egyedi cellakonfigur\u00e1ci\u00f3val. Az akkumul\u00e1tor als\u00f3 cs\u0151be van szerelve, ami lehet\u0151v\u00e9 teszi, hogy a legt\u00f6bb e-ker\u00e9kp\u00e1rra k\u00f6nnyen felszerelhet\u0151. Az akkumul\u00e1tor s\u00falya k\u00f6r\u00fclbel\u00fcl 5 kg, \u00edgy viszonylag k\u00f6nny\u0171 v\u00e1laszt\u00e1s.<br \/>\nAz akkumul\u00e1tor k\u00fcl\u00f6nf\u00e9le v\u00e9delmi mechanizmusokkal rendelkezik, bele\u00e9rtve a t\u00falt\u00f6lt\u00e9s elleni v\u00e9delmet, a t\u00falfesz\u00fclts\u00e9g elleni v\u00e9delmet, a t\u00fal\u00e1ram elleni v\u00e9delmet, a r\u00f6vidz\u00e1rlat elleni v\u00e9delmet \u00e9s m\u00e9g sok m\u00e1st. A t\u00f6lt\u00e9si h\u0151m\u00e9rs\u00e9klet tartom\u00e1nya 045\u00b0C, a kis\u00fct\u00e9si h\u0151m\u00e9rs\u00e9klet pedig -2060\u00b0C. A t\u00e1rol\u00e1si h\u0151m\u00e9rs\u00e9klet 20-35\u00b0C, \u00edgy az akkumul\u00e1tor biztons\u00e1gosan \u00e9s hat\u00e9konyan t\u00e1rolhat\u00f3.<br \/>\n\u00d6sszess\u00e9g\u00e9ben elmondhat\u00f3, hogy a Tiger Shark 48 V-os l\u00edtium-ion, cs\u0151be szerelt elektromos ker\u00e9kp\u00e1r akkumul\u00e1tor kiv\u00e1l\u00f3 min\u0151s\u00e9g\u0171, hossz\u00fa \u00e9lettartam\u00fa \u00e9s megb\u00edzhat\u00f3 v\u00e1laszt\u00e1s mindenki sz\u00e1m\u00e1ra, aki elektromos ker\u00e9kp\u00e1rj\u00e1t szeretn\u00e9 t\u00e1pl\u00e1lni.<\/p>","protected":false},"featured_media":551,"template":"","meta":{"_kad_post_transparent":"default","_kad_post_title":"","_kad_post_layout":"default","_kad_post_sidebar_id":"","_kad_post_content_style":"default","_kad_post_vertical_padding":"default","_kad_post_feature":"","_kad_post_feature_position":"","_kad_post_header":false,"_kad_post_footer":false},"product_cat":[19,21],"product_tag":[335,336,304,332,43,333,334,337],"class_list":["post-550","product","type-product","status-publish","has-post-thumbnail","hentry","product_cat-custom-ebike-battery","product_cat-down-tube-ebike-battery","product_tag-bosch-ebike-battery","product_tag-downtube-battery","product_tag-downtube-ebike-battery","product_tag-downtube-mounted-e-bike-battery","product_tag-ebike-battery","product_tag-ebike-battery-parts","product_tag-tiger-shark-48v10ah","product_tag-tiger-shark-ebike-battery","entry","content-bg","loop-entry"],"_links":{"self":[{"href":"https:\/\/bybatt.com\/hu\/wp-json\/wp\/v2\/product\/550","targetHints":{"allow":["GET"]}}],"collection":[{"href":"https:\/\/bybatt.com\/hu\/wp-json\/wp\/v2\/product"}],"about":[{"href":"https:\/\/bybatt.com\/hu\/wp-json\/wp\/v2\/types\/product"}],"wp:featuredmedia":[{"embeddable":true,"href":"https:\/\/bybatt.com\/hu\/wp-json\/wp\/v2\/media\/551"}],"wp:attachment":[{"href":"https:\/\/bybatt.com\/hu\/wp-json\/wp\/v2\/media?parent=550"}],"wp:term":[{"taxonomy":"product_cat","embeddable":true,"href":"https:\/\/bybatt.com\/hu\/wp-json\/wp\/v2\/product_cat?post=550"},{"taxonomy":"product_tag","embeddable":true,"href":"https:\/\/bybatt.com\/hu\/wp-json\/wp\/v2\/product_tag?post=550"}],"curies":[{"name":"wp","href":"https:\/\/api.w.org\/{rel}","templated":true}]}}